{"id":775,"date":"2018-05-05T21:02:34","date_gmt":"2018-05-05T19:02:34","guid":{"rendered":"http:\/\/www.realschule-altenwalde.de\/wordpress\/?page_id=775"},"modified":"2019-05-07T17:11:51","modified_gmt":"2019-05-07T15:11:51","slug":"willkommen","status":"publish","type":"page","link":"https:\/\/www.realschule-altenwalde.de\/wordpress\/willkommen\/","title":{"rendered":"\ud83c\udf1f Willkommen"},"content":{"rendered":"<h3 style=\"padding-left: 30px;\">Herzlich Willkommen<\/h3>\n<p style=\"padding-left: 30px;\"><img loading=\"lazy\" class=\"alignleft size-medium wp-image-777\" src=\"http:\/\/www.realschule-altenwalde.de\/wordpress\/wp-content\/uploads\/2018\/05\/IMG_2072-300x225.jpg\" alt=\"\" width=\"300\" height=\"225\" srcset=\"https:\/\/www.realschule-altenwalde.de\/wordpress\/wp-content\/uploads\/2018\/05\/IMG_2072-300x225.jpg 300w, https:\/\/www.realschule-altenwalde.de\/wordpress\/wp-content\/uploads\/2018\/05\/IMG_2072-768x576.jpg 768w, https:\/\/www.realschule-altenwalde.de\/wordpress\/wp-content\/uploads\/2018\/05\/IMG_2072-1024x768.jpg 1024w, https:\/\/www.realschule-altenwalde.de\/wordpress\/wp-content\/uploads\/2018\/05\/IMG_2072-100x75.jpg 100w\" sizes=\"(max-width: 300px) 100vw, 300px\" \/>auf der Homepage der Geschwister-Scholl-Schule Altenwalde! Auf den folgenden Seiten m\u00f6chten wir uns und unsere Schule kurz vorstellen und Ihnen einen Einblick in unsere Arbeit geben. Nutzen Sie zum Navigieren einfach das Hauptmen\u00fc oben. Auf der <a href=\"\/wordpress\">Startseite<\/a> finden Sie jeweils aktuelle Informationen, die die Schule betreffen.<\/p>\n<p style=\"padding-left: 30px;\">\u00dcber an der Schule t\u00e4tige Gremien, laufende Projekte, Arbeitsgemeinschaften etc. und sonstige Aktionen k\u00f6nnen Sie sich auf den Unterseiten unter <a href=\"http:\/\/www.realschule-altenwalde.de\/wordpress\/unsere-schule\/\">Unsere Schule<\/a> informieren.<\/p>\n<p style=\"padding-left: 30px;\">Alle wichtigen <a href=\"http:\/\/www.realschule-altenwalde.de\/wordpress\/termine\/\">Termine<\/a>, die das Schulleben betreffen, finden Sie <a href=\"http:\/\/www.realschule-altenwalde.de\/wordpress\/termine\/\">hier<\/a> oder wenn Sie den Link rechts im Kasten anklicken. Im <a href=\"http:\/\/www.realschule-altenwalde.de\/wordpress\/downloads\/\">Download<\/a>-Bereich finden Sie verschiedene Formulare und Infobl\u00e4tter zum Herunterladen und Ausdrucken.<\/p>\n<p style=\"padding-left: 30px;\">Sollten Sie noch Informationen vermissen oder Schwierigkeiten mit der Seite haben, melden Sie sich gerne per Mail unter <em>merkel[at]altenwalder-schule.de<\/em>.<\/p>\n<p style=\"padding-left: 30px;\">Viel Spa\u00df beim Durchst\u00f6bern der Seiten w\u00fcnscht<\/p>\n<p>&nbsp;<\/p>\n<p style=\"padding-left: 30px;\">Das <a href=\"http:\/\/www.realschule-altenwalde.de\/wordpress\/kollegium\/\">Kollegium<\/a> der Geschwister-Scholl-Schule Altenwalde.<\/p>\n","protected":false},"excerpt":{"rendered":"<p>Herzlich Willkommen auf der Homepage der Geschwister-Scholl-Schule Altenwalde! Auf den folgenden Seiten m\u00f6chten wir uns und unsere Schule kurz vorstellen und Ihnen einen Einblick in unsere Arbeit geben. Nutzen Sie zum Navigieren einfach das Hauptmen\u00fc oben. Auf der Startseite finden Sie jeweils aktuelle Informationen, die die Schule betreffen. \u00dcber an der Schule t\u00e4tige Gremien, laufende &hellip; <\/p>\n<p><a class=\"more-link btn\" href=\"https:\/\/www.realschule-altenwalde.de\/wordpress\/willkommen\/\">Weiterlesen<\/a><\/p>\n","protected":false},"author":1,"featured_media":0,"parent":0,"menu_order":0,"comment_status":"closed","ping_status":"closed","template":"","meta":{"ngg_post_thumbnail":0},"_links":{"self":[{"href":"https:\/\/www.realschule-altenwalde.de\/wordpress\/wp-json\/wp\/v2\/pages\/775"}],"collection":[{"href":"https:\/\/www.realschule-altenwalde.de\/wordpress\/wp-json\/wp\/v2\/pages"}],"about":[{"href":"https:\/\/www.realschule-altenwalde.de\/wordpress\/wp-json\/wp\/v2\/types\/page"}],"author":[{"embeddable":true,"href":"https:\/\/www.realschule-altenwalde.de\/wordpress\/wp-json\/wp\/v2\/users\/1"}],"replies":[{"embeddable":true,"href":"https:\/\/www.realschule-altenwalde.de\/wordpress\/wp-json\/wp\/v2\/comments?post=775"}],"version-history":[{"count":12,"href":"https:\/\/www.realschule-altenwalde.de\/wordpress\/wp-json\/wp\/v2\/pages\/775\/revisions"}],"predecessor-version":[{"id":1653,"href":"https:\/\/www.realschule-altenwalde.de\/wordpress\/wp-json\/wp\/v2\/pages\/775\/revisions\/1653"}],"wp:attachment":[{"href":"https:\/\/www.realschule-altenwalde.de\/wordpress\/wp-json\/wp\/v2\/media?parent=775"}],"curies":[{"name":"wp","href":"https:\/\/api.w.org\/{rel}","templated":true}]}}