{"id":705,"date":"2018-05-02T21:33:50","date_gmt":"2018-05-02T19:33:50","guid":{"rendered":"http:\/\/www.realschule-altenwalde.de\/wordpress\/?page_id=705"},"modified":"2025-11-05T22:10:52","modified_gmt":"2025-11-05T21:10:52","slug":"mensa","status":"publish","type":"page","link":"https:\/\/www.realschule-altenwalde.de\/wordpress\/mensa\/","title":{"rendered":"\ud83c\udf7d Mensa"},"content":{"rendered":"<p style=\"padding-left: 30px;\"><img loading=\"lazy\" class=\"alignleft wp-image-1053 size-medium\" src=\"http:\/\/www.realschule-altenwalde.de\/wordpress\/wp-content\/uploads\/2018\/05\/Mensa2-300x225.jpg\" alt=\"\" width=\"300\" height=\"225\" srcset=\"https:\/\/www.realschule-altenwalde.de\/wordpress\/wp-content\/uploads\/2018\/05\/Mensa2-300x225.jpg 300w, https:\/\/www.realschule-altenwalde.de\/wordpress\/wp-content\/uploads\/2018\/05\/Mensa2-768x576.jpg 768w, https:\/\/www.realschule-altenwalde.de\/wordpress\/wp-content\/uploads\/2018\/05\/Mensa2-1024x768.jpg 1024w, https:\/\/www.realschule-altenwalde.de\/wordpress\/wp-content\/uploads\/2018\/05\/Mensa2-100x75.jpg 100w\" sizes=\"(max-width: 300px) 100vw, 300px\" \/>Unsere Mensa bietet dienstags bis donnerstags eine warme Mittagsmahlzeit f\u00fcr die Sch\u00fclerinnen und Sch\u00fcler an, die im Rahmen des Ganztagsschulbetriebs betreut werden.&nbsp;<\/p>\n<p style=\"padding-left: 30px;\">Um am Mittagessen teilnehmen zu k\u00f6nnen, m\u00fcssen Sie ihr Kind \u00fcber die Online-Registrierung anmelden. Dazu erhalten Sie im Sekretariat oder im <a href=\"http:\/\/www.realschule-altenwalde.de\/wordpress\/downloads\/\">Download<\/a>-Bereich ein <a href=\"https:\/\/www.realschule-altenwalde.de\/wordpress\/wp-content\/uploads\/2025\/11\/Mensaflyer-Stand-08-2025.pdf\" target=\"_blank\" rel=\"noopener\">Anmeldeformular<\/a> mit allen wichtigen Daten und Informationen.<\/p>\n<p style=\"padding-left: 30px;\">Wenn Sie f\u00fcr Ihr Kind Essen bestellen oder auch wieder abbestellen m\u00f6chten, m\u00fcssen Sie dies bis sp\u00e4testens 9.00 Uhr getan haben.<\/p>\n<h3 style=\"padding-left: 30px; text-align: center;\"><strong>\ud83c\udf74&nbsp;<a href=\"https:\/\/login.mensaonline.de\/login.aspx\" target=\"_blank\" rel=\"noopener\">Hier geht es zur Essensbestellung<\/a>&nbsp;\ud83c\udf4e\ud83c\udf57<\/strong><\/h3>\n<p>&nbsp;<\/p>\n","protected":false},"excerpt":{"rendered":"<p>Unsere Mensa bietet dienstags bis donnerstags eine warme Mittagsmahlzeit f\u00fcr die Sch\u00fclerinnen und Sch\u00fcler an, die im Rahmen des Ganztagsschulbetriebs betreut werden.&nbsp; Um am Mittagessen teilnehmen zu k\u00f6nnen, m\u00fcssen Sie ihr Kind \u00fcber die Online-Registrierung anmelden. Dazu erhalten Sie im Sekretariat oder im Download-Bereich ein Anmeldeformular mit allen wichtigen Daten und Informationen. Wenn Sie f\u00fcr &hellip; <\/p>\n<p><a class=\"more-link btn\" href=\"https:\/\/www.realschule-altenwalde.de\/wordpress\/mensa\/\">Weiterlesen<\/a><\/p>\n","protected":false},"author":1,"featured_media":0,"parent":0,"menu_order":0,"comment_status":"closed","ping_status":"closed","template":"","meta":{"ngg_post_thumbnail":0},"_links":{"self":[{"href":"https:\/\/www.realschule-altenwalde.de\/wordpress\/wp-json\/wp\/v2\/pages\/705"}],"collection":[{"href":"https:\/\/www.realschule-altenwalde.de\/wordpress\/wp-json\/wp\/v2\/pages"}],"about":[{"href":"https:\/\/www.realschule-altenwalde.de\/wordpress\/wp-json\/wp\/v2\/types\/page"}],"author":[{"embeddable":true,"href":"https:\/\/www.realschule-altenwalde.de\/wordpress\/wp-json\/wp\/v2\/users\/1"}],"replies":[{"embeddable":true,"href":"https:\/\/www.realschule-altenwalde.de\/wordpress\/wp-json\/wp\/v2\/comments?post=705"}],"version-history":[{"count":9,"href":"https:\/\/www.realschule-altenwalde.de\/wordpress\/wp-json\/wp\/v2\/pages\/705\/revisions"}],"predecessor-version":[{"id":3625,"href":"https:\/\/www.realschule-altenwalde.de\/wordpress\/wp-json\/wp\/v2\/pages\/705\/revisions\/3625"}],"wp:attachment":[{"href":"https:\/\/www.realschule-altenwalde.de\/wordpress\/wp-json\/wp\/v2\/media?parent=705"}],"curies":[{"name":"wp","href":"https:\/\/api.w.org\/{rel}","templated":true}]}}