{"id":699,"date":"2018-05-01T21:14:37","date_gmt":"2018-05-01T19:14:37","guid":{"rendered":"http:\/\/www.realschule-altenwalde.de\/wordpress\/?page_id=699"},"modified":"2023-09-25T10:53:30","modified_gmt":"2023-09-25T08:53:30","slug":"allgemeines","status":"publish","type":"page","link":"https:\/\/www.realschule-altenwalde.de\/wordpress\/unsere-schule\/allgemeines\/","title":{"rendered":"\u2139\ufe0f Allgemeines"},"content":{"rendered":"<p style=\"padding-left: 30px;\"><img loading=\"lazy\" class=\"aligncenter wp-image-829 size-large\" src=\"http:\/\/www.realschule-altenwalde.de\/wordpress\/wp-content\/uploads\/2018\/05\/2018.05.04-14.05.14-IMG_2078-Bearbeitet-1024x412.jpg\" alt=\"\" width=\"750\" height=\"302\" srcset=\"https:\/\/www.realschule-altenwalde.de\/wordpress\/wp-content\/uploads\/2018\/05\/2018.05.04-14.05.14-IMG_2078-Bearbeitet-1024x412.jpg 1024w, https:\/\/www.realschule-altenwalde.de\/wordpress\/wp-content\/uploads\/2018\/05\/2018.05.04-14.05.14-IMG_2078-Bearbeitet-300x121.jpg 300w, https:\/\/www.realschule-altenwalde.de\/wordpress\/wp-content\/uploads\/2018\/05\/2018.05.04-14.05.14-IMG_2078-Bearbeitet-768x309.jpg 768w, https:\/\/www.realschule-altenwalde.de\/wordpress\/wp-content\/uploads\/2018\/05\/2018.05.04-14.05.14-IMG_2078-Bearbeitet-100x40.jpg 100w\" sizes=\"(max-width: 750px) 100vw, 750px\" \/><\/p>\n<p style=\"padding-left: 30px;\">Die &#8222;Geschwister-Scholl-Schule Altenwalde&#8220; ist eine Realschule, die mit ihrem Schuleinzugsbereich (Sahlenburg, Arensch, Berensch, Oxstedt, L\u00fcdingworth, Altenbruch, Franzenburg, Gudendorf und Altenwalde) im S\u00fcdwesten Cuxhavens zwischen Nordsee und der Autobahn A 27 liegt.<\/p>\n<p>&nbsp;<\/p>\n<p style=\"text-align: center;\"><div id=\"wpgmza_map\" class=\"wpgmza_map\" data-settings='{\"id\":\"1\",\"map_title\":\"GSS\",\"map_width\":\"100\",\"map_height\":\"400\",\"map_start_lat\":\"53.819460\",\"map_start_lng\":\"8.661040\",\"map_start_location\":\"53.81946,8.661039999999957\",\"map_start_zoom\":\"16\",\"default_marker\":\"0\",\"type\":\"3\",\"alignment\":\"2\",\"directions_enabled\":\"1\",\"styling_enabled\":\"0\",\"styling_json\":\"\",\"active\":\"0\",\"kml\":\"\",\"bicycle\":\"0\",\"traffic\":\"0\",\"dbox\":\"1\",\"dbox_width\":\"100\",\"listmarkers\":\"0\",\"listmarkers_advanced\":\"0\",\"filterbycat\":\"0\",\"ugm_enabled\":\"0\",\"ugm_category_enabled\":\"0\",\"fusion\":\"\",\"map_width_type\":\"%\",\"map_height_type\":\"px\",\"mass_marker_support\":\"1\",\"ugm_access\":\"0\",\"order_markers_by\":\"0\",\"order_markers_choice\":\"0\",\"show_user_location\":\"0\",\"default_to\":\"\",\"other_settings\":{\"store_locator_enabled\":false,\"store_locator_distance\":false,\"store_locator_default_radius\":\"10\",\"store_locator_not_found_message\":\"\",\"store_locator_bounce\":1,\"store_locator_query_string\":\"\",\"store_locator_default_address\":\"\",\"wpgmza_store_locator_restrict\":\"\",\"store_locator_style\":\"modern\",\"wpgmza_store_locator_radius_style\":\"modern\",\"map_max_zoom\":\"1\",\"transport_layer\":false,\"wpgmza_theme_data\":\"\",\"wpgmza_show_points_of_interest\":1,\"action\":\"wpgmza_save_map\",\"redirect_to\":\"\\\/wordpress\\\/wp-admin\\\/admin-post.php\",\"map_id\":\"1\",\"http_referer\":\"\\\/wordpress\\\/wp-admin\\\/admin.php?page=wp-google-maps-menu&amp;amp;action=edit&amp;amp;map_id=1\",\"wpgmza_id\":\"1\",\"wpgmza_start_location\":\"\",\"wpgmza_start_zoom\":\"4\",\"store_locator_search_area\":\"radial\",\"wpgmza_store_locator_default_radius\":\"10\",\"store_locator_auto_area_max_zoom\":\"\",\"wpgmza_store_locator_position\":false,\"store_locator_show_distance\":false,\"store_locator_category\":false,\"wpgmza_store_locator_use_their_location\":false,\"wpgmza_store_locator_bounce\":false,\"wpgmza_sl_animation\":null,\"wpgmza_store_locator_hide_before_search\":false,\"store_locator_name_search\":false,\"store_locator_name_string\":\"\",\"sl_stroke_color\":\"\",\"sl_stroke_opacity\":\"\",\"sl_fill_color\":\"\",\"sl_fill_opacity\":\"\",\"wpgmza_map_align\":\"1\",\"jump_to_nearest_marker_on_initialization\":false,\"automatically_pan_to_users_location\":false,\"override_users_location_zoom_level\":false,\"override_users_location_zoom_levels\":\"\",\"show_distance_from_location\":false,\"map_min_zoom\":\"0\",\"click_open_link\":false,\"fit_maps_bounds_to_markers\":false,\"fit_maps_bounds_to_markers_after_filtering\":false,\"hide_point_of_interest\":false,\"wpgmza_zoom_on_marker_click\":false,\"wpgmza_zoom_on_marker_click_slider\":\"\",\"close_infowindow_on_map_click\":false,\"disable_lightbox_images\":false,\"use_Raw_Jpeg_Coordinates\":false,\"polygon_labels\":false,\"disable_polygon_info_windows\":false,\"enable_marker_ratings\":false,\"only_load_markers_within_viewport\":false,\"iw_primary_color\":\"#000000\",\"iw_accent_color\":\"#000000\",\"iw_text_color\":\"#000000\",\"wpgmza_listmarkers_by\":\"0\",\"wpgmza_marker_listing_position\":false,\"wpgmza_push_in_map\":false,\"wpgmza_push_in_map_placement\":null,\"wpgmza_push_in_map_width\":\"\",\"wpgmza_push_in_map_height\":\"\",\"zoom_level_on_marker_listing_override\":false,\"zoom_level_on_marker_listing_click\":\"\",\"datatable_no_result_message\":\"\",\"remove_search_box_datables\":false,\"dataTable_pagination_style\":null,\"datatable_search_string\":\"\",\"datatable_result_start\":\"\",\"datatable_result_of\":\"\",\"datatable_result_to\":\"\",\"datatable_result_total\":\"\",\"datatable_result_show\":\"\",\"datatable_result_entries\":\"\",\"wpgmza_savemap\":\"Karte speichern \\u00bb\"}}' data-map-id='1' Data-maps-engine='' data-shortcode-attributes='{\"id\":\"1\"}' style=\"display:block; overflow:auto; width:100%; height:400px; float:left;\"><\/div><\/p>\n<p style=\"padding-left: 30px;\">Unsere Schule hat etwa 440 Sch\u00fclerinnen und Sch\u00fcler, die von etwa 30 Lehrerinnen und Lehrern in derzeit 19 Klassen unterrichtet werden.<\/p>\n<h4 style=\"padding-left: 30px;\">Geschichte<\/h4>\n<p style=\"padding-left: 30px;\">Im Jahre 1951 erhielt Altenwalde ein neues Schulgeb\u00e4ude, den heutigen &#8222;Altbau&#8220;, am jetzigen Standort &#8222;auf dem M\u00fchlenberg&#8220;. 1963 wurde die Schule vergr\u00f6\u00dfert, 1964 konnten Sport- und Schwimmhalle in Betrieb genommen werden und 1968 wurde schlie\u00dflich die Sportanlage auf dem M\u00fchlenberge fertiggestellt, alles am Hang aufsteigend in einem parkartigen Gel\u00e4nde gelegen.&nbsp;<\/p>\n<p style=\"padding-left: 30px;\">Im Schuljahr 2013\/2014 wurde der <a href=\"http:\/\/www.realschule-altenwalde.de\/wordpress\/unsere-schule\/ganztagsschule\/\">offene Ganztagesbetrieb<\/a> eingef\u00fchrt und eine <a href=\"http:\/\/www.realschule-altenwalde.de\/wordpress\/mensa\/\">Mensa<\/a> errichtet. Die Schwimmhalle wurde in den Jahren 2016 bis 2017 erneuert. Aktuell werden \u00fcberall im Schulgeb\u00e4ude kleinere und gr\u00f6\u00dfere Sch\u00f6nheitsreparaturen durchgef\u00fchrt.&nbsp;<\/p>\n<p style=\"padding-left: 30px;\">Im Schuljahr 2018\/2019 wurde die Umr\u00fcstung eines Klassenraums in einen multifunktionalen Naturwissenschaftsraum durchgef\u00fchrt, um den mangelnden Fachraumkapazit\u00e4ten zu begegnen. Gleichzeitig konnte eine Containerl\u00f6sung f\u00fcr zwei Klassenr\u00e4ume realisiert und damit der allgemeinen Raumknappheit entgegengewirkt werden.<\/p>\n<p>&nbsp;<\/p>\n<p>&nbsp;<\/p>\n","protected":false},"excerpt":{"rendered":"<p>Die &#8222;Geschwister-Scholl-Schule Altenwalde&#8220; ist eine Realschule, die mit ihrem Schuleinzugsbereich (Sahlenburg, Arensch, Berensch, Oxstedt, L\u00fcdingworth, Altenbruch, Franzenburg, Gudendorf und Altenwalde) im S\u00fcdwesten Cuxhavens zwischen Nordsee und der Autobahn A 27 liegt. &nbsp; Unsere Schule hat etwa 440 Sch\u00fclerinnen und Sch\u00fcler, die von etwa 30 Lehrerinnen und Lehrern in derzeit 19 Klassen unterrichtet werden. Geschichte Im &hellip; <\/p>\n<p><a class=\"more-link btn\" href=\"https:\/\/www.realschule-altenwalde.de\/wordpress\/unsere-schule\/allgemeines\/\">Weiterlesen<\/a><\/p>\n","protected":false},"author":1,"featured_media":0,"parent":4,"menu_order":0,"comment_status":"closed","ping_status":"closed","template":"","meta":{"ngg_post_thumbnail":0},"_links":{"self":[{"href":"https:\/\/www.realschule-altenwalde.de\/wordpress\/wp-json\/wp\/v2\/pages\/699"}],"collection":[{"href":"https:\/\/www.realschule-altenwalde.de\/wordpress\/wp-json\/wp\/v2\/pages"}],"about":[{"href":"https:\/\/www.realschule-altenwalde.de\/wordpress\/wp-json\/wp\/v2\/types\/page"}],"author":[{"embeddable":true,"href":"https:\/\/www.realschule-altenwalde.de\/wordpress\/wp-json\/wp\/v2\/users\/1"}],"replies":[{"embeddable":true,"href":"https:\/\/www.realschule-altenwalde.de\/wordpress\/wp-json\/wp\/v2\/comments?post=699"}],"version-history":[{"count":21,"href":"https:\/\/www.realschule-altenwalde.de\/wordpress\/wp-json\/wp\/v2\/pages\/699\/revisions"}],"predecessor-version":[{"id":3021,"href":"https:\/\/www.realschule-altenwalde.de\/wordpress\/wp-json\/wp\/v2\/pages\/699\/revisions\/3021"}],"up":[{"embeddable":true,"href":"https:\/\/www.realschule-altenwalde.de\/wordpress\/wp-json\/wp\/v2\/pages\/4"}],"wp:attachment":[{"href":"https:\/\/www.realschule-altenwalde.de\/wordpress\/wp-json\/wp\/v2\/media?parent=699"}],"curies":[{"name":"wp","href":"https:\/\/api.w.org\/{rel}","templated":true}]}}