{"id":686,"date":"2018-05-01T20:58:11","date_gmt":"2018-05-01T18:58:11","guid":{"rendered":"http:\/\/www.realschule-altenwalde.de\/wordpress\/?page_id=686"},"modified":"2019-01-08T16:15:00","modified_gmt":"2019-01-08T15:15:00","slug":"schulsanitaetsdienst","status":"publish","type":"page","link":"https:\/\/www.realschule-altenwalde.de\/wordpress\/unsere-schule\/schulsanitaetsdienst\/","title":{"rendered":"\ud83d\ude91 Schulsanit\u00e4tsdienst"},"content":{"rendered":"<h4 style=\"padding-left: 30px;\"><img loading=\"lazy\" class=\"alignleft size-medium wp-image-1504\" src=\"http:\/\/www.realschule-altenwalde.de\/wordpress\/wp-content\/uploads\/2019\/01\/IMG_5060-300x245.jpg\" alt=\"\" width=\"300\" height=\"245\" srcset=\"https:\/\/www.realschule-altenwalde.de\/wordpress\/wp-content\/uploads\/2019\/01\/IMG_5060-300x245.jpg 300w, https:\/\/www.realschule-altenwalde.de\/wordpress\/wp-content\/uploads\/2019\/01\/IMG_5060-768x628.jpg 768w, https:\/\/www.realschule-altenwalde.de\/wordpress\/wp-content\/uploads\/2019\/01\/IMG_5060-1024x837.jpg 1024w, https:\/\/www.realschule-altenwalde.de\/wordpress\/wp-content\/uploads\/2019\/01\/IMG_5060-100x82.jpg 100w\" sizes=\"(max-width: 300px) 100vw, 300px\" \/>Warum solltest DU Sanit\u00e4ter werden?<\/h4>\n<p style=\"padding-left: 30px;\">Wenn du ein Sanit\u00e4ter bist, kannst du anderen im Notfall helfen und ein Vorbild f\u00fcr viele sein. Dabei unterst\u00fctzt du die Lehrkr\u00e4fte und bereitest dich auf dein zuk\u00fcnftiges Leben vor.<\/p>\n<h4 style=\"padding-left: 30px;\">Wie wirst DU denn ein Sanit\u00e4ter?<\/h4>\n<p style=\"padding-left: 30px;\">Ab der 9. Klasse kannst du dich bei Frau Stache zum Schulsanit\u00e4tsdienst anmelden. Die Ausbildung wird vom Deutschen Roten Kreuz (DRK) \u00fcbernommen und findet an zwei Tagen w\u00e4hrend der Schulzeit statt.<br \/>\nNach der Ausbildung wird dir als neuer Schulsanit\u00e4ter von den \u00e4lteren Schulsanit\u00e4tern gezeigt, wie unser Alltag abl\u00e4uft.<\/p>\n<h4 style=\"padding-left: 30px;\">Was ist ein Sani-Treff und wie l\u00e4uft es ab?<\/h4>\n<p style=\"padding-left: 30px;\">Der Sani-Treff ist ein Zusammenkommen, um die letzten Ereignisse des Monats zu besprechen. Das Treffen beginnt um 13 Uhr 30 und endet ungef\u00e4hr um 14 Uhr 30. Bei solchen Treffen \u00fcben wir, in unterschiedlichen Situationen richtig zu reagieren.<br \/>\nEs werden beispielsweise \u00dcbungen zur Krankenwageneinweisung oder zum richtigen Druckverbandanlegen ausgef\u00fchrt. Au\u00dferdem werden in kleinen Gruppen Rollenspiele durchgef\u00fchrt.<\/p>\n<h4 style=\"padding-left: 30px;\">Was hast DU als Sanit\u00e4ter in den Pausen zu tun?<\/h4>\n<p style=\"padding-left: 30px;\">Nach dem Klingeln begibst du dich ins Krankenzimmer und holst deine Ausr\u00fcstung.&nbsp;<br \/>\nDiese besteht aus:<br \/>\n\u00b7&nbsp;&nbsp;&nbsp;&nbsp;&nbsp;&nbsp;einer Warnweste<br \/>\n\u00b7&nbsp;&nbsp;&nbsp;&nbsp;&nbsp;&nbsp;einem Walkie-Talkie<br \/>\n\u00b7&nbsp;&nbsp;&nbsp;&nbsp;&nbsp;&nbsp;einer Sani-Tasche<br \/>\nDann begibst dich auf den eingeteilten Schulhof und stellst dich sichtbar f\u00fcr alle anderen Sch\u00fcler hin.<br \/>\n&nbsp;<br \/>\nWir w\u00fcrden uns freuen im n\u00e4chsten Jahr viele neue und interessierte Schulsanit\u00e4ter bei uns begr\u00fc\u00dfen zu d\u00fcrfen.<\/p>\n<p style=\"padding-left: 30px;\"><em>Geschrieben von Annabell-Marie Dre\u00dfler und Tiara Wilkens<\/em><\/p>\n<p>&nbsp;<\/p>\n","protected":false},"excerpt":{"rendered":"<p>Warum solltest DU Sanit\u00e4ter werden? Wenn du ein Sanit\u00e4ter bist, kannst du anderen im Notfall helfen und ein Vorbild f\u00fcr viele sein. Dabei unterst\u00fctzt du die Lehrkr\u00e4fte und bereitest dich auf dein zuk\u00fcnftiges Leben vor. Wie wirst DU denn ein Sanit\u00e4ter? Ab der 9. Klasse kannst du dich bei Frau Stache zum Schulsanit\u00e4tsdienst anmelden. Die &hellip; <\/p>\n<p><a class=\"more-link btn\" href=\"https:\/\/www.realschule-altenwalde.de\/wordpress\/unsere-schule\/schulsanitaetsdienst\/\">Weiterlesen<\/a><\/p>\n","protected":false},"author":1,"featured_media":1504,"parent":4,"menu_order":6,"comment_status":"closed","ping_status":"closed","template":"","meta":{"ngg_post_thumbnail":0},"_links":{"self":[{"href":"https:\/\/www.realschule-altenwalde.de\/wordpress\/wp-json\/wp\/v2\/pages\/686"}],"collection":[{"href":"https:\/\/www.realschule-altenwalde.de\/wordpress\/wp-json\/wp\/v2\/pages"}],"about":[{"href":"https:\/\/www.realschule-altenwalde.de\/wordpress\/wp-json\/wp\/v2\/types\/page"}],"author":[{"embeddable":true,"href":"https:\/\/www.realschule-altenwalde.de\/wordpress\/wp-json\/wp\/v2\/users\/1"}],"replies":[{"embeddable":true,"href":"https:\/\/www.realschule-altenwalde.de\/wordpress\/wp-json\/wp\/v2\/comments?post=686"}],"version-history":[{"count":7,"href":"https:\/\/www.realschule-altenwalde.de\/wordpress\/wp-json\/wp\/v2\/pages\/686\/revisions"}],"predecessor-version":[{"id":1509,"href":"https:\/\/www.realschule-altenwalde.de\/wordpress\/wp-json\/wp\/v2\/pages\/686\/revisions\/1509"}],"up":[{"embeddable":true,"href":"https:\/\/www.realschule-altenwalde.de\/wordpress\/wp-json\/wp\/v2\/pages\/4"}],"wp:featuredmedia":[{"embeddable":true,"href":"https:\/\/www.realschule-altenwalde.de\/wordpress\/wp-json\/wp\/v2\/media\/1504"}],"wp:attachment":[{"href":"https:\/\/www.realschule-altenwalde.de\/wordpress\/wp-json\/wp\/v2\/media?parent=686"}],"curies":[{"name":"wp","href":"https:\/\/api.w.org\/{rel}","templated":true}]}}