{"id":652,"date":"2018-05-01T19:45:10","date_gmt":"2018-05-01T17:45:10","guid":{"rendered":"http:\/\/www.realschule-altenwalde.de\/wordpress\/?page_id=652"},"modified":"2023-09-25T10:49:32","modified_gmt":"2023-09-25T08:49:32","slug":"berufsberatung","status":"publish","type":"page","link":"https:\/\/www.realschule-altenwalde.de\/wordpress\/berufsorientierung\/berufsberatung\/","title":{"rendered":"\ud83d\udccc Berufsberatung"},"content":{"rendered":"<p style=\"padding-left: 40px;\">&nbsp;<\/p>\n<hr>\n<h4 style=\"padding-left: 30px;\">Schule&#8230; und danach?<\/h4>\n<p style=\"padding-left: 30px;\"><img loading=\"lazy\" class=\"alignleft size-medium wp-image-1058\" src=\"http:\/\/www.realschule-altenwalde.de\/wordpress\/wp-content\/uploads\/2018\/05\/l6019022dstbai665168-300x232.jpg\" alt=\"\" width=\"300\" height=\"232\" srcset=\"https:\/\/www.realschule-altenwalde.de\/wordpress\/wp-content\/uploads\/2018\/05\/l6019022dstbai665168-300x232.jpg 300w, https:\/\/www.realschule-altenwalde.de\/wordpress\/wp-content\/uploads\/2018\/05\/l6019022dstbai665168-100x77.jpg 100w, https:\/\/www.realschule-altenwalde.de\/wordpress\/wp-content\/uploads\/2018\/05\/l6019022dstbai665168.jpg 470w\" sizes=\"(max-width: 300px) 100vw, 300px\" \/>Die zust\u00e4ndige Berufsberaterin f\u00fcr unsere Schule ist Frau Sabine Tolsdorf.<\/p>\n<p style=\"padding-left: 30px;\">Sie hat ihr B\u00fcro in der Agentur f\u00fcr Arbeit in Cuxhaven, Am Holstenplatz 2, 27472 Cuxhaven.<\/p>\n<p style=\"padding-left: 30px;\">Dort finden terminierte Beratungsgespr\u00e4che mit Jugendlichen und oft auch den Eltern statt.&nbsp;<\/p>\n<p style=\"padding-left: 30px;\">In der Schule f\u00fchrt sie beginnend mit den 8. Klassen berufsorientierende Veranstaltungen durch und bietet regelm\u00e4\u00dfige Sprechtage an. Sie hat in der Pausenhalle ein \u201eschwarzes Brett\u201c, an dem wechselnde Informationen aush\u00e4ngen. W\u00e4hrend der Elternsprechtage steht Frau Tolsdorf f\u00fcr pers\u00f6nliche Kontakte zur Verf\u00fcgung. &nbsp;<\/p>\n<p style=\"padding-left: 30px;\">Berufsberater informieren Jugendliche \u00fcber Aufgaben und T\u00e4tigkeiten in Berufen sowie deren Zugangsvoraussetzungen, Anforderungen, Aussichten auf dem Ausbildungs- und Arbeitsmarkt, Ausbildungsm\u00f6glichkeiten in Betrieben und Schulen, Bewerbungsverfahren und vieles mehr. Sie beraten Jugendliche im Berufswahlprozess \u00fcber die individuellen M\u00f6glichkeiten als \u201eHilfe zur Selbsthilfe\u201c einer fundierten eigenen Entscheidung und vermitteln Ausbildungsstellen begleitet von finanziellen Hilfen. In den nachstehend aufgef\u00fchrten links finden Sie die Medienformate der Berufsberatung.&nbsp;<\/p>\n<p style=\"padding-left: 30px;\">W\u00e4hrend der Elternsprechtage bietet Frau Tolsdorf in der Schule Beratungsgespr\u00e4che an. Anmeldungen diesbez\u00fcglich bitte direkt \u00fcber Herrn Ohland-Schumacher!<\/p>\n<p style=\"padding-left: 30px;\">Frau Tolsdorf ist erreichbar \u00fcber die Service-Nummer der Agentur f\u00fcr Arbeit<\/p>\n<p style=\"padding-left: 40px;\">Am Holstenplatz 2<br \/>\n27472 Cuxhaven.<br \/>\n\ud83d\udcde 0800 \/ 4555500 (kostenfrei)<br \/>\n\u2709\ufe0f <a href=\"mailto:Sabine.Tolsdorf@arbeitsagentur.de\" target=\"_blank\" rel=\"noopener noreferrer\">Sabine.Tolsdorf@arbeitsagentur.de<\/a>&nbsp;<\/p>\n<p>&nbsp;<\/p>\n<h4 style=\"padding-left: 30px;\">WEITERF\u00dcHRENDE LINKS:&nbsp;<\/h4>\n<p><a href=\"http:\/\/www.abi.de\" target=\"_blank\" rel=\"noopener noreferrer\"><img loading=\"lazy\" class=\"aligncenter wp-image-653 size-full\" src=\"http:\/\/www.realschule-altenwalde.de\/wordpress\/wp-content\/uploads\/2018\/05\/Abi.jpg\" alt=\"\" width=\"175\" height=\"82\" srcset=\"https:\/\/www.realschule-altenwalde.de\/wordpress\/wp-content\/uploads\/2018\/05\/Abi.jpg 175w, https:\/\/www.realschule-altenwalde.de\/wordpress\/wp-content\/uploads\/2018\/05\/Abi-100x47.jpg 100w\" sizes=\"(max-width: 175px) 100vw, 175px\" \/><\/a><\/p>\n<p><a href=\"http:\/\/www.berufe.tv\" target=\"_blank\" rel=\"noopener noreferrer\"><img loading=\"lazy\" class=\"aligncenter wp-image-654 size-full\" src=\"http:\/\/www.realschule-altenwalde.de\/wordpress\/wp-content\/uploads\/2018\/05\/BerufeTV_3c.jpg\" alt=\"\" width=\"283\" height=\"58\" srcset=\"https:\/\/www.realschule-altenwalde.de\/wordpress\/wp-content\/uploads\/2018\/05\/BerufeTV_3c.jpg 283w, https:\/\/www.realschule-altenwalde.de\/wordpress\/wp-content\/uploads\/2018\/05\/BerufeTV_3c-100x20.jpg 100w\" sizes=\"(max-width: 283px) 100vw, 283px\" \/><\/a><\/p>\n<p>&nbsp;<\/p>\n<p><a href=\"http:\/\/www.planet-beruf.de\" target=\"_blank\" rel=\"noopener noreferrer\"><img loading=\"lazy\" class=\"aligncenter wp-image-656 size-medium\" src=\"http:\/\/www.realschule-altenwalde.de\/wordpress\/wp-content\/uploads\/2018\/05\/Planet_Beruf-300x43.jpg\" alt=\"\" width=\"300\" height=\"43\" srcset=\"https:\/\/www.realschule-altenwalde.de\/wordpress\/wp-content\/uploads\/2018\/05\/Planet_Beruf-300x43.jpg 300w, https:\/\/www.realschule-altenwalde.de\/wordpress\/wp-content\/uploads\/2018\/05\/Planet_Beruf-768x111.jpg 768w, https:\/\/www.realschule-altenwalde.de\/wordpress\/wp-content\/uploads\/2018\/05\/Planet_Beruf-1024x147.jpg 1024w, https:\/\/www.realschule-altenwalde.de\/wordpress\/wp-content\/uploads\/2018\/05\/Planet_Beruf-100x14.jpg 100w\" sizes=\"(max-width: 300px) 100vw, 300px\" \/><\/a><\/p>\n<p>&nbsp;<\/p>\n","protected":false},"excerpt":{"rendered":"<p>&nbsp; Schule&#8230; und danach? Die zust\u00e4ndige Berufsberaterin f\u00fcr unsere Schule ist Frau Sabine Tolsdorf. Sie hat ihr B\u00fcro in der Agentur f\u00fcr Arbeit in Cuxhaven, Am Holstenplatz 2, 27472 Cuxhaven. Dort finden terminierte Beratungsgespr\u00e4che mit Jugendlichen und oft auch den Eltern statt.&nbsp; In der Schule f\u00fchrt sie beginnend mit den 8. Klassen berufsorientierende Veranstaltungen durch &hellip; <\/p>\n<p><a class=\"more-link btn\" href=\"https:\/\/www.realschule-altenwalde.de\/wordpress\/berufsorientierung\/berufsberatung\/\">Weiterlesen<\/a><\/p>\n","protected":false},"author":1,"featured_media":1057,"parent":1062,"menu_order":1,"comment_status":"closed","ping_status":"closed","template":"","meta":{"ngg_post_thumbnail":0},"_links":{"self":[{"href":"https:\/\/www.realschule-altenwalde.de\/wordpress\/wp-json\/wp\/v2\/pages\/652"}],"collection":[{"href":"https:\/\/www.realschule-altenwalde.de\/wordpress\/wp-json\/wp\/v2\/pages"}],"about":[{"href":"https:\/\/www.realschule-altenwalde.de\/wordpress\/wp-json\/wp\/v2\/types\/page"}],"author":[{"embeddable":true,"href":"https:\/\/www.realschule-altenwalde.de\/wordpress\/wp-json\/wp\/v2\/users\/1"}],"replies":[{"embeddable":true,"href":"https:\/\/www.realschule-altenwalde.de\/wordpress\/wp-json\/wp\/v2\/comments?post=652"}],"version-history":[{"count":14,"href":"https:\/\/www.realschule-altenwalde.de\/wordpress\/wp-json\/wp\/v2\/pages\/652\/revisions"}],"predecessor-version":[{"id":3020,"href":"https:\/\/www.realschule-altenwalde.de\/wordpress\/wp-json\/wp\/v2\/pages\/652\/revisions\/3020"}],"up":[{"embeddable":true,"href":"https:\/\/www.realschule-altenwalde.de\/wordpress\/wp-json\/wp\/v2\/pages\/1062"}],"wp:featuredmedia":[{"embeddable":true,"href":"https:\/\/www.realschule-altenwalde.de\/wordpress\/wp-json\/wp\/v2\/media\/1057"}],"wp:attachment":[{"href":"https:\/\/www.realschule-altenwalde.de\/wordpress\/wp-json\/wp\/v2\/media?parent=652"}],"curies":[{"name":"wp","href":"https:\/\/api.w.org\/{rel}","templated":true}]}}