{"id":629,"date":"2018-05-01T18:31:32","date_gmt":"2018-05-01T16:31:32","guid":{"rendered":"http:\/\/www.realschule-altenwalde.de\/wordpress\/?page_id=629"},"modified":"2019-12-09T17:12:59","modified_gmt":"2019-12-09T16:12:59","slug":"geschwister-scholl","status":"publish","type":"page","link":"https:\/\/www.realschule-altenwalde.de\/wordpress\/unsere-schule\/geschwister-scholl\/","title":{"rendered":"\ud83d\udcad Geschwister Scholl"},"content":{"rendered":"<p style=\"padding-left: 30px;\"><img loading=\"lazy\" class=\"alignleft size-medium wp-image-633\" src=\"http:\/\/www.realschule-altenwalde.de\/wordpress\/wp-content\/uploads\/2018\/05\/scholl_1-300x249.jpg\" alt=\"\" width=\"300\" height=\"249\" srcset=\"https:\/\/www.realschule-altenwalde.de\/wordpress\/wp-content\/uploads\/2018\/05\/scholl_1-300x249.jpg 300w, https:\/\/www.realschule-altenwalde.de\/wordpress\/wp-content\/uploads\/2018\/05\/scholl_1-100x83.jpg 100w, https:\/\/www.realschule-altenwalde.de\/wordpress\/wp-content\/uploads\/2018\/05\/scholl_1.jpg 386w\" sizes=\"(max-width: 300px) 100vw, 300px\" \/>Als Geschwister- Scholl-Schule f\u00fchlen wir uns verpflichtet, eine aktive Auseinandersetzung mit der Zeit und den Folgen des Nationalsozialismus zu pflegen.<\/p>\n<p style=\"padding-left: 30px;\">Bisher geschah dies, indem die 9. Klassen in Zusammenarbeit mit dem Haus der Jugend j\u00e4hrlich im Januar\/ Februar zur Gedenkst\u00e4tte Bergen- Belsen fuhren und anschlie\u00dfend an zwei darauf folgenden Tagen die vor Ort gewonnenen Eindr\u00fccke auswerteten und in Gruppen vielf\u00e4ltig verarbeiteten. Die Verarbeitung erfolgte in Form k\u00fcnstlerischer, musikalischer, poetischer, moderner und dokumentarischer Arbeiten, bei denen auf Biographien, Sachverhalte und Situationen intensiv eingegangen wurde.&nbsp;Die Vorbereitung auf die Projekttage erfolgte im ersten Schulhalbjahr im f\u00e4cher\u00fcbergreifenden Unterricht.<\/p>\n<p style=\"padding-left: 30px;\">Alle Klassen behandelten thematische Zusammenh\u00e4nge in den unterschiedlichen F\u00e4chern, so in Geschichte, Deutsch, Religion\/Werte und Normen, aber auch Kunst und Musik. So lasen beispielsweise die neunten Klassen in K\u00fcrze die Lekt\u00fcre \u201eDas Tagebuch der Anne Frank\u201c, in der das Leben von Anne Frank, die im Konzentrationslager Bergen- Belsen unter der Herrschaft der Nationalsozialisten umkam, thematisiert wird.<\/p>\n<h4 style=\"padding-left: 30px;\">Durchf\u00fchrung im Schuljahr 2018\/2019<\/h4>\n<p style=\"padding-left: 30px;\">Seit dem Schuljahr 2018\/2019 wird die Geschichte um die Geschwister Scholl gemeinsam im Deutsch- und Geschichtsunterricht in Klasse 9 erarbeitet und in Form von Rollenspielen den Jahrg\u00e4ngen 7 und 8 n\u00e4her gebracht.<\/p>\n<div id=\"attachment_1578\" style=\"width: 224px\" class=\"wp-caption aligncenter\"><a href=\"http:\/\/www.realschule-altenwalde.de\/wordpress\/wp-content\/uploads\/2019\/02\/IMG_4569.jpg\"><img aria-describedby=\"caption-attachment-1578\" loading=\"lazy\" class=\"wp-image-1578 size-medium\" src=\"http:\/\/www.realschule-altenwalde.de\/wordpress\/wp-content\/uploads\/2019\/02\/IMG_4569-224x300.jpg\" alt=\"\" width=\"224\" height=\"300\" srcset=\"https:\/\/www.realschule-altenwalde.de\/wordpress\/wp-content\/uploads\/2019\/02\/IMG_4569-224x300.jpg 224w, https:\/\/www.realschule-altenwalde.de\/wordpress\/wp-content\/uploads\/2019\/02\/IMG_4569-768x1027.jpg 768w, https:\/\/www.realschule-altenwalde.de\/wordpress\/wp-content\/uploads\/2019\/02\/IMG_4569-766x1024.jpg 766w, https:\/\/www.realschule-altenwalde.de\/wordpress\/wp-content\/uploads\/2019\/02\/IMG_4569-75x100.jpg 75w\" sizes=\"(max-width: 224px) 100vw, 224px\" \/><\/a><p id=\"caption-attachment-1578\" class=\"wp-caption-text\">Cuxhavener Nachrichten vom 25.02.2019<\/p><\/div>\n<h4 style=\"padding-left: 30px;\">Durchf\u00fchrung und Ergebnisse des Projektes im Schuljahr 2012\/2013:&nbsp;<\/h4>\n<p style=\"padding-left: 30px;\">Am 13. Februar 2013 besuchten wir die Gedenkst\u00e4tte Bergen &#8211; Belsen und haben anschlie\u00dfend mit den Sch\u00fclern die Eindr\u00fccke, die sie dort gewonnen haben, in einem zweit\u00e4gigen Workshop in den R\u00e4umen des Hauses der Jugend aufgearbeitet.<\/p>\n<p style=\"padding-left: 30px;\">Am 22 Februar 2013, dem 70. Todestag der Geschwister Scholl, haben die Sch\u00fcler ihre Ergebnisse der Schule pr\u00e4sentiert. Unter anderem&nbsp;sollte deutlich gezeigt werden, dass unsere Schule sich tats\u00e4chlich mit den Namensgebern&nbsp;identifiziert (s. Leitbild) und die Sch\u00fclerinnen und Sch\u00fcler \u00fcber die n\u00f6tigen Informationen orientiert sind.<\/p>\n<h5 style=\"padding-left: 30px;\">Bericht \u00fcber die &nbsp;AG &#8222;Rock gegen Rechts&#8220;&nbsp;<\/h5>\n<p style=\"padding-left: 30px;\">Die Sch\u00fclerinnen und Sch\u00fcler der Gruppe &#8222;Rock gegen Rechts&#8220; erwarteten von dem Thema die Symbolisierung des Antirechtsextremismus (gegen Nazis). Durch die Lieder (&#8222;Schrei nach Liebe&#8220;, &#8222;Ein Sommer nur f\u00fcr mich&#8220;) wollen sie den anderen Sch\u00fclern der Geschwister-Scholl-Schule zeigen, warum die Schule den Namen tr\u00e4gt, damit sie sich mit dem Thema auseinandersetzen k\u00f6nnen. Au\u00dferdem wollen sie mit den Liedern zeigen, dass die Nazis in unserer Gesellschaft nicht erw\u00fcnscht sind.<\/p>\n<p style=\"padding-left: 30px;\"><img loading=\"lazy\" class=\"size-large wp-image-636 aligncenter\" src=\"http:\/\/www.realschule-altenwalde.de\/wordpress\/wp-content\/uploads\/2018\/05\/AgRockRech-1024x768.jpg\" alt=\"\" width=\"750\" height=\"563\" srcset=\"https:\/\/www.realschule-altenwalde.de\/wordpress\/wp-content\/uploads\/2018\/05\/AgRockRech-1024x768.jpg 1024w, https:\/\/www.realschule-altenwalde.de\/wordpress\/wp-content\/uploads\/2018\/05\/AgRockRech-300x225.jpg 300w, https:\/\/www.realschule-altenwalde.de\/wordpress\/wp-content\/uploads\/2018\/05\/AgRockRech-768x576.jpg 768w, https:\/\/www.realschule-altenwalde.de\/wordpress\/wp-content\/uploads\/2018\/05\/AgRockRech-100x75.jpg 100w, https:\/\/www.realschule-altenwalde.de\/wordpress\/wp-content\/uploads\/2018\/05\/AgRockRech.jpg 1600w\" sizes=\"(max-width: 750px) 100vw, 750px\" \/><\/p>\n<blockquote>\n<p style=\"text-align: center; padding-left: 30px;\"><strong>Schrei nach Liebe (Refrain)<\/strong><\/p>\n<p style=\"text-align: center; padding-left: 30px;\">Deine Gewalt&nbsp; ist nur ein stummer Schrei nach Liebe.<br \/>\nDeine Springerstiefel sehnen sich nach Z\u00e4rtlichkeit.<br \/>\nDu hast nie gelernt dich zu artikulieren.<br \/>\nUnd deine Eltern hatten niemals f\u00fcr dich Zeit.<\/p>\n<p style=\"text-align: center; padding-left: 30px;\">Ohoho,&nbsp; Arschloch!<\/p>\n<\/blockquote>\n<p>&nbsp;<\/p>\n<p style=\"padding-left: 30px;\">Letztendlich haben sich die Erwartungen von&nbsp;allen aus der Gruppe erf\u00fcllt. Sie waren mit Spa\u00df bei der Sache und w\u00fcrden sich freuen, wenn die Lieder die Sch\u00fcler zum Nachdenken anregen und ihnen das Thema n\u00e4her bringen.<\/p>\n<hr>\n<h5 style=\"padding-left: 30px;\">Bericht&nbsp;\u00fcber die &nbsp;AG&nbsp; &#8222;k\u00fcnstlerische Aufarbeitung des KZ Besuches&#8220; mit Frau Schenk<\/h5>\n<p style=\"padding-left: 30px;\">In dieser AG ging es speziell um die bildliche Darstellung. Vorweg wurden von den Mitgliedern Erwartungen \u00fcber die Aufkl\u00e4rung und Verhinderung einer Wiederholung des Nationalsozialismus gestellt. Auf den Ergebnissen des Teams ist, zum Beispiel, Anne Frank zu sehen. Die Gruppe hoffte, mit den Bildern, den anderen Sch\u00fclern die Gef\u00fchle der damaligen Zeit nahezubringen.<\/p>\n<p style=\"padding-left: 30px;\"><img loading=\"lazy\" class=\"size-large wp-image-637 aligncenter\" src=\"http:\/\/www.realschule-altenwalde.de\/wordpress\/wp-content\/uploads\/2018\/05\/AgSchenk-1024x768.jpg\" alt=\"\" width=\"750\" height=\"563\" srcset=\"https:\/\/www.realschule-altenwalde.de\/wordpress\/wp-content\/uploads\/2018\/05\/AgSchenk-1024x768.jpg 1024w, https:\/\/www.realschule-altenwalde.de\/wordpress\/wp-content\/uploads\/2018\/05\/AgSchenk-300x225.jpg 300w, https:\/\/www.realschule-altenwalde.de\/wordpress\/wp-content\/uploads\/2018\/05\/AgSchenk-768x576.jpg 768w, https:\/\/www.realschule-altenwalde.de\/wordpress\/wp-content\/uploads\/2018\/05\/AgSchenk-100x75.jpg 100w, https:\/\/www.realschule-altenwalde.de\/wordpress\/wp-content\/uploads\/2018\/05\/AgSchenk.jpg 1600w\" sizes=\"(max-width: 750px) 100vw, 750px\" \/><\/p>\n<hr>\n<h5 style=\"padding-left: 30px;\">Bericht \u00fcber die&nbsp;AG &#8222;Dokumentationsgruppe des KZ Besuches&#8220;<\/h5>\n<p style=\"padding-left: 30px;\">Die Projektgruppe Bergen Belsen hat sich mit dem Aufbau sowie mit der Geschichte Bergen Belsens besch\u00e4ftigt. Geleitet wurde die Gruppe von Frau Harnisch.&nbsp;<\/p>\n<p style=\"padding-left: 30px;\">Mit der Idee durch eine Stellwand und einem selbst nachgezeichnetem Lageplan des Gel\u00e4ndes die Geschichte und den Aufbau ihren Mitsch\u00fclern n\u00e4her zu bringen, startete die Gruppe in die folgenden Tage.<\/p>\n<p style=\"padding-left: 30px;\"><img loading=\"lazy\" class=\"size-large wp-image-638 aligncenter\" src=\"http:\/\/www.realschule-altenwalde.de\/wordpress\/wp-content\/uploads\/2018\/05\/AgDoku-1024x768.jpg\" alt=\"\" width=\"750\" height=\"563\" srcset=\"https:\/\/www.realschule-altenwalde.de\/wordpress\/wp-content\/uploads\/2018\/05\/AgDoku-1024x768.jpg 1024w, https:\/\/www.realschule-altenwalde.de\/wordpress\/wp-content\/uploads\/2018\/05\/AgDoku-300x225.jpg 300w, https:\/\/www.realschule-altenwalde.de\/wordpress\/wp-content\/uploads\/2018\/05\/AgDoku-768x576.jpg 768w, https:\/\/www.realschule-altenwalde.de\/wordpress\/wp-content\/uploads\/2018\/05\/AgDoku-100x75.jpg 100w, https:\/\/www.realschule-altenwalde.de\/wordpress\/wp-content\/uploads\/2018\/05\/AgDoku.jpg 1600w\" sizes=\"(max-width: 750px) 100vw, 750px\" \/><\/p>\n<p style=\"padding-left: 30px;\">Haupts\u00e4chlich ging es ihnen darum, ihren Mitsch\u00fclern das Lager zu veranschaulichen und ein gewisses Basiswissen zu schaffen. Das Lager Bergen Belsen wurde z.B. erst sp\u00e4ter als Konzentrationslager genutzt und diente vorher zu anderen Zwecken. Die Sch\u00fcler des Projekts erz\u00e4hlten von den einzelnen Etappen und welche Menschengruppen es in dem Lager gab.<\/p>\n<hr>\n<h5 style=\"padding-left: 30px;\">Bericht&nbsp;\u00fcber die&nbsp;AG &#8222;Fotographie- Zeichnung und Schriftgestaltung&#8220;<\/h5>\n<p style=\"padding-left: 30px;\">Die Sch\u00fcler der Arbeitsgemeinschaft &#8222;Fotographie- Zeichnung und Schriftgestaltung&#8220; m\u00f6chten ihre&nbsp;Eindr\u00fccke des Besuches der Gedenkst\u00e4tte Bergen- Belsen durch Entw\u00fcrfe von eigenen Fotos und Bildern wiedergeben. Durch selbstgemachte&nbsp;Aufnahmen sollen die Emotionen der&nbsp;Menschen erweckt werden.<\/p>\n<p style=\"padding-left: 30px;\">Das Ergebnis ihrer wohl interessanten Arbeit setzt sich aus drei Schwerpunkten zusammen. Besonders nah treten ihnen die tagelangen, grausamen und unvorstellbaren Transporte in den G\u00fcterwagons. Au\u00dferdem befassten sie sich mit einzelnen&nbsp;Lebensl\u00e4ufen von \u00dcberlebenen und gaben diese in&nbsp;Fotographien- Zeichnungen und Schriftgestaltungen wieder. Dazu setzten sie sich mit speziellen und einzelnen&nbsp;Schicksalen&nbsp; auseinander. Vorallem m\u00f6chten die Sch\u00fcler, dass diese grausame, schreckliche und unfassbare Vergangenheit&nbsp;niemals in Vergessenheit&nbsp;geraten darf.&nbsp;&nbsp;<\/p>\n<p style=\"padding-left: 30px;\"><img loading=\"lazy\" class=\"size-large wp-image-639 aligncenter\" src=\"http:\/\/www.realschule-altenwalde.de\/wordpress\/wp-content\/uploads\/2018\/05\/AgFotoZeich-1024x768.jpg\" alt=\"\" width=\"750\" height=\"563\" srcset=\"https:\/\/www.realschule-altenwalde.de\/wordpress\/wp-content\/uploads\/2018\/05\/AgFotoZeich-1024x768.jpg 1024w, https:\/\/www.realschule-altenwalde.de\/wordpress\/wp-content\/uploads\/2018\/05\/AgFotoZeich-300x225.jpg 300w, https:\/\/www.realschule-altenwalde.de\/wordpress\/wp-content\/uploads\/2018\/05\/AgFotoZeich-768x576.jpg 768w, https:\/\/www.realschule-altenwalde.de\/wordpress\/wp-content\/uploads\/2018\/05\/AgFotoZeich-100x75.jpg 100w, https:\/\/www.realschule-altenwalde.de\/wordpress\/wp-content\/uploads\/2018\/05\/AgFotoZeich.jpg 1600w\" sizes=\"(max-width: 750px) 100vw, 750px\" \/><\/p>\n<hr>\n<h5 style=\"padding-left: 30px;\">Bericht \u00fcber die AG &#8222;Moderne Nazis&#8220;<\/h5>\n<p style=\"padding-left: 30px;\">Die Gruppe wurde von unserer damaligen Schulleiterin Frau Armbrust, Herrn Pawlowski und Frau Hoffmann begleitet.<\/p>\n<p style=\"padding-left: 30px;\">Am ersten Tag hat die Gruppe sich mehrere Filme gegen Rechts (Spots gegen Rechts) angesehen, diese haben sie anschlie\u00dfend in kleinen Gruppen diskutiert um den tieferen Sinn zu verstehen.Dadurch wollten sie erreichen, dass die Sch\u00fcler verstehen, dass es immer noch Nazis gibt.Auch wollten sie den Sch\u00fclern erkl\u00e4ren wie die heutigen Nazis vorgehen und wie man sie erkennen kann.<\/p>\n<p style=\"padding-left: 30px;\">Am zweiten Tag hat die Gruppe Plakate gestalltet auf denen zusehen war woran man moderne Nazis erkennt und was ihre Zeichen bedeuten. Auch gibt es auf den Plakaten zusehen wie man gegen Naziparolen angehen kann und was die typischen S\u00e4tze eines Nazis \u00fcber die Zeit des 2.Weltkrieges sind.<\/p>\n<p style=\"padding-left: 30px;\"><img loading=\"lazy\" class=\"size-large wp-image-640 aligncenter\" src=\"http:\/\/www.realschule-altenwalde.de\/wordpress\/wp-content\/uploads\/2018\/05\/AgModNazis-1024x768.jpg\" alt=\"\" width=\"750\" height=\"563\" srcset=\"https:\/\/www.realschule-altenwalde.de\/wordpress\/wp-content\/uploads\/2018\/05\/AgModNazis-1024x768.jpg 1024w, https:\/\/www.realschule-altenwalde.de\/wordpress\/wp-content\/uploads\/2018\/05\/AgModNazis-300x225.jpg 300w, https:\/\/www.realschule-altenwalde.de\/wordpress\/wp-content\/uploads\/2018\/05\/AgModNazis-768x576.jpg 768w, https:\/\/www.realschule-altenwalde.de\/wordpress\/wp-content\/uploads\/2018\/05\/AgModNazis-100x75.jpg 100w, https:\/\/www.realschule-altenwalde.de\/wordpress\/wp-content\/uploads\/2018\/05\/AgModNazis.jpg 1600w\" sizes=\"(max-width: 750px) 100vw, 750px\" \/><\/p>\n<hr>\n<h5 style=\"padding-left: 30px;\">Bericht \u00fcber die AG &#8222;Poetry Slam&#8220;<\/h5>\n<p style=\"padding-left: 30px;\">Poetry Slam ist eine Art Sprachgesang, bei dem eigene Texte zu einem bestimmten Thema geschrieben und vorgestellt werden.<\/p>\n<p style=\"padding-left: 30px;\"><img loading=\"lazy\" class=\"size-large wp-image-641 aligncenter\" src=\"http:\/\/www.realschule-altenwalde.de\/wordpress\/wp-content\/uploads\/2018\/05\/AgPoeSlam-1024x768.jpg\" alt=\"\" width=\"750\" height=\"563\" srcset=\"https:\/\/www.realschule-altenwalde.de\/wordpress\/wp-content\/uploads\/2018\/05\/AgPoeSlam-1024x768.jpg 1024w, https:\/\/www.realschule-altenwalde.de\/wordpress\/wp-content\/uploads\/2018\/05\/AgPoeSlam-300x225.jpg 300w, https:\/\/www.realschule-altenwalde.de\/wordpress\/wp-content\/uploads\/2018\/05\/AgPoeSlam-768x576.jpg 768w, https:\/\/www.realschule-altenwalde.de\/wordpress\/wp-content\/uploads\/2018\/05\/AgPoeSlam-100x75.jpg 100w, https:\/\/www.realschule-altenwalde.de\/wordpress\/wp-content\/uploads\/2018\/05\/AgPoeSlam.jpg 1600w\" sizes=\"(max-width: 750px) 100vw, 750px\" \/><\/p>\n<p style=\"padding-left: 30px;\">Die Sch\u00fclerinnen und Sch\u00fcler dieser Gruppe wollen Spa\u00df beim Verfassen der Texte, um sie so locker wie m\u00f6glich vorzutragen. Sie finden, sie bek\u00e4men durch die Texte, die sie schreiben, Eindr\u00fccke vom Rassismus und Nationalsozialismus. Diese Eindr\u00fccke wollen sie dann den anderen Sch\u00fclerinne und Sch\u00fclern&nbsp;weitervermitteln.<\/p>\n<p style=\"padding-left: 30px;\">Am Ende haben sie durch die ruhige Stimmung viel geschafft und konnten so auch viele Texte verfassen. Ihre Erwartungen haben sich im Gro\u00dfen und Ganzen erf\u00fcllt.<\/p>\n<hr>\n<h5 style=\"padding-left: 30px;\">Bericht \u00fcber die AG &#8222;Auf den Spuren Anne Franks&#8220;<\/h5>\n<p style=\"padding-left: 30px;\"><img loading=\"lazy\" class=\"alignleft size-medium wp-image-642\" src=\"http:\/\/www.realschule-altenwalde.de\/wordpress\/wp-content\/uploads\/2018\/05\/AnneMar-225x300.jpg\" alt=\"\" width=\"225\" height=\"300\" srcset=\"https:\/\/www.realschule-altenwalde.de\/wordpress\/wp-content\/uploads\/2018\/05\/AnneMar-225x300.jpg 225w, https:\/\/www.realschule-altenwalde.de\/wordpress\/wp-content\/uploads\/2018\/05\/AnneMar-75x100.jpg 75w, https:\/\/www.realschule-altenwalde.de\/wordpress\/wp-content\/uploads\/2018\/05\/AnneMar.jpg 360w\" sizes=\"(max-width: 225px) 100vw, 225px\" \/>Die Arbeitsgruppe \u201eAnne Frank&#8220; wurde von Frau Harnisch und Frau Stache geleitet. &nbsp;<\/p>\n<p style=\"padding-left: 30px;\">Am Ersten Tag im Haus der Jugend sammelt die Arbeitsgemeinschaft Informationen \u00fcber den Aufenthalt von Anne Frank im Konzentrationslager in Bergen-Belsen. Aus denen sie den Weg von Anne Frank im KZ Bergen-Belsen zur\u00fcck verfolgten. Nachdem sammeln von den zahlreichen Informationen stellten sie ein Interview mit Anne Frank her, in dem die Antworten aus gedacht waren (so wie Anne Frank antworten w\u00fcrde).&nbsp;<\/p>\n<p style=\"padding-left: 30px;\">Die Sch\u00fclerinnen und Sch\u00fcler der Gruppe Anne Frank haben das Leben und die Aufenthaltsorte der Anne Frank&nbsp;aufgearbeitet und auf ein Plakat \u00fcbertragen.Sie haben einen Steckbrief und einen Lebenslauf von Anne Frank bildlich und schriftlich dargestellt.<\/p>\n<p style=\"padding-left: 30px;\"><img loading=\"lazy\" class=\"size-large wp-image-643 aligncenter\" src=\"http:\/\/www.realschule-altenwalde.de\/wordpress\/wp-content\/uploads\/2018\/05\/AgSpurFrank-1024x768.jpg\" alt=\"\" width=\"750\" height=\"563\" srcset=\"https:\/\/www.realschule-altenwalde.de\/wordpress\/wp-content\/uploads\/2018\/05\/AgSpurFrank-1024x768.jpg 1024w, https:\/\/www.realschule-altenwalde.de\/wordpress\/wp-content\/uploads\/2018\/05\/AgSpurFrank-300x225.jpg 300w, https:\/\/www.realschule-altenwalde.de\/wordpress\/wp-content\/uploads\/2018\/05\/AgSpurFrank-768x576.jpg 768w, https:\/\/www.realschule-altenwalde.de\/wordpress\/wp-content\/uploads\/2018\/05\/AgSpurFrank-100x75.jpg 100w, https:\/\/www.realschule-altenwalde.de\/wordpress\/wp-content\/uploads\/2018\/05\/AgSpurFrank.jpg 1600w\" sizes=\"(max-width: 750px) 100vw, 750px\" \/><\/p>\n<hr>\n<h5 style=\"padding-left: 30px;\">Bericht \u00fcber die AG &#8222;Die Geschwister &#8211; Scholl&#8220;<\/h5>\n<p style=\"padding-left: 30px;\">Diese Team besch\u00e4ftigte sich ausschlie\u00dflich mit den Geschwistern Hans und Sophie Scholl. Unter Anderem erl\u00e4uterten sie die Bedeutung der &#8222;Wei\u00dfen Rose&#8220;. Diese AG hat sich ebenfalls auf die Aufkl\u00e4rung des Nationalsozialismus konzentriert. Mit der N\u00e4herbringung der Geschwister- Scholl haben sie ihre eigenen Erwartungen erf\u00fcllt.<\/p>\n<p style=\"padding-left: 30px;\"><img loading=\"lazy\" class=\"size-large wp-image-644 aligncenter\" src=\"http:\/\/www.realschule-altenwalde.de\/wordpress\/wp-content\/uploads\/2018\/05\/AgGSS-1024x768.jpg\" alt=\"\" width=\"750\" height=\"563\" srcset=\"https:\/\/www.realschule-altenwalde.de\/wordpress\/wp-content\/uploads\/2018\/05\/AgGSS-1024x768.jpg 1024w, https:\/\/www.realschule-altenwalde.de\/wordpress\/wp-content\/uploads\/2018\/05\/AgGSS-300x225.jpg 300w, https:\/\/www.realschule-altenwalde.de\/wordpress\/wp-content\/uploads\/2018\/05\/AgGSS-768x576.jpg 768w, https:\/\/www.realschule-altenwalde.de\/wordpress\/wp-content\/uploads\/2018\/05\/AgGSS-100x75.jpg 100w, https:\/\/www.realschule-altenwalde.de\/wordpress\/wp-content\/uploads\/2018\/05\/AgGSS.jpg 1600w\" sizes=\"(max-width: 750px) 100vw, 750px\" \/><\/p>\n<hr>\n<p style=\"padding-left: 30px;\">Die Texte wurden von der damaligen AG &#8222;Sch\u00fclerzeitung&#8220; aus dem Schuljahr 2012\/2013 verfasst.<\/p>\n<p style=\"padding-left: 30px;\"><img loading=\"lazy\" class=\"size-large wp-image-645 aligncenter\" src=\"http:\/\/www.realschule-altenwalde.de\/wordpress\/wp-content\/uploads\/2018\/05\/AGSZ-1024x768.jpg\" alt=\"\" width=\"750\" height=\"563\" srcset=\"https:\/\/www.realschule-altenwalde.de\/wordpress\/wp-content\/uploads\/2018\/05\/AGSZ-1024x768.jpg 1024w, https:\/\/www.realschule-altenwalde.de\/wordpress\/wp-content\/uploads\/2018\/05\/AGSZ-300x225.jpg 300w, https:\/\/www.realschule-altenwalde.de\/wordpress\/wp-content\/uploads\/2018\/05\/AGSZ-768x576.jpg 768w, https:\/\/www.realschule-altenwalde.de\/wordpress\/wp-content\/uploads\/2018\/05\/AGSZ-100x75.jpg 100w, https:\/\/www.realschule-altenwalde.de\/wordpress\/wp-content\/uploads\/2018\/05\/AGSZ.jpg 1600w\" sizes=\"(max-width: 750px) 100vw, 750px\" \/><\/p>\n","protected":false},"excerpt":{"rendered":"<p>Als Geschwister- Scholl-Schule f\u00fchlen wir uns verpflichtet, eine aktive Auseinandersetzung mit der Zeit und den Folgen des Nationalsozialismus zu pflegen. Bisher geschah dies, indem die 9. Klassen in Zusammenarbeit mit dem Haus der Jugend j\u00e4hrlich im Januar\/ Februar zur Gedenkst\u00e4tte Bergen- Belsen fuhren und anschlie\u00dfend an zwei darauf folgenden Tagen die vor Ort gewonnenen Eindr\u00fccke &hellip; <\/p>\n<p><a class=\"more-link btn\" href=\"https:\/\/www.realschule-altenwalde.de\/wordpress\/unsere-schule\/geschwister-scholl\/\">Weiterlesen<\/a><\/p>\n","protected":false},"author":1,"featured_media":633,"parent":4,"menu_order":2,"comment_status":"closed","ping_status":"closed","template":"","meta":{"ngg_post_thumbnail":0},"_links":{"self":[{"href":"https:\/\/www.realschule-altenwalde.de\/wordpress\/wp-json\/wp\/v2\/pages\/629"}],"collection":[{"href":"https:\/\/www.realschule-altenwalde.de\/wordpress\/wp-json\/wp\/v2\/pages"}],"about":[{"href":"https:\/\/www.realschule-altenwalde.de\/wordpress\/wp-json\/wp\/v2\/types\/page"}],"author":[{"embeddable":true,"href":"https:\/\/www.realschule-altenwalde.de\/wordpress\/wp-json\/wp\/v2\/users\/1"}],"replies":[{"embeddable":true,"href":"https:\/\/www.realschule-altenwalde.de\/wordpress\/wp-json\/wp\/v2\/comments?post=629"}],"version-history":[{"count":9,"href":"https:\/\/www.realschule-altenwalde.de\/wordpress\/wp-json\/wp\/v2\/pages\/629\/revisions"}],"predecessor-version":[{"id":1590,"href":"https:\/\/www.realschule-altenwalde.de\/wordpress\/wp-json\/wp\/v2\/pages\/629\/revisions\/1590"}],"up":[{"embeddable":true,"href":"https:\/\/www.realschule-altenwalde.de\/wordpress\/wp-json\/wp\/v2\/pages\/4"}],"wp:featuredmedia":[{"embeddable":true,"href":"https:\/\/www.realschule-altenwalde.de\/wordpress\/wp-json\/wp\/v2\/media\/633"}],"wp:attachment":[{"href":"https:\/\/www.realschule-altenwalde.de\/wordpress\/wp-json\/wp\/v2\/media?parent=629"}],"curies":[{"name":"wp","href":"https:\/\/api.w.org\/{rel}","templated":true}]}}