{"id":538,"date":"2018-04-28T20:55:39","date_gmt":"2018-04-28T18:55:39","guid":{"rendered":"http:\/\/www.realschule-altenwalde.de\/wordpress\/?page_id=538"},"modified":"2026-01-06T22:30:04","modified_gmt":"2026-01-06T21:30:04","slug":"streitschlichter","status":"publish","type":"page","link":"https:\/\/www.realschule-altenwalde.de\/wordpress\/unsere-schule\/streitschlichter\/","title":{"rendered":"\ud83c\udf24 Streitschlichter"},"content":{"rendered":"<p style=\"padding-left: 40px;\">An unserer Schule gibt es eine Gruppe von Sch\u00fclerinnen und Sch\u00fclern, die als Streitschlichter arbeiten. Sie haben daf\u00fcr eine Ausbildung absolviert und treffen sich weiterhin in einer Arbeitsgemeinschaft. Betreut werden sie von Frau Kipp (Lehrerin) und Frau Meyer (Sozialarbeiterin).<\/p>\n<p style=\"padding-left: 40px;\">Es ist gar nicht so einfach einen Streit sachlich zu l\u00f6sen. Man ben\u00f6tigt hierf\u00fcr eine Menge \u00dcbung und Hintergrundwissen. Es gen\u00fcgt nicht, einen Konflikt oberfl\u00e4chlich verstanden zu haben, man muss genauer hinsehen k\u00f6nnen. Sie Schlichter erlernen den genauen Ablauf und die Regeln, die w\u00e4hrend der Streitschlichtung einzuhalten sind.<\/p>\n<p style=\"padding-left: 40px;\"><strong>Was ist Streitschlichtung?<\/strong><\/p>\n<ul>\n<li style=\"list-style-type: none;\">\n<ul>\n<li style=\"list-style-type: none;\">\n<ul>\n<li>keine Gerichtsverhandlung<\/li>\n<li>Kl\u00e4rung des Streits mit Hilfe neutraler Personen<\/li>\n<li>ein freiwilliges Gespr\u00e4ch nach festgelegten Regeln<\/li>\n<\/ul>\n<\/li>\n<\/ul>\n<\/li>\n<\/ul>\n<p style=\"padding-left: 40px;\">Zerstrittene Sch\u00fcler k\u00f6nnen die Streitschlichter in den Pausen zu den Sprechzeiten freiwillig aufsuchen. Das Streitschlichterteam l\u00e4sst sich den Streit schildern und sucht gemeinsam mit den Streitenden nach L\u00f6sungen, ohne Partei zu ergreifen.<\/p>\n<p style=\"padding-left: 40px;\">An der B\u00fcrot\u00fcr der Streitschlichter kann man ablesen, in welchen Pausen die Teams Dienst haben.<\/p>\n<div id=\"attachment_3680\" style=\"width: 750px\" class=\"wp-caption aligncenter\"><img aria-describedby=\"caption-attachment-3680\" loading=\"lazy\" class=\"size-large wp-image-3680\" src=\"https:\/\/www.realschule-altenwalde.de\/wordpress\/wp-content\/uploads\/2026\/01\/polish_save-1024x601.png\" alt=\"\" width=\"750\" height=\"440\" srcset=\"https:\/\/www.realschule-altenwalde.de\/wordpress\/wp-content\/uploads\/2026\/01\/polish_save-1024x601.png 1024w, https:\/\/www.realschule-altenwalde.de\/wordpress\/wp-content\/uploads\/2026\/01\/polish_save-300x176.png 300w, https:\/\/www.realschule-altenwalde.de\/wordpress\/wp-content\/uploads\/2026\/01\/polish_save-768x451.png 768w, https:\/\/www.realschule-altenwalde.de\/wordpress\/wp-content\/uploads\/2026\/01\/polish_save-1536x901.png 1536w, https:\/\/www.realschule-altenwalde.de\/wordpress\/wp-content\/uploads\/2026\/01\/polish_save-2048x1201.png 2048w, https:\/\/www.realschule-altenwalde.de\/wordpress\/wp-content\/uploads\/2026\/01\/polish_save-750x440.png 750w, https:\/\/www.realschule-altenwalde.de\/wordpress\/wp-content\/uploads\/2026\/01\/polish_save-100x59.png 100w\" sizes=\"(max-width: 750px) 100vw, 750px\" \/><p id=\"caption-attachment-3680\" class=\"wp-caption-text\">Wir sind: Yanuka, Fiona, Lilith, Katharina, Alina, Nele, Hannah, Meggie, Madleen, Moritz, Benjamin, Henriette, Anna, Sarah und Lennard<\/p><\/div>\n","protected":false},"excerpt":{"rendered":"<p>An unserer Schule gibt es eine Gruppe von Sch\u00fclerinnen und Sch\u00fclern, die als Streitschlichter arbeiten. Sie haben daf\u00fcr eine Ausbildung absolviert und treffen sich weiterhin in einer Arbeitsgemeinschaft. Betreut werden sie von Frau Kipp (Lehrerin) und Frau Meyer (Sozialarbeiterin). Es ist gar nicht so einfach einen Streit sachlich zu l\u00f6sen. Man ben\u00f6tigt hierf\u00fcr eine Menge &hellip; <\/p>\n<p><a class=\"more-link btn\" href=\"https:\/\/www.realschule-altenwalde.de\/wordpress\/unsere-schule\/streitschlichter\/\">Weiterlesen<\/a><\/p>\n","protected":false},"author":1,"featured_media":0,"parent":4,"menu_order":6,"comment_status":"closed","ping_status":"closed","template":"","meta":{"ngg_post_thumbnail":0},"_links":{"self":[{"href":"https:\/\/www.realschule-altenwalde.de\/wordpress\/wp-json\/wp\/v2\/pages\/538"}],"collection":[{"href":"https:\/\/www.realschule-altenwalde.de\/wordpress\/wp-json\/wp\/v2\/pages"}],"about":[{"href":"https:\/\/www.realschule-altenwalde.de\/wordpress\/wp-json\/wp\/v2\/types\/page"}],"author":[{"embeddable":true,"href":"https:\/\/www.realschule-altenwalde.de\/wordpress\/wp-json\/wp\/v2\/users\/1"}],"replies":[{"embeddable":true,"href":"https:\/\/www.realschule-altenwalde.de\/wordpress\/wp-json\/wp\/v2\/comments?post=538"}],"version-history":[{"count":22,"href":"https:\/\/www.realschule-altenwalde.de\/wordpress\/wp-json\/wp\/v2\/pages\/538\/revisions"}],"predecessor-version":[{"id":3681,"href":"https:\/\/www.realschule-altenwalde.de\/wordpress\/wp-json\/wp\/v2\/pages\/538\/revisions\/3681"}],"up":[{"embeddable":true,"href":"https:\/\/www.realschule-altenwalde.de\/wordpress\/wp-json\/wp\/v2\/pages\/4"}],"wp:attachment":[{"href":"https:\/\/www.realschule-altenwalde.de\/wordpress\/wp-json\/wp\/v2\/media?parent=538"}],"curies":[{"name":"wp","href":"https:\/\/api.w.org\/{rel}","templated":true}]}}