{"id":511,"date":"2018-04-26T22:29:22","date_gmt":"2018-04-26T20:29:22","guid":{"rendered":"http:\/\/www.realschule-altenwalde.de\/wordpress\/?page_id=511"},"modified":"2022-02-13T14:50:40","modified_gmt":"2022-02-13T13:50:40","slug":"projekte-und-wettbewerbe","status":"publish","type":"page","link":"https:\/\/www.realschule-altenwalde.de\/wordpress\/unsere-schule\/projekte-und-wettbewerbe\/","title":{"rendered":"\ud83c\udfc6 Projekte und Wettbewerbe"},"content":{"rendered":"<h4 style=\"padding-left: 30px;\">Sport<\/h4>\n<p style=\"padding-left: 30px;\">In den vergangenen Schuljahren wurde eine Arbeitsgemeinschaft \u201e<strong>Jugend trainiert f\u00fcr Olympia<\/strong>\u201c durchgef\u00fchrt. Herr Zarbel trainiert mit den Sch\u00fclern und Sch\u00fclerinnen. &nbsp;<\/p>\n<p style=\"padding-left: 30px;\"><img loading=\"lazy\" class=\"size-thumbnail wp-image-626 alignleft\" src=\"http:\/\/www.realschule-altenwalde.de\/wordpress\/wp-content\/uploads\/2018\/05\/sportfreundliche-schule-150x150.jpg\" alt=\"\" width=\"150\" height=\"150\">Bei der Landesschulbeh\u00f6rde L\u00fcneburg hatten wir uns im Jahr <span style=\"color: #000000;\">2016<\/span>&nbsp;erfolgreich f\u00fcr die Zertifizierung \u201e<a href=\"https:\/\/www.mk.niedersachsen.de\/startseite\/schule\/schuelerinnen_und_schueler_eltern\/schulsport\/projekte_aktionen_initiativen\/fitnesslandkarte\/sportfreundliche_schule\/sportfreundliche-schule-154569.html\" target=\"_blank\" rel=\"noopener\"><strong>Sportfreundliche Schule<\/strong><\/a>\u201c beworben, wor\u00fcber wir uns sehr freuten. Die Urkunde kann im Eingangsbereich bewundert werden. Auch in diesem Schuljahr sind&nbsp; in diesem Zusammenhang wieder Sch\u00fcler an einem Wochenende zum Schulsportassistenten ausgebildet worden. Den freiwilligen Teilnehmern an dieser Stelle nochmals ein gro\u00dfes Dankesch\u00f6n.<\/p>\n<hr>\n<h4 style=\"padding-left: 30px;\">Berufsorientierung<\/h4>\n<p style=\"padding-left: 30px;\"><img loading=\"lazy\" class=\"size-thumbnail wp-image-623 alignleft\" src=\"http:\/\/www.realschule-altenwalde.de\/wordpress\/wp-content\/uploads\/2018\/05\/048979b6-2c5a-4614-abd5-df78a6888e20-150x84.jpeg\" alt=\"\" width=\"150\" height=\"84\" srcset=\"https:\/\/www.realschule-altenwalde.de\/wordpress\/wp-content\/uploads\/2018\/05\/048979b6-2c5a-4614-abd5-df78a6888e20.jpeg 150w, https:\/\/www.realschule-altenwalde.de\/wordpress\/wp-content\/uploads\/2018\/05\/048979b6-2c5a-4614-abd5-df78a6888e20-100x56.jpeg 100w\" sizes=\"(max-width: 150px) 100vw, 150px\" \/>Ebenso haben wir uns erfolgreich um die Zertifizierung \u201e<a href=\"https:\/\/www.landesschulbehoerde-niedersachsen.de\/themen\/projekte\/schule-wirtschaft\" target=\"_blank\" rel=\"noopener\"><strong>proBerufsOrientierung<\/strong><\/a>\u201c beworben. Nach dem Einreichen umf\u00e4nglicher Bewerbungsunterlagen und einem Audit, an dem auch Sch\u00fcler teilgenommen haben, haben wir im Jahre 2015 erstmalig die Zertifizierung f\u00fcr 3 Jahre erhalten, die 2018 f\u00fcr weitere drei Jahre verl\u00e4ngert wurde und d\u00fcrfen seitdem das entsprechende Logo in unserem Briefkopf f\u00fchren. Die Kollegen Dominik Heuer und Dr. Gerd Behrens haben die Auszeichnung in L\u00fcneburg durch Frau Ministerin Heiligenstadt in Empfang genommen.<\/p>\n<p style=\"padding-left: 30px;\">Im Jahr 2021 wurde die Zertifizierung f\u00fcr weitere vier Jahre erneuert!<\/p>\n<hr>\n<h4 style=\"padding-left: 30px;\">Geschichte<\/h4>\n<p style=\"padding-left: 30px;\"><img loading=\"lazy\" class=\"alignleft size-thumbnail wp-image-633\" src=\"http:\/\/www.realschule-altenwalde.de\/wordpress\/wp-content\/uploads\/2018\/05\/scholl_1-150x150.jpg\" alt=\"\" width=\"150\" height=\"150\">Inzwischen ist es Tradition an unserer Schule, dass die 9. Klassen im Rahmen des Geschichtsunterrichts die <strong>Gedenkst\u00e4tte Bergen-Belsen<\/strong> besuchen. Wir wollen damit den Sch\u00fclern und Sch\u00fclerinnen Erinnerungsarbeit nahe bringen und sicherstellen, dass jeder Sch\u00fcler und jede Sch\u00fclerin unserer Schule \u00fcber die Geschwister Scholl Kenntnis hat. Auch f\u00fcr die weitere Zukunft w\u00fcnschen wir uns, dass die Kirchengemeinde Altenwalde wieder mit uns kooperiert, damit wir ein interessantes Projekt durchf\u00fchren k\u00f6nnen. Mehr zu diesem namensgebenden Projekt unserer Schule erfahren Sie unter dem Men\u00fcpunkt &#8222;<a href=\"http:\/\/www.realschule-altenwalde.de\/wordpress\/unsere-schule\/geschwister-scholl\/\">Geschwister Scholl<\/a>&#8220; .<\/p>\n<hr>\n<h4 style=\"padding-left: 30px;\"><strong>MINT-Schule<\/strong><\/h4>\n<p style=\"padding-left: 30px;\"><img loading=\"lazy\" class=\"alignleft wp-image-2429 size-thumbnail\" src=\"https:\/\/www.realschule-altenwalde.de\/wordpress\/wp-content\/uploads\/2022\/02\/Max_mine_gross-150x150.png\" alt=\"\" width=\"150\" height=\"150\">Ein Schwerpunkt an unserer Schule ist der Bereich der F\u00e4cher <strong>M<\/strong>athematik, <strong>In<\/strong>formatik, <strong>N<\/strong>aturwissenschaften und <strong>T<\/strong>echnik (MINT).&nbsp;Wir f\u00f6rdern durch praxisnahe Inhalte die Begeisterung f\u00fcr MINT-F\u00e4cher.&nbsp;Im WPK \u2013 Bereich k\u00f6nnen die Sch\u00fclerinnen und Sch\u00fcler in allen Jahrg\u00e4ngen zahlreiche MINT \u2013 Angebote w\u00e4hlen.&nbsp;<br \/>\nAb dem Jahrgang 7 nehmen jedes Jahr interessierte Sch\u00fclerinnen und Sch\u00fcler am Chemie -Wettbewerb \u201e<a href=\"https:\/\/dechemax.de\" target=\"_blank\" rel=\"noopener\">DeChemax<\/a>\u201c teil. Weitere Informationen unter <a href=\"https:\/\/www.realschule-altenwalde.de\/wordpress\/unsere-schule\/mint-schule\/\">MINT-Schule<\/a><\/p>\n<hr>\n<h4 style=\"padding-left: 30px;\">Mobilit\u00e4t<\/h4>\n<p style=\"padding-left: 30px;\"><img loading=\"lazy\" class=\"wp-image-625 alignleft\" src=\"http:\/\/www.realschule-altenwalde.de\/wordpress\/wp-content\/uploads\/2018\/05\/template-300x300.jpeg\" alt=\"\" width=\"145\" height=\"145\" srcset=\"https:\/\/www.realschule-altenwalde.de\/wordpress\/wp-content\/uploads\/2018\/05\/template-300x300.jpeg 300w, https:\/\/www.realschule-altenwalde.de\/wordpress\/wp-content\/uploads\/2018\/05\/template-150x150.jpeg 150w, https:\/\/www.realschule-altenwalde.de\/wordpress\/wp-content\/uploads\/2018\/05\/template-768x768.jpeg 768w, https:\/\/www.realschule-altenwalde.de\/wordpress\/wp-content\/uploads\/2018\/05\/template-100x100.jpeg 100w, https:\/\/www.realschule-altenwalde.de\/wordpress\/wp-content\/uploads\/2018\/05\/template.jpeg 800w\" sizes=\"(max-width: 145px) 100vw, 145px\" \/>Im Schuljahr 2016\/2017 haben wir uns erneut im Bereich Mobilit\u00e4t bei der Autostadt Wolfsburg als &#8222;<a href=\"https:\/\/www.autostadt.de\/partnerschulen-der-vergangenen-jahre\" target=\"_blank\" rel=\"noopener\">Partnerschule Autostadt<\/a>&#8220; beworben. Von insgesamt 12 nieders\u00e4chsischen Schulen, die ausgew\u00e4hlt wurden freuen wir uns um so mehr, dass unsere Schule wieder dabei war. Herr Dr. Thomas Kla\u00dfen betreute dieses Projekt federf\u00fchrend.&nbsp;<\/p>\n","protected":false},"excerpt":{"rendered":"<p>Sport In den vergangenen Schuljahren wurde eine Arbeitsgemeinschaft \u201eJugend trainiert f\u00fcr Olympia\u201c durchgef\u00fchrt. Herr Zarbel trainiert mit den Sch\u00fclern und Sch\u00fclerinnen. &nbsp; Bei der Landesschulbeh\u00f6rde L\u00fcneburg hatten wir uns im Jahr 2016&nbsp;erfolgreich f\u00fcr die Zertifizierung \u201eSportfreundliche Schule\u201c beworben, wor\u00fcber wir uns sehr freuten. Die Urkunde kann im Eingangsbereich bewundert werden. Auch in diesem Schuljahr sind&nbsp; &hellip; <\/p>\n<p><a class=\"more-link btn\" href=\"https:\/\/www.realschule-altenwalde.de\/wordpress\/unsere-schule\/projekte-und-wettbewerbe\/\">Weiterlesen<\/a><\/p>\n","protected":false},"author":1,"featured_media":0,"parent":4,"menu_order":1,"comment_status":"closed","ping_status":"closed","template":"","meta":{"ngg_post_thumbnail":0},"_links":{"self":[{"href":"https:\/\/www.realschule-altenwalde.de\/wordpress\/wp-json\/wp\/v2\/pages\/511"}],"collection":[{"href":"https:\/\/www.realschule-altenwalde.de\/wordpress\/wp-json\/wp\/v2\/pages"}],"about":[{"href":"https:\/\/www.realschule-altenwalde.de\/wordpress\/wp-json\/wp\/v2\/types\/page"}],"author":[{"embeddable":true,"href":"https:\/\/www.realschule-altenwalde.de\/wordpress\/wp-json\/wp\/v2\/users\/1"}],"replies":[{"embeddable":true,"href":"https:\/\/www.realschule-altenwalde.de\/wordpress\/wp-json\/wp\/v2\/comments?post=511"}],"version-history":[{"count":23,"href":"https:\/\/www.realschule-altenwalde.de\/wordpress\/wp-json\/wp\/v2\/pages\/511\/revisions"}],"predecessor-version":[{"id":2436,"href":"https:\/\/www.realschule-altenwalde.de\/wordpress\/wp-json\/wp\/v2\/pages\/511\/revisions\/2436"}],"up":[{"embeddable":true,"href":"https:\/\/www.realschule-altenwalde.de\/wordpress\/wp-json\/wp\/v2\/pages\/4"}],"wp:attachment":[{"href":"https:\/\/www.realschule-altenwalde.de\/wordpress\/wp-json\/wp\/v2\/media?parent=511"}],"curies":[{"name":"wp","href":"https:\/\/api.w.org\/{rel}","templated":true}]}}