{"id":504,"date":"2018-04-26T22:09:57","date_gmt":"2018-04-26T20:09:57","guid":{"rendered":"http:\/\/www.realschule-altenwalde.de\/wordpress\/?page_id=504"},"modified":"2018-05-17T18:45:43","modified_gmt":"2018-05-17T16:45:43","slug":"wahlpflichtkurse","status":"publish","type":"page","link":"https:\/\/www.realschule-altenwalde.de\/wordpress\/unsere-schule\/wahlpflichtkurse\/","title":{"rendered":"\ud83c\udfa8 Wahlpflichtkurse"},"content":{"rendered":"<h4 style=\"padding-left: 30px;\">Neuer Grundsatzerlass f\u00fcr die Arbeit an der Realschule<\/h4>\n<p style=\"padding-left: 30px;\">Seit 2010 gilt in ganz Niedersachsen ein neuer Grundsatzerlass f\u00fcr die Arbeit an der Realschule.<\/p>\n<p style=\"padding-left: 30px;\">Wir haben die Auslegung dieses Erlasses ausf\u00fchrlich im Schulvorstand diskutiert. Einige Ver\u00e4nderungen sind in Kraft, z. B. dass die 8. Klassen bereits zweist\u00fcndig im Fach Arbeit\/ Wirtschaft unterrichtet werden. Gleichfalls absolvieren die Sch\u00fcler und Sch\u00fclerinnen im achten Jahrgang ein zweiw\u00f6chiges Praktikum. Insgesamt sind die Praxistage zur Berufsorientierung stark heraufgesetzt, zumal in diesem Jahr das dreiw\u00f6chige Praktikum in neunten Jahrgang ebenfalls erhalten bleibt.<\/p>\n<p style=\"padding-left: 30px;\">Jeder Sch\u00fcler, jede Sch\u00fclerin muss ein Profil w\u00e4hlen und auch in diesem Profil bis zum Ende der Schulzeit verbleiben. Ein sp\u00e4terer Wechsel kann nur in absoluten Ausnahmef\u00e4llen stattfinden.<\/p>\n<p style=\"padding-left: 30px;\">Unsere Profile sind: <strong>Franz\u00f6sisch<\/strong>, <strong>Technik,<\/strong> <strong>Gesundheit und Soziales<\/strong> und <strong>Wirtschaft.<\/strong><\/p>\n<p style=\"padding-left: 30px;\">An dieser Stelle m\u00f6chten wir uns ganz herzlich f\u00fcr die Unterst\u00fctzung au\u00dferschulischer Partner bedanken, die dazu beitragen, den Unterricht in den Profilen interessant und abwechslungsreich zu gestalten und den Sch\u00fclern und Sch\u00fclerinnen Einblicke in das Berufsleben unterschiedlichster Bereiche gew\u00e4hren. Besonders m\u00f6chten wir uns bei dem Koordinator des Deutschen Roten Kreuzes, Herrn Kalteg\u00e4rtner, f\u00fcr seinen unerm\u00fcdlichen Einsatz und bei dem Rettungssanit\u00e4ter Herrn Frinken f\u00fcr seine tatkr\u00e4ftige Unterst\u00fctzung bedanken.&nbsp;<\/p>\n<p style=\"padding-left: 30px;\">Auch in diesem Schuljahr bestehen, wie jedes Jahr ab dem 6. Jahrgang, Wahlpflichtkurse der unterschiedlichsten Art. Diejenigen , die sich f\u00fcr eine zweite Fremdsprache (Option 1) entscheiden, erlernen im Rahmen des Wahlpflichtunterrichts die franz\u00f6sische Sprache in jeweils vier Wochenstunden. Alle anderen Sch\u00fcler und Sch\u00fclerinnen k\u00f6nnen zwei jeweils zweist\u00fcndige Kurse w\u00e4hlen (Option 2). Nach M\u00f6glichkeit sollte jeder Sch\u00fcler seinen Kurswunsch erf\u00fcllt bekommen &#8211; dies ist aber leider aufgrund begrenzter Raumkapazit\u00e4ten nicht immer m\u00f6glich. F\u00fcr Sch\u00fcler und Sch\u00fclerinnen, die Probleme mit dem Lesen und in der Rechtschreibung haben, bieten wir im sechsten Jahrgang eine entsprechende F\u00f6rderung an ( s. <a href=\"http:\/\/www.realschule-altenwalde.de\/wordpress\/unsere-schule\/foerderkonzept\/\">F\u00f6rderkonzept<\/a>). Auch im Unterricht der&nbsp;Wahlpflichtkurse werden Klassenarbeiten geschrieben, die Noten sind versetzungsrelevant und m\u00fcssen&nbsp; im Notfall auch ausgeglichen werden. &nbsp;<\/p>\n<p style=\"padding-left: 30px;\">In der \u00dcbersicht sieht die Konzeption des Wahlpflichtbereichs aktuell wie folgt aus:&nbsp;<\/p>\n<p style=\"padding-left: 30px;\"><img loading=\"lazy\" class=\"aligncenter wp-image-1137 size-full\" src=\"http:\/\/www.realschule-altenwalde.de\/wordpress\/wp-content\/uploads\/2018\/05\/Bildschirmfoto-2018-05-17-um-18.39.45.png\" alt=\"\" width=\"809\" height=\"700\" srcset=\"https:\/\/www.realschule-altenwalde.de\/wordpress\/wp-content\/uploads\/2018\/05\/Bildschirmfoto-2018-05-17-um-18.39.45.png 809w, https:\/\/www.realschule-altenwalde.de\/wordpress\/wp-content\/uploads\/2018\/05\/Bildschirmfoto-2018-05-17-um-18.39.45-300x260.png 300w, https:\/\/www.realschule-altenwalde.de\/wordpress\/wp-content\/uploads\/2018\/05\/Bildschirmfoto-2018-05-17-um-18.39.45-768x665.png 768w, https:\/\/www.realschule-altenwalde.de\/wordpress\/wp-content\/uploads\/2018\/05\/Bildschirmfoto-2018-05-17-um-18.39.45-100x87.png 100w\" sizes=\"(max-width: 809px) 100vw, 809px\" \/><\/p>\n","protected":false},"excerpt":{"rendered":"<p>Neuer Grundsatzerlass f\u00fcr die Arbeit an der Realschule Seit 2010 gilt in ganz Niedersachsen ein neuer Grundsatzerlass f\u00fcr die Arbeit an der Realschule. Wir haben die Auslegung dieses Erlasses ausf\u00fchrlich im Schulvorstand diskutiert. Einige Ver\u00e4nderungen sind in Kraft, z. B. dass die 8. Klassen bereits zweist\u00fcndig im Fach Arbeit\/ Wirtschaft unterrichtet werden. Gleichfalls absolvieren die &hellip; <\/p>\n<p><a class=\"more-link btn\" href=\"https:\/\/www.realschule-altenwalde.de\/wordpress\/unsere-schule\/wahlpflichtkurse\/\">Weiterlesen<\/a><\/p>\n","protected":false},"author":1,"featured_media":0,"parent":4,"menu_order":9,"comment_status":"closed","ping_status":"closed","template":"","meta":{"ngg_post_thumbnail":0},"_links":{"self":[{"href":"https:\/\/www.realschule-altenwalde.de\/wordpress\/wp-json\/wp\/v2\/pages\/504"}],"collection":[{"href":"https:\/\/www.realschule-altenwalde.de\/wordpress\/wp-json\/wp\/v2\/pages"}],"about":[{"href":"https:\/\/www.realschule-altenwalde.de\/wordpress\/wp-json\/wp\/v2\/types\/page"}],"author":[{"embeddable":true,"href":"https:\/\/www.realschule-altenwalde.de\/wordpress\/wp-json\/wp\/v2\/users\/1"}],"replies":[{"embeddable":true,"href":"https:\/\/www.realschule-altenwalde.de\/wordpress\/wp-json\/wp\/v2\/comments?post=504"}],"version-history":[{"count":8,"href":"https:\/\/www.realschule-altenwalde.de\/wordpress\/wp-json\/wp\/v2\/pages\/504\/revisions"}],"predecessor-version":[{"id":1138,"href":"https:\/\/www.realschule-altenwalde.de\/wordpress\/wp-json\/wp\/v2\/pages\/504\/revisions\/1138"}],"up":[{"embeddable":true,"href":"https:\/\/www.realschule-altenwalde.de\/wordpress\/wp-json\/wp\/v2\/pages\/4"}],"wp:attachment":[{"href":"https:\/\/www.realschule-altenwalde.de\/wordpress\/wp-json\/wp\/v2\/media?parent=504"}],"curies":[{"name":"wp","href":"https:\/\/api.w.org\/{rel}","templated":true}]}}