{"id":501,"date":"2018-04-26T22:05:41","date_gmt":"2018-04-26T20:05:41","guid":{"rendered":"http:\/\/www.realschule-altenwalde.de\/wordpress\/?page_id=501"},"modified":"2018-05-03T18:13:15","modified_gmt":"2018-05-03T16:13:15","slug":"foerderkonzept","status":"publish","type":"page","link":"https:\/\/www.realschule-altenwalde.de\/wordpress\/unsere-schule\/foerderkonzept\/","title":{"rendered":"\ud83d\udcd6 F\u00f6rderkonzept"},"content":{"rendered":"<h3 style=\"text-align: center;\">Konzept zur Lese-Rechtschreibf\u00f6rderung&nbsp;der Geschwister- Scholl- Schule<\/h3>\n<h4 style=\"text-align: center;\">&#8211; Realschule Altenwalde &#8211;<br \/>\n&nbsp;<br \/>\n&nbsp;<\/h4>\n<p style=\"text-align: left; padding-left: 30px;\">Sollten wir in Zusammenarbeit mit dem Klassenlehrer Ihres Kindes ein insgesamt relativ stabiles Gesamtleistungsbild festgestellen, welches allerdings Schw\u00e4chen in der Rechtschreibung (und im Lesen) aufweist, so werden wir&nbsp;Sie als Eltern zu einem Elterninformationsabend in unserer Schule einladen und informieren.&nbsp;<\/p>\n<p style=\"text-align: left; padding-left: 30px;\">Schw\u00e4chen in der Rechtschreibung haben erfahrungsgem\u00e4\u00df langfristige Auswirkungen auf die Leistungen eines Kindes in beinahe allen Schulf\u00e4chern, so dass die schulischen Leistungen Ihres Kindes darunter mit an Sicherheit grenzender Wahrscheinlichkeit leiden werden.<\/p>\n<p style=\"text-align: left; padding-left: 30px;\">Um diesem Missstand fr\u00fchzeitig entgegenzuwirken, w\u00e4re die Teilnahme an einem eigens hierf\u00fcr geschaffenen&nbsp;<em><strong>Wahlpflichtkurs&nbsp;\u201eLesen und Schreiben &#8220; \/ Training f\u00fcr Lese- und Rechtschreibschwache<\/strong><\/em>.<\/p>\n<h4 style=\"text-align: left; padding-left: 30px;\">Kurs hat sich bew\u00e4hrt<\/h4>\n<p style=\"padding-left: 30px;\">Mittlerweile bew\u00e4hrt sich dieser Kurs im f\u00fcnften Jahr und die Sch\u00fcler berichten am Ende des Schuljahres davon, dass es ihr Lieblingswahlpflichtkurs sei. Die Gruppengr\u00f6\u00dfe und die ruhige und individuelle Arbeitsatmosph\u00e4re haben darauf sicher gro\u00dfen Einfluss.<\/p>\n<h4 style=\"padding-left: 30px;\">Voraussetzungen<\/h4>\n<p style=\"padding-left: 30px;\">Grunds\u00e4tzlich haben die Sch\u00fcler ab Schuljahrgang 6 die M\u00f6glichkeit an zwei Wahlpflichtkursen teilzunehmen. Durch die einj\u00e4hrige Teilnahme am oben genannten Wahlpflichtkurs k\u00f6nnte Ihr Kind somit in Klasse 6 nur einen weiteren Wahlpflichtkurs belegen. Die Teilnahme am Wahlpflichtkurs Franz\u00f6sisch von Klasse 6-10 w\u00e4re hierdurch ausgeschlossen.<\/p>\n<h4 style=\"padding-left: 30px;\">Kooperationspartner<\/h4>\n<p style=\"padding-left: 30px;\">In Kooperation mit dem Lernserver der Universit\u00e4t M\u00fcnster, Fachbereich Sprachwissenschaften, soll zun\u00e4chst in den n\u00e4chsten Wochen (mit Hilfe eines Diagnosediktates) der Fehlerschwerpunkt bez\u00fcglich der Rechtschreibung Ihres Kindes analysiert werden. Im gesamten folgenden Schuljahr findet in der 6. Klasse ein auf die Schw\u00e4chen Ihres Kindes ausgerichteter Unterricht im Rahmen einer Kleinstlerngruppe von ca. 5- 8 Sch\u00fclern im Wahlpflichtkurs statt.<\/p>\n<h4 style=\"padding-left: 30px;\">Durchf\u00fchrung\/ Finanzierung<\/h4>\n<p style=\"padding-left: 30px;\">Die Diagnose der Rechtschreibleistung Ihres Kindes wird von Fachleuten der Universit\u00e4t M\u00fcnster durchgef\u00fchrt und betreut. Der Testbogen, der individuelle F\u00f6rderplan f\u00fcr Ihr Kind sowie die speziell f\u00fcr Ihr Kind zusammengestellten F\u00f6rderunterlagen (F\u00f6rderhandbuch) belaufen sich auf 59,90 \u20ac f\u00fcr das gesamte Schuljahr, so dass sich rein rechnerisch ein monatlicher Betrag von ca. 5\u20ac f\u00fcr die individuelle F\u00f6rderung Ihres Kindes ergibt.<\/p>\n<p style=\"padding-left: 30px;\">&nbsp;<\/p>\n","protected":false},"excerpt":{"rendered":"<p>Konzept zur Lese-Rechtschreibf\u00f6rderung&nbsp;der Geschwister- Scholl- Schule &#8211; Realschule Altenwalde &#8211; &nbsp; &nbsp; Sollten wir in Zusammenarbeit mit dem Klassenlehrer Ihres Kindes ein insgesamt relativ stabiles Gesamtleistungsbild festgestellen, welches allerdings Schw\u00e4chen in der Rechtschreibung (und im Lesen) aufweist, so werden wir&nbsp;Sie als Eltern zu einem Elterninformationsabend in unserer Schule einladen und informieren.&nbsp; Schw\u00e4chen in der Rechtschreibung &hellip; <\/p>\n<p><a class=\"more-link btn\" href=\"https:\/\/www.realschule-altenwalde.de\/wordpress\/unsere-schule\/foerderkonzept\/\">Weiterlesen<\/a><\/p>\n","protected":false},"author":1,"featured_media":0,"parent":4,"menu_order":7,"comment_status":"closed","ping_status":"closed","template":"","meta":{"ngg_post_thumbnail":0},"_links":{"self":[{"href":"https:\/\/www.realschule-altenwalde.de\/wordpress\/wp-json\/wp\/v2\/pages\/501"}],"collection":[{"href":"https:\/\/www.realschule-altenwalde.de\/wordpress\/wp-json\/wp\/v2\/pages"}],"about":[{"href":"https:\/\/www.realschule-altenwalde.de\/wordpress\/wp-json\/wp\/v2\/types\/page"}],"author":[{"embeddable":true,"href":"https:\/\/www.realschule-altenwalde.de\/wordpress\/wp-json\/wp\/v2\/users\/1"}],"replies":[{"embeddable":true,"href":"https:\/\/www.realschule-altenwalde.de\/wordpress\/wp-json\/wp\/v2\/comments?post=501"}],"version-history":[{"count":2,"href":"https:\/\/www.realschule-altenwalde.de\/wordpress\/wp-json\/wp\/v2\/pages\/501\/revisions"}],"predecessor-version":[{"id":734,"href":"https:\/\/www.realschule-altenwalde.de\/wordpress\/wp-json\/wp\/v2\/pages\/501\/revisions\/734"}],"up":[{"embeddable":true,"href":"https:\/\/www.realschule-altenwalde.de\/wordpress\/wp-json\/wp\/v2\/pages\/4"}],"wp:attachment":[{"href":"https:\/\/www.realschule-altenwalde.de\/wordpress\/wp-json\/wp\/v2\/media?parent=501"}],"curies":[{"name":"wp","href":"https:\/\/api.w.org\/{rel}","templated":true}]}}