{"id":484,"date":"2018-04-26T20:02:56","date_gmt":"2018-04-26T18:02:56","guid":{"rendered":"http:\/\/www.realschule-altenwalde.de\/wordpress\/?page_id=484"},"modified":"2018-08-07T15:45:54","modified_gmt":"2018-08-07T13:45:54","slug":"arbeitsgemeinschaften","status":"publish","type":"page","link":"https:\/\/www.realschule-altenwalde.de\/wordpress\/unsere-schule\/arbeitsgemeinschaften\/","title":{"rendered":"\u26bd Arbeitsgemeinschaften"},"content":{"rendered":"<p style=\"padding-left: 30px;\">An unserer Schule werden verschiedene Arbeitsgemeinschaften angeboten:<\/p>\n<p style=\"padding-left: 30px;\">\n<table id=\"tablepress-2\" class=\"tablepress tablepress-id-2\">\n<thead>\n<tr class=\"row-1\">\n\t<th class=\"column-1\">&nbsp;<\/th><th class=\"column-2\">AG<\/th><th class=\"column-3\">&nbsp;<\/th><th class=\"column-4\">Name<\/th>\n<\/tr>\n<\/thead>\n<tbody class=\"row-hover\">\n<tr class=\"row-2\">\n\t<td class=\"column-1\"><\/td><td class=\"column-2\">Ballsportarten<\/td><td class=\"column-3\">Herr<\/td><td class=\"column-4\">Zarbel<\/td>\n<\/tr>\n<tr class=\"row-3\">\n\t<td class=\"column-1\"><\/td><td class=\"column-2\"><a href=\"https:\/\/www.realschule-altenwalde.de\/wordpress\/unsere-schule\/schulsanitaetsdienst\/\">Schulsanit\u00e4tsdienst<\/a><\/td><td class=\"column-3\">Frau<\/td><td class=\"column-4\">Stache<\/td>\n<\/tr>\n<tr class=\"row-4\">\n\t<td class=\"column-1\"><\/td><td class=\"column-2\"><a href=\"https:\/\/www.realschule-altenwalde.de\/wordpress\/unsere-schule\/streitschlichter\/\">Streitschlichter<\/a><\/td><td class=\"column-3\">Frau<br \/>\nFrau<\/td><td class=\"column-4\">Kipp<br \/>\nMeyer<\/td>\n<\/tr>\n<tr class=\"row-5\">\n\t<td class=\"column-1\"><\/td><td class=\"column-2\"><a href=\"https:\/\/www.realschule-altenwalde.de\/wordpress\/unsere-schule\/lego-spike-prime\/\">LEGO Spike Prime<\/a><\/td><td class=\"column-3\">Herr<\/td><td class=\"column-4\">Jung<\/td>\n<\/tr>\n<\/tbody>\n<\/table>\n<!-- #tablepress-2 from cache --><\/p>\n<p style=\"padding-left: 30px;\">Sch\u00fcler und Sch\u00fclerinnen, die an einer Arbeitsgemeinschaft teilnehmen m\u00f6chten, k\u00f6nnen sich bei den genannten Kollegen melden und erfahren dann mehr \u00fcber Termine und Veranstaltungsorte.<\/p>\n<p>&nbsp;<\/p>\n","protected":false},"excerpt":{"rendered":"<p>An unserer Schule werden verschiedene Arbeitsgemeinschaften angeboten: Sch\u00fcler und Sch\u00fclerinnen, die an einer Arbeitsgemeinschaft teilnehmen m\u00f6chten, k\u00f6nnen sich bei den genannten Kollegen melden und erfahren dann mehr \u00fcber Termine und Veranstaltungsorte. &nbsp;<\/p>\n","protected":false},"author":1,"featured_media":0,"parent":4,"menu_order":8,"comment_status":"closed","ping_status":"closed","template":"","meta":{"ngg_post_thumbnail":0},"_links":{"self":[{"href":"https:\/\/www.realschule-altenwalde.de\/wordpress\/wp-json\/wp\/v2\/pages\/484"}],"collection":[{"href":"https:\/\/www.realschule-altenwalde.de\/wordpress\/wp-json\/wp\/v2\/pages"}],"about":[{"href":"https:\/\/www.realschule-altenwalde.de\/wordpress\/wp-json\/wp\/v2\/types\/page"}],"author":[{"embeddable":true,"href":"https:\/\/www.realschule-altenwalde.de\/wordpress\/wp-json\/wp\/v2\/users\/1"}],"replies":[{"embeddable":true,"href":"https:\/\/www.realschule-altenwalde.de\/wordpress\/wp-json\/wp\/v2\/comments?post=484"}],"version-history":[{"count":3,"href":"https:\/\/www.realschule-altenwalde.de\/wordpress\/wp-json\/wp\/v2\/pages\/484\/revisions"}],"predecessor-version":[{"id":739,"href":"https:\/\/www.realschule-altenwalde.de\/wordpress\/wp-json\/wp\/v2\/pages\/484\/revisions\/739"}],"up":[{"embeddable":true,"href":"https:\/\/www.realschule-altenwalde.de\/wordpress\/wp-json\/wp\/v2\/pages\/4"}],"wp:attachment":[{"href":"https:\/\/www.realschule-altenwalde.de\/wordpress\/wp-json\/wp\/v2\/media?parent=484"}],"curies":[{"name":"wp","href":"https:\/\/api.w.org\/{rel}","templated":true}]}}