{"id":481,"date":"2018-04-26T19:55:36","date_gmt":"2018-04-26T17:55:36","guid":{"rendered":"http:\/\/www.realschule-altenwalde.de\/wordpress\/?page_id=481"},"modified":"2025-02-20T08:22:00","modified_gmt":"2025-02-20T07:22:00","slug":"schulvorstand","status":"publish","type":"page","link":"https:\/\/www.realschule-altenwalde.de\/wordpress\/unsere-schule\/schulvorstand\/","title":{"rendered":"\ud83d\udcc8 Schulvorstand"},"content":{"rendered":"<h4 style=\"padding-left: 30px;\">Funktion und Aufgaben des Schulvorstandes<\/h4>\n<p style=\"padding-left: 30px;\">Alle \u00f6ffentlichen Schulen in Niedersachsen sind seit dem 01.08.2007 eigenverantwortlich. Der Schulvorstand besch\u00e4ftigt sich intensiv mit allen wichtigen Belangen und Aufgaben der Schule. Eltern und Sch\u00fcler erhalten durch den Schulvorstand ein wesentlich gr\u00f6\u00dferes Mitbestimmungsrecht, um Schule positiv zu ver\u00e4ndern. Das bedeutet einerseits, dass unsere Schule in vielerlei Hinsicht mehr Entscheidungsfreiheit bekommen hat, andererseits tragen die am Schulleben Mitwirkenden, und vor allem die Vertreter im Schulvorstand, die Verantwortung f\u00fcr ihr schulisches Handeln.<\/p>\n<h4 style=\"padding-left: 30px;\">Leitbild<\/h4>\n<p style=\"padding-left: 30px;\">Der Schulvorstand hat ein Leitbild f\u00fcr unsere Schule entwickelt. Aus diesem Leitbild entwickelt der Schulvorstand ein Schulprogramm, welches die zentralen Aktivit\u00e4ten unseres Schulleben regelt. Der Schulvorstand ist also ein sehr wichtiges Gremium der Schule und tagt regelm\u00e4\u00dfig zu festgelegten Zeiten. Gleichzeitig arbeitet der Schulvorstand unserer Schule in workshops, die alle m\u00f6glichen &#8222;Unterthemen&#8220; bearbeiten.<\/p>\n<h4 style=\"padding-left: 30px;\">Zusammensetzung des Schulvorstandes<\/h4>\n<p style=\"padding-left: 30px;\">Bei uns an der Schule sind im Schulvorstand 6 Lehrer, 3 Elternvertreter und 3 Sch\u00fcler.<\/p>\n<h4 style=\"padding-left: 30px;\">Der Schulvorstand der Geschwister-Scholl-Schule:<\/h4>\n<ul>\n<li style=\"padding-left: 30px;\">Lehrer:\n<ul>\n<li style=\"padding-left: 30px;\">Herr Ohland-Schumacher<\/li>\n<li style=\"padding-left: 30px;\">Frau Sommer<\/li>\n<li style=\"padding-left: 30px;\">Frau Stache<\/li>\n<li style=\"padding-left: 30px;\">Herr Jung<\/li>\n<li style=\"padding-left: 30px;\">Frau Kipp<\/li>\n<li style=\"padding-left: 30px;\">Herr Bohlen<\/li>\n<\/ul>\n<\/li>\n<\/ul>\n<hr>\n<ul>\n<li style=\"padding-left: 30px;\">Elternvertreter:\n<ul>\n<li style=\"padding-left: 30px;\">Frau Keuntje<\/li>\n<li style=\"padding-left: 30px;\">Frau Gummlich<\/li>\n<li style=\"padding-left: 30px;\">Herr Wujkiw<\/li>\n<\/ul>\n<\/li>\n<\/ul>\n<hr>\n<ul>\n<li style=\"padding-left: 30px;\">Sch\u00fclervertreter:\n<ul>\n<li style=\"padding-left: 30px;\">\n<div data-canvas-width=\"191.88800000000003\">Zsanett Mujnai<\/div>\n<\/li>\n<li style=\"padding-left: 30px;\">Ben Liekam<\/li>\n<li style=\"padding-left: 30px;\">Julian Mues<\/li>\n<\/ul>\n<\/li>\n<\/ul>\n<p>&nbsp;<\/p>\n","protected":false},"excerpt":{"rendered":"<p>Funktion und Aufgaben des Schulvorstandes Alle \u00f6ffentlichen Schulen in Niedersachsen sind seit dem 01.08.2007 eigenverantwortlich. Der Schulvorstand besch\u00e4ftigt sich intensiv mit allen wichtigen Belangen und Aufgaben der Schule. Eltern und Sch\u00fcler erhalten durch den Schulvorstand ein wesentlich gr\u00f6\u00dferes Mitbestimmungsrecht, um Schule positiv zu ver\u00e4ndern. Das bedeutet einerseits, dass unsere Schule in vielerlei Hinsicht mehr Entscheidungsfreiheit &hellip; <\/p>\n<p><a class=\"more-link btn\" href=\"https:\/\/www.realschule-altenwalde.de\/wordpress\/unsere-schule\/schulvorstand\/\">Weiterlesen<\/a><\/p>\n","protected":false},"author":1,"featured_media":1056,"parent":4,"menu_order":4,"comment_status":"closed","ping_status":"closed","template":"","meta":{"ngg_post_thumbnail":0},"_links":{"self":[{"href":"https:\/\/www.realschule-altenwalde.de\/wordpress\/wp-json\/wp\/v2\/pages\/481"}],"collection":[{"href":"https:\/\/www.realschule-altenwalde.de\/wordpress\/wp-json\/wp\/v2\/pages"}],"about":[{"href":"https:\/\/www.realschule-altenwalde.de\/wordpress\/wp-json\/wp\/v2\/types\/page"}],"author":[{"embeddable":true,"href":"https:\/\/www.realschule-altenwalde.de\/wordpress\/wp-json\/wp\/v2\/users\/1"}],"replies":[{"embeddable":true,"href":"https:\/\/www.realschule-altenwalde.de\/wordpress\/wp-json\/wp\/v2\/comments?post=481"}],"version-history":[{"count":12,"href":"https:\/\/www.realschule-altenwalde.de\/wordpress\/wp-json\/wp\/v2\/pages\/481\/revisions"}],"predecessor-version":[{"id":3418,"href":"https:\/\/www.realschule-altenwalde.de\/wordpress\/wp-json\/wp\/v2\/pages\/481\/revisions\/3418"}],"up":[{"embeddable":true,"href":"https:\/\/www.realschule-altenwalde.de\/wordpress\/wp-json\/wp\/v2\/pages\/4"}],"wp:featuredmedia":[{"embeddable":true,"href":"https:\/\/www.realschule-altenwalde.de\/wordpress\/wp-json\/wp\/v2\/media\/1056"}],"wp:attachment":[{"href":"https:\/\/www.realschule-altenwalde.de\/wordpress\/wp-json\/wp\/v2\/media?parent=481"}],"curies":[{"name":"wp","href":"https:\/\/api.w.org\/{rel}","templated":true}]}}