{"id":475,"date":"2018-04-26T19:38:01","date_gmt":"2018-04-26T17:38:01","guid":{"rendered":"http:\/\/www.realschule-altenwalde.de\/wordpress\/?page_id=475"},"modified":"2023-05-12T08:29:28","modified_gmt":"2023-05-12T06:29:28","slug":"ganztagsschule","status":"publish","type":"page","link":"https:\/\/www.realschule-altenwalde.de\/wordpress\/unsere-schule\/ganztagsschule\/","title":{"rendered":"\u2600\ufe0f Ganztagsschule"},"content":{"rendered":"<p style=\"padding-left: 30px;\"><img loading=\"lazy\" class=\"alignleft size-medium wp-image-1052\" src=\"http:\/\/www.realschule-altenwalde.de\/wordpress\/wp-content\/uploads\/2018\/05\/Spielraum1-300x225.jpg\" alt=\"\" width=\"300\" height=\"225\" srcset=\"https:\/\/www.realschule-altenwalde.de\/wordpress\/wp-content\/uploads\/2018\/05\/Spielraum1-300x225.jpg 300w, https:\/\/www.realschule-altenwalde.de\/wordpress\/wp-content\/uploads\/2018\/05\/Spielraum1-768x576.jpg 768w, https:\/\/www.realschule-altenwalde.de\/wordpress\/wp-content\/uploads\/2018\/05\/Spielraum1-1024x768.jpg 1024w, https:\/\/www.realschule-altenwalde.de\/wordpress\/wp-content\/uploads\/2018\/05\/Spielraum1-100x75.jpg 100w\" sizes=\"(max-width: 300px) 100vw, 300px\" \/>Unsere Schule ist seit dem Schuljahr 13\/14 eine offene Ganztagsschule.<\/p>\n<p style=\"padding-left: 30px;\">Das hei\u00dft konkret, dass wir dienstags, mittwochs und donnerstags ein Nachmittagsangebot f\u00fcr die 5. und 6. Klassen bereithalten. An diesen Wochentagen k\u00f6nnen die Kinder nach Schulschluss eine warme Mahlzeit einnehmen, welches von einem Lieferanten direkt in die Schule geliefert wird. Wir haben eine kleine <a href=\"http:\/\/www.realschule-altenwalde.de\/wordpress\/mensa\/\">Mensa<\/a> aus einem Klassenraum hergerichtet, in dem die Kinder dank des Kunst-Wahlpflichtkurses in angenehmer Atmosph\u00e4re essen k\u00f6nnen. Das Essen ist kostenpflichtig und kostet derzeit 4,20 Euro (Stand: August 2023).<\/p>\n<p style=\"padding-left: 30px;\">Nach dem Mittagessen k\u00f6nnen die Sch\u00fcler noch etwas zusammen spielen, bis dann ab 14 bis 15 Uhr die Lernzeit stattfindet. Hier haben die Kinder die M\u00f6glichkeit, Hausaufgaben anzufertigen, Mappen zu pflegen, Vokabeln zu \u00fcben etc. Die Betreuung findet durch Lehrkr\u00e4fte unserer Schule statt.<\/p>\n<p style=\"padding-left: 30px;\"><img loading=\"lazy\" class=\"size-medium wp-image-1053 alignright\" src=\"http:\/\/www.realschule-altenwalde.de\/wordpress\/wp-content\/uploads\/2018\/05\/Mensa2-300x225.jpg\" alt=\"\" width=\"300\" height=\"225\" srcset=\"https:\/\/www.realschule-altenwalde.de\/wordpress\/wp-content\/uploads\/2018\/05\/Mensa2-300x225.jpg 300w, https:\/\/www.realschule-altenwalde.de\/wordpress\/wp-content\/uploads\/2018\/05\/Mensa2-768x576.jpg 768w, https:\/\/www.realschule-altenwalde.de\/wordpress\/wp-content\/uploads\/2018\/05\/Mensa2-1024x768.jpg 1024w, https:\/\/www.realschule-altenwalde.de\/wordpress\/wp-content\/uploads\/2018\/05\/Mensa2-100x75.jpg 100w\" sizes=\"(max-width: 300px) 100vw, 300px\" \/>Nach der Lernzeit bieten wir ein freies Angebot f\u00fcr die Sch\u00fcler und Sch\u00fclerinnen.&nbsp; Die Kinder werden w\u00e4hrend der Angebote von 15-16 Uhr von Lehrkr\u00e4ften unserer Schule beim Tischtennis, Schach, Basteln, Kickern, etc. betreut. Lediglich der Schwimmkurs (Frau Klowat vom TSV Altenwalde) und der Tenniskurs (Herr Garbe vom TC Altenwalde) werden von externen Partnern betreut. Diese Angebote sind kostenfrei.<\/p>\n<p style=\"padding-left: 30px;\">Mit dem Tr\u00e4ger der Sch\u00fclerbef\u00f6rderung ist abgesprochen, dass der Transport unserer Sch\u00fcler am Nachmittag gesichert ist. Sie k\u00f6nnen davon ausgehen, dass Ihre Kinder ab 16.oo Uhr den Heimweg antreten. Hierbei kann es, je nach Ortsteil, zu geringen Schwankungen kommen.<\/p>\n<p style=\"padding-left: 30px;\">Sie haben die Wahl, ob Sie Ihr Kind an einem, zwei oder drei Tagen zu diesem Angebot anmelden m\u00f6chten. Grunds\u00e4tzlich ist die Teilnahme freiwillig. Da wir die Angebote vielf\u00e4ltig gestalten m\u00f6chten, aber auch verbindliche Zahlen f\u00fcr die einzelnen Anbieter brauchen, werden Sie gebeten, Ihr Kind verbindlich anzumelden, falls Sie dies w\u00fcnschen.<\/p>\n","protected":false},"excerpt":{"rendered":"<p>Unsere Schule ist seit dem Schuljahr 13\/14 eine offene Ganztagsschule. Das hei\u00dft konkret, dass wir dienstags, mittwochs und donnerstags ein Nachmittagsangebot f\u00fcr die 5. und 6. Klassen bereithalten. An diesen Wochentagen k\u00f6nnen die Kinder nach Schulschluss eine warme Mahlzeit einnehmen, welches von einem Lieferanten direkt in die Schule geliefert wird. Wir haben eine kleine Mensa &hellip; <\/p>\n<p><a class=\"more-link btn\" href=\"https:\/\/www.realschule-altenwalde.de\/wordpress\/unsere-schule\/ganztagsschule\/\">Weiterlesen<\/a><\/p>\n","protected":false},"author":1,"featured_media":0,"parent":4,"menu_order":8,"comment_status":"closed","ping_status":"closed","template":"","meta":{"ngg_post_thumbnail":0},"_links":{"self":[{"href":"https:\/\/www.realschule-altenwalde.de\/wordpress\/wp-json\/wp\/v2\/pages\/475"}],"collection":[{"href":"https:\/\/www.realschule-altenwalde.de\/wordpress\/wp-json\/wp\/v2\/pages"}],"about":[{"href":"https:\/\/www.realschule-altenwalde.de\/wordpress\/wp-json\/wp\/v2\/types\/page"}],"author":[{"embeddable":true,"href":"https:\/\/www.realschule-altenwalde.de\/wordpress\/wp-json\/wp\/v2\/users\/1"}],"replies":[{"embeddable":true,"href":"https:\/\/www.realschule-altenwalde.de\/wordpress\/wp-json\/wp\/v2\/comments?post=475"}],"version-history":[{"count":11,"href":"https:\/\/www.realschule-altenwalde.de\/wordpress\/wp-json\/wp\/v2\/pages\/475\/revisions"}],"predecessor-version":[{"id":2943,"href":"https:\/\/www.realschule-altenwalde.de\/wordpress\/wp-json\/wp\/v2\/pages\/475\/revisions\/2943"}],"up":[{"embeddable":true,"href":"https:\/\/www.realschule-altenwalde.de\/wordpress\/wp-json\/wp\/v2\/pages\/4"}],"wp:attachment":[{"href":"https:\/\/www.realschule-altenwalde.de\/wordpress\/wp-json\/wp\/v2\/media?parent=475"}],"curies":[{"name":"wp","href":"https:\/\/api.w.org\/{rel}","templated":true}]}}