{"id":466,"date":"2018-04-26T16:00:20","date_gmt":"2018-04-26T14:00:20","guid":{"rendered":"http:\/\/www.realschule-altenwalde.de\/wordpress\/?page_id=466"},"modified":"2018-05-09T18:46:40","modified_gmt":"2018-05-09T16:46:40","slug":"schulbibliothek","status":"publish","type":"page","link":"https:\/\/www.realschule-altenwalde.de\/wordpress\/unsere-schule\/schulbibliothek\/","title":{"rendered":"\ud83d\udcda Schulbibliothek"},"content":{"rendered":"<p style=\"padding-left: 30px;\"><img loading=\"lazy\" class=\"alignleft size-medium wp-image-1049\" src=\"http:\/\/www.realschule-altenwalde.de\/wordpress\/wp-content\/uploads\/2018\/05\/Buecherei1-300x225.jpg\" alt=\"\" width=\"300\" height=\"225\" srcset=\"https:\/\/www.realschule-altenwalde.de\/wordpress\/wp-content\/uploads\/2018\/05\/Buecherei1-300x225.jpg 300w, https:\/\/www.realschule-altenwalde.de\/wordpress\/wp-content\/uploads\/2018\/05\/Buecherei1-768x576.jpg 768w, https:\/\/www.realschule-altenwalde.de\/wordpress\/wp-content\/uploads\/2018\/05\/Buecherei1-1024x768.jpg 1024w, https:\/\/www.realschule-altenwalde.de\/wordpress\/wp-content\/uploads\/2018\/05\/Buecherei1-100x75.jpg 100w\" sizes=\"(max-width: 300px) 100vw, 300px\" \/>An der Geschwister-Scholl-Schule gibt es eine kleine B\u00fccherei f\u00fcr Sch\u00fcler und Sch\u00fclerinnen. Sie ist im Hauptgeb\u00e4ude im 1. Stock zu finden. Wir bem\u00fchen uns, die Aktualit\u00e4t des Bestandes zu halten. So besteht die M\u00f6glichkeit sich mit &#8222;Lesefutter&#8220; zu versorgen, ohne dass man sich gleich ein neues Buch kaufen muss oder auch in den gro\u00dfen Pausen ein bisschen zu schm\u00f6kern.<\/p>\n<p>Die B\u00fccherei ist jeden Tag in der <strong>ersten gro\u00dfen Pause von 9:20 bis 9:40 Uhr<\/strong> ge\u00f6ffnet.<\/p>\n<p style=\"padding-left: 30px;\">Die Schulb\u00fccherei wird von Frau D\u00f6scher und Frau Kipp betreut.<\/p>\n<p>&nbsp;<\/p>\n","protected":false},"excerpt":{"rendered":"<p>An der Geschwister-Scholl-Schule gibt es eine kleine B\u00fccherei f\u00fcr Sch\u00fcler und Sch\u00fclerinnen. Sie ist im Hauptgeb\u00e4ude im 1. Stock zu finden. Wir bem\u00fchen uns, die Aktualit\u00e4t des Bestandes zu halten. So besteht die M\u00f6glichkeit sich mit &#8222;Lesefutter&#8220; zu versorgen, ohne dass man sich gleich ein neues Buch kaufen muss oder auch in den gro\u00dfen Pausen &hellip; <\/p>\n<p><a class=\"more-link btn\" href=\"https:\/\/www.realschule-altenwalde.de\/wordpress\/unsere-schule\/schulbibliothek\/\">Weiterlesen<\/a><\/p>\n","protected":false},"author":1,"featured_media":0,"parent":4,"menu_order":9,"comment_status":"closed","ping_status":"closed","template":"","meta":{"ngg_post_thumbnail":0},"_links":{"self":[{"href":"https:\/\/www.realschule-altenwalde.de\/wordpress\/wp-json\/wp\/v2\/pages\/466"}],"collection":[{"href":"https:\/\/www.realschule-altenwalde.de\/wordpress\/wp-json\/wp\/v2\/pages"}],"about":[{"href":"https:\/\/www.realschule-altenwalde.de\/wordpress\/wp-json\/wp\/v2\/types\/page"}],"author":[{"embeddable":true,"href":"https:\/\/www.realschule-altenwalde.de\/wordpress\/wp-json\/wp\/v2\/users\/1"}],"replies":[{"embeddable":true,"href":"https:\/\/www.realschule-altenwalde.de\/wordpress\/wp-json\/wp\/v2\/comments?post=466"}],"version-history":[{"count":5,"href":"https:\/\/www.realschule-altenwalde.de\/wordpress\/wp-json\/wp\/v2\/pages\/466\/revisions"}],"predecessor-version":[{"id":1051,"href":"https:\/\/www.realschule-altenwalde.de\/wordpress\/wp-json\/wp\/v2\/pages\/466\/revisions\/1051"}],"up":[{"embeddable":true,"href":"https:\/\/www.realschule-altenwalde.de\/wordpress\/wp-json\/wp\/v2\/pages\/4"}],"wp:attachment":[{"href":"https:\/\/www.realschule-altenwalde.de\/wordpress\/wp-json\/wp\/v2\/media?parent=466"}],"curies":[{"name":"wp","href":"https:\/\/api.w.org\/{rel}","templated":true}]}}