{"id":456,"date":"2018-04-26T15:36:24","date_gmt":"2018-04-26T13:36:24","guid":{"rendered":"http:\/\/www.realschule-altenwalde.de\/wordpress\/?page_id=456"},"modified":"2024-04-11T20:00:03","modified_gmt":"2024-04-11T18:00:03","slug":"partnerschule-vannes","status":"publish","type":"page","link":"https:\/\/www.realschule-altenwalde.de\/wordpress\/unsere-schule\/partnerschule-vannes\/","title":{"rendered":"\ud83c\uddeb\ud83c\uddf7 Partnerschule Vannes"},"content":{"rendered":"<h3 style=\"font-weight: 400;\"><strong><u>Le coll\u00e8ge le Sacr\u00e9 C\u0153ur &#8211; Unsere Partnerschule<\/u><\/strong><\/h3>\n<p style=\"font-weight: 400;\">Schon <strong><em>seit 1987<\/em><\/strong> haben wir mit dem <a href=\"http:\/\/www.collegesacrecoeur.org\/\"><strong><em>Coll\u00e8ge le Sacr\u00e9 C\u0153ur<\/em><\/strong><\/a> einen Sch\u00fcleraustausch.<\/p>\n<div id=\"attachment_460\" style=\"width: 300px\" class=\"wp-caption alignleft\"><img aria-describedby=\"caption-attachment-460\" loading=\"lazy\" class=\"wp-image-460 size-medium\" src=\"https:\/\/www.realschule-altenwalde.de\/wordpress\/wp-content\/uploads\/2018\/04\/GSS-CSC-300x194.jpg\" alt=\"\" width=\"300\" height=\"194\" srcset=\"https:\/\/www.realschule-altenwalde.de\/wordpress\/wp-content\/uploads\/2018\/04\/GSS-CSC-300x194.jpg 300w, https:\/\/www.realschule-altenwalde.de\/wordpress\/wp-content\/uploads\/2018\/04\/GSS-CSC-768x498.jpg 768w, https:\/\/www.realschule-altenwalde.de\/wordpress\/wp-content\/uploads\/2018\/04\/GSS-CSC-1024x664.jpg 1024w, https:\/\/www.realschule-altenwalde.de\/wordpress\/wp-content\/uploads\/2018\/04\/GSS-CSC-100x65.jpg 100w\" sizes=\"(max-width: 300px) 100vw, 300px\" \/><p id=\"caption-attachment-460\" class=\"wp-caption-text\">30 ans d&#8217;amiti\u00e9<\/p><\/div>\n<div id=\"attachment_3223\" style=\"width: 336px\" class=\"wp-caption alignleft\"><img aria-describedby=\"caption-attachment-3223\" loading=\"lazy\" class=\"wp-image-3223 \" src=\"https:\/\/www.realschule-altenwalde.de\/wordpress\/wp-content\/uploads\/2024\/04\/Bildschirmfoto-2024-04-11-um-19.19.44-300x173.png\" alt=\"\" width=\"336\" height=\"194\" srcset=\"https:\/\/www.realschule-altenwalde.de\/wordpress\/wp-content\/uploads\/2024\/04\/Bildschirmfoto-2024-04-11-um-19.19.44-300x173.png 300w, https:\/\/www.realschule-altenwalde.de\/wordpress\/wp-content\/uploads\/2024\/04\/Bildschirmfoto-2024-04-11-um-19.19.44-1024x591.png 1024w, https:\/\/www.realschule-altenwalde.de\/wordpress\/wp-content\/uploads\/2024\/04\/Bildschirmfoto-2024-04-11-um-19.19.44-768x443.png 768w, https:\/\/www.realschule-altenwalde.de\/wordpress\/wp-content\/uploads\/2024\/04\/Bildschirmfoto-2024-04-11-um-19.19.44-1536x887.png 1536w, https:\/\/www.realschule-altenwalde.de\/wordpress\/wp-content\/uploads\/2024\/04\/Bildschirmfoto-2024-04-11-um-19.19.44-2048x1182.png 2048w, https:\/\/www.realschule-altenwalde.de\/wordpress\/wp-content\/uploads\/2024\/04\/Bildschirmfoto-2024-04-11-um-19.19.44-750x433.png 750w, https:\/\/www.realschule-altenwalde.de\/wordpress\/wp-content\/uploads\/2024\/04\/Bildschirmfoto-2024-04-11-um-19.19.44-100x58.png 100w\" sizes=\"(max-width: 336px) 100vw, 336px\" \/><p id=\"caption-attachment-3223\" class=\"wp-caption-text\">Einganz zum Coll\u00e8ge le Sacr\u00e9 C\u0153ur<\/p><\/div>\n<p>&nbsp;<\/p>\n<p>&nbsp;<\/p>\n<p>&nbsp;<\/p>\n<p>&nbsp;<\/p>\n<p>&nbsp;<\/p>\n<p>&nbsp;<\/p>\n<p style=\"font-weight: 400;\">Die Partnerschule ist eine <strong><em>private katholische Schule<\/em><\/strong> und umfasst <strong><em>ca.1100 Sch\u00fcler und Sch\u00fclerinnen<\/em><\/strong>. Sie werden von <strong><em>ca. siebzig Lehrern<\/em><\/strong> unterrichtet.<\/p>\n<p>Sie k\u00f6nnen die Sprachen <strong><em>Englisch, Deutsch, Spanisch, Chinesisch, Altgriechisch und Latein <\/em><\/strong>lernen, aber auch F\u00e4cher wie Mathematik, wissenschaftliche und geologische F\u00e4cher. Au\u00dferdem sind auch verschiedene AGs im Angebot, wie zum Beispiel<\/p>\n<p>\u2714\ufe0f Koch AG<br \/>\n\u2714\ufe0f Zirkus AG<br \/>\n\u2714\ufe0f Wissenschaftliche und k\u00fcnstlerische AGs<br \/>\n\u2714\ufe0f Comic AG<br \/>\n\u2714\ufe0f Theater AG<br \/>\n\u2714\ufe0f Englisch AG<br \/>\n\u2714\ufe0f Sch\u00fclerzeitung<br \/>\n\u2714\ufe0f Brettspiel AG (6. Klasse)<\/p>\n<p style=\"font-weight: 400;\">Die Schule bietet folgende<strong> Auslandsreisen<\/strong> an:<\/p>\n<p><strong><em>\ud83c\uddea\ud83c\uddfa <\/em><\/strong><em>Europa: England (London), Irland, <strong>Deutschland (Austausch mit Altenwalde)<\/strong>, Italien (Rom), Spanien (Madrid)<\/em><br \/>\n<em>\ud83c\udf0d Internationale Aufenthalte: China, Peru, Kanada, Argentinien <\/em><\/p>\n<p style=\"font-weight: 400;\"><span style=\"color: #ff0000;\">Weitere Informationen finden sie unter <strong><a style=\"color: #ff0000;\" href=\"http:\/\/collegesacrecoeur.org\" target=\"_blank\" rel=\"noopener\">collegesacrecoeur.org <\/a><\/strong><br \/>\nDiese Informationen liegen dort leider <em><u>nur auf Franz\u00f6sisch<\/u><\/em> vor.<\/span><\/p>\n<p style=\"font-weight: 400;\"><span style=\"text-align: center;\">W\u00e4hrend des Frankreichaustauschs werden viele spannende Aktivit\u00e4ten und Ausfl\u00fcge unternommen. Zum Beispiel:<\/span><\/p>\n<div id=\"attachment_3224\" style=\"width: 305px\" class=\"wp-caption alignleft\"><img aria-describedby=\"caption-attachment-3224\" loading=\"lazy\" class=\" wp-image-3224\" src=\"https:\/\/www.realschule-altenwalde.de\/wordpress\/wp-content\/uploads\/2024\/04\/4-300x193.jpeg\" alt=\"\" width=\"305\" height=\"196\" srcset=\"https:\/\/www.realschule-altenwalde.de\/wordpress\/wp-content\/uploads\/2024\/04\/4-300x193.jpeg 300w, https:\/\/www.realschule-altenwalde.de\/wordpress\/wp-content\/uploads\/2024\/04\/4-768x493.jpeg 768w, https:\/\/www.realschule-altenwalde.de\/wordpress\/wp-content\/uploads\/2024\/04\/4-750x482.jpeg 750w, https:\/\/www.realschule-altenwalde.de\/wordpress\/wp-content\/uploads\/2024\/04\/4-100x64.jpeg 100w, https:\/\/www.realschule-altenwalde.de\/wordpress\/wp-content\/uploads\/2024\/04\/4.jpeg 828w\" sizes=\"(max-width: 305px) 100vw, 305px\" \/><p id=\"caption-attachment-3224\" class=\"wp-caption-text\">Wanderung durch Vannes<\/p><\/div>\n<div id=\"attachment_3225\" style=\"width: 300px\" class=\"wp-caption alignleft\"><img aria-describedby=\"caption-attachment-3225\" loading=\"lazy\" class=\"size-medium wp-image-3225\" src=\"https:\/\/www.realschule-altenwalde.de\/wordpress\/wp-content\/uploads\/2024\/04\/5-300x198.webp\" alt=\"\" width=\"300\" height=\"198\" srcset=\"https:\/\/www.realschule-altenwalde.de\/wordpress\/wp-content\/uploads\/2024\/04\/5-300x198.webp 300w, https:\/\/www.realschule-altenwalde.de\/wordpress\/wp-content\/uploads\/2024\/04\/5-1024x677.webp 1024w, https:\/\/www.realschule-altenwalde.de\/wordpress\/wp-content\/uploads\/2024\/04\/5-768x508.webp 768w, https:\/\/www.realschule-altenwalde.de\/wordpress\/wp-content\/uploads\/2024\/04\/5-1536x1016.webp 1536w, https:\/\/www.realschule-altenwalde.de\/wordpress\/wp-content\/uploads\/2024\/04\/5-2048x1354.webp 2048w, https:\/\/www.realschule-altenwalde.de\/wordpress\/wp-content\/uploads\/2024\/04\/5-750x496.webp 750w, https:\/\/www.realschule-altenwalde.de\/wordpress\/wp-content\/uploads\/2024\/04\/5-100x66.webp 100w\" sizes=\"(max-width: 300px) 100vw, 300px\" \/><p id=\"caption-attachment-3225\" class=\"wp-caption-text\">Besichtigung der Burg in Vannes<\/p><\/div>\n<p>&nbsp;<\/p>\n<div id=\"attachment_3226\" style=\"width: 318px\" class=\"wp-caption alignleft\"><img aria-describedby=\"caption-attachment-3226\" loading=\"lazy\" class=\" wp-image-3226\" src=\"https:\/\/www.realschule-altenwalde.de\/wordpress\/wp-content\/uploads\/2024\/04\/6-300x188.jpeg\" alt=\"\" width=\"318\" height=\"199\" srcset=\"https:\/\/www.realschule-altenwalde.de\/wordpress\/wp-content\/uploads\/2024\/04\/6-300x188.jpeg 300w, https:\/\/www.realschule-altenwalde.de\/wordpress\/wp-content\/uploads\/2024\/04\/6-768x482.jpeg 768w, https:\/\/www.realschule-altenwalde.de\/wordpress\/wp-content\/uploads\/2024\/04\/6-750x471.jpeg 750w, https:\/\/www.realschule-altenwalde.de\/wordpress\/wp-content\/uploads\/2024\/04\/6-100x63.jpeg 100w, https:\/\/www.realschule-altenwalde.de\/wordpress\/wp-content\/uploads\/2024\/04\/6.jpeg 828w\" sizes=\"(max-width: 318px) 100vw, 318px\" \/><p id=\"caption-attachment-3226\" class=\"wp-caption-text\">Besichtigung der Megalithen in Carnac<\/p><\/div>\n<div id=\"attachment_3227\" style=\"width: 300px\" class=\"wp-caption alignleft\"><img aria-describedby=\"caption-attachment-3227\" loading=\"lazy\" class=\"size-medium wp-image-3227\" src=\"https:\/\/www.realschule-altenwalde.de\/wordpress\/wp-content\/uploads\/2024\/04\/7-300x200.jpeg\" alt=\"\" width=\"300\" height=\"200\" srcset=\"https:\/\/www.realschule-altenwalde.de\/wordpress\/wp-content\/uploads\/2024\/04\/7-300x200.jpeg 300w, https:\/\/www.realschule-altenwalde.de\/wordpress\/wp-content\/uploads\/2024\/04\/7-1024x683.jpeg 1024w, https:\/\/www.realschule-altenwalde.de\/wordpress\/wp-content\/uploads\/2024\/04\/7-768x512.jpeg 768w, https:\/\/www.realschule-altenwalde.de\/wordpress\/wp-content\/uploads\/2024\/04\/7-1536x1024.jpeg 1536w, https:\/\/www.realschule-altenwalde.de\/wordpress\/wp-content\/uploads\/2024\/04\/7-750x500.jpeg 750w, https:\/\/www.realschule-altenwalde.de\/wordpress\/wp-content\/uploads\/2024\/04\/7-100x67.jpeg 100w, https:\/\/www.realschule-altenwalde.de\/wordpress\/wp-content\/uploads\/2024\/04\/7.jpeg 1920w\" sizes=\"(max-width: 300px) 100vw, 300px\" \/><p id=\"caption-attachment-3227\" class=\"wp-caption-text\">Fahrt zur C\u00f4te Sauvage<\/p><\/div>\n<div id=\"attachment_3228\" style=\"width: 300px\" class=\"wp-caption alignleft\"><img aria-describedby=\"caption-attachment-3228\" loading=\"lazy\" class=\"size-medium wp-image-3228\" src=\"https:\/\/www.realschule-altenwalde.de\/wordpress\/wp-content\/uploads\/2024\/04\/8-300x169.jpg\" alt=\"\" width=\"300\" height=\"169\" srcset=\"https:\/\/www.realschule-altenwalde.de\/wordpress\/wp-content\/uploads\/2024\/04\/8-300x169.jpg 300w, https:\/\/www.realschule-altenwalde.de\/wordpress\/wp-content\/uploads\/2024\/04\/8-1024x576.jpg 1024w, https:\/\/www.realschule-altenwalde.de\/wordpress\/wp-content\/uploads\/2024\/04\/8-768x432.jpg 768w, https:\/\/www.realschule-altenwalde.de\/wordpress\/wp-content\/uploads\/2024\/04\/8-1536x864.jpg 1536w, https:\/\/www.realschule-altenwalde.de\/wordpress\/wp-content\/uploads\/2024\/04\/8-2048x1152.jpg 2048w, https:\/\/www.realschule-altenwalde.de\/wordpress\/wp-content\/uploads\/2024\/04\/8-750x422.jpg 750w, https:\/\/www.realschule-altenwalde.de\/wordpress\/wp-content\/uploads\/2024\/04\/8-100x56.jpg 100w\" sizes=\"(max-width: 300px) 100vw, 300px\" \/><p id=\"caption-attachment-3228\" class=\"wp-caption-text\">Segeltour auf den traditionellen Sinagots<\/p><\/div>\n<div id=\"attachment_459\" style=\"width: 320px\" class=\"wp-caption alignleft\"><img aria-describedby=\"caption-attachment-459\" loading=\"lazy\" class=\"wp-image-459 \" src=\"https:\/\/www.realschule-altenwalde.de\/wordpress\/wp-content\/uploads\/2018\/04\/Frnkreich-2016-300x225.jpg\" alt=\"\" width=\"320\" height=\"240\" srcset=\"https:\/\/www.realschule-altenwalde.de\/wordpress\/wp-content\/uploads\/2018\/04\/Frnkreich-2016-300x225.jpg 300w, https:\/\/www.realschule-altenwalde.de\/wordpress\/wp-content\/uploads\/2018\/04\/Frnkreich-2016-100x75.jpg 100w, https:\/\/www.realschule-altenwalde.de\/wordpress\/wp-content\/uploads\/2018\/04\/Frnkreich-2016.jpg 640w\" sizes=\"(max-width: 320px) 100vw, 320px\" \/><p id=\"caption-attachment-459\" class=\"wp-caption-text\">Kletterpark (accrobranche)<\/p><\/div>\n<p>&nbsp;<\/p>\n<p>&nbsp;<\/p>\n<p>&nbsp;<\/p>\n<p>&nbsp;<\/p>\n<p>&nbsp;<\/p>\n<p>&nbsp;<\/p>\n<p>&nbsp;<\/p>\n<p>&nbsp;<\/p>\n<p>&nbsp;<\/p>\n<p>&nbsp;<\/p>\n<p>&nbsp;<\/p>\n<p>&nbsp;<\/p>\n<p>&nbsp;<\/p>\n<p>&nbsp;<\/p>\n<p>&nbsp;<\/p>\n<p>&nbsp;<\/p>\n<p>&nbsp;<\/p>\n<h4><u><img loading=\"lazy\" class=\"wp-image-3229 alignright\" src=\"https:\/\/www.realschule-altenwalde.de\/wordpress\/wp-content\/uploads\/2024\/04\/10-300x150.jpeg\" alt=\"\" width=\"340\" height=\"170\" srcset=\"https:\/\/www.realschule-altenwalde.de\/wordpress\/wp-content\/uploads\/2024\/04\/10-300x150.jpeg 300w, https:\/\/www.realschule-altenwalde.de\/wordpress\/wp-content\/uploads\/2024\/04\/10-1024x512.jpeg 1024w, https:\/\/www.realschule-altenwalde.de\/wordpress\/wp-content\/uploads\/2024\/04\/10-768x384.jpeg 768w, https:\/\/www.realschule-altenwalde.de\/wordpress\/wp-content\/uploads\/2024\/04\/10-1536x768.jpeg 1536w, https:\/\/www.realschule-altenwalde.de\/wordpress\/wp-content\/uploads\/2024\/04\/10-750x375.jpeg 750w, https:\/\/www.realschule-altenwalde.de\/wordpress\/wp-content\/uploads\/2024\/04\/10-100x50.jpeg 100w, https:\/\/www.realschule-altenwalde.de\/wordpress\/wp-content\/uploads\/2024\/04\/10.jpeg 1920w\" sizes=\"(max-width: 340px) 100vw, 340px\" \/><\/u><\/h4>\n<p>&nbsp;<\/p>\n<h4>&nbsp;<\/h4>\n<h4><strong>Vannes<\/strong><\/h4>\n<p style=\"font-weight: 400;\">Vannes ist eine charmante Stadt in der Bretagne im Nordwesten Frankreichs, bekannt f\u00fcr ihre gut erhaltene mittelalterliche Altstadt, die Besucher einl\u00e4dt, die Geschichte und Kultur der Region zu erleben. Die Stadt ist von einer bezaubernden Stadtmauer aus dem 13. Jahrhundert umgeben, die einen malerischen Hintergrund f\u00fcr ihre engen Gassen und historischen Geb\u00e4ude bietet.<\/p>\n<p><img loading=\"lazy\" class=\" wp-image-3230 alignright\" src=\"https:\/\/www.realschule-altenwalde.de\/wordpress\/wp-content\/uploads\/2024\/04\/11-300x200.jpeg\" alt=\"\" width=\"318\" height=\"212\" srcset=\"https:\/\/www.realschule-altenwalde.de\/wordpress\/wp-content\/uploads\/2024\/04\/11-300x200.jpeg 300w, https:\/\/www.realschule-altenwalde.de\/wordpress\/wp-content\/uploads\/2024\/04\/11-1024x683.jpeg 1024w, https:\/\/www.realschule-altenwalde.de\/wordpress\/wp-content\/uploads\/2024\/04\/11-768x512.jpeg 768w, https:\/\/www.realschule-altenwalde.de\/wordpress\/wp-content\/uploads\/2024\/04\/11-1536x1024.jpeg 1536w, https:\/\/www.realschule-altenwalde.de\/wordpress\/wp-content\/uploads\/2024\/04\/11-750x500.jpeg 750w, https:\/\/www.realschule-altenwalde.de\/wordpress\/wp-content\/uploads\/2024\/04\/11-100x67.jpeg 100w, https:\/\/www.realschule-altenwalde.de\/wordpress\/wp-content\/uploads\/2024\/04\/11.jpeg 2048w\" sizes=\"(max-width: 318px) 100vw, 318px\" \/>Besucher k\u00f6nnen durch die gepflasterten Stra\u00dfen schlendern und die beeindruckende Kathedrale Saint-Pierre bewundern oder das Kunstmuseum besuchen, das eine umfangreiche Sammlung lokaler Kunstwerke ausstellt. Der Markt liegt im Herzen des historischen Zentrums und nur wenige Meter von den Stadtmauern und ihren G\u00e4rten entfernt. Der Hafen von Vannes ist ein lebendiger Treffpunkt, an dem man frische Fr\u00fcchte auf dem Markt kaufen kann, der jeden Mittwoch und Samstag von 8:00 Uhr bis 13:30 Uhr auf dem Place de Lices ge\u00f6ffnet ist. Im malerischen Golf von Morbihan bietet sich ebenfalls die Gelegenheit, die Sch\u00f6nheit der Boote in aller Ruhe zu bewundern. Ein idyllischer Ort, um das maritime Flair zu genie\u00dfen, ist der Hafen, von dem aus man die eleganten Segelboote und traditionellen Fischerk\u00e4hne betrachten kann.<\/p>\n<p><img loading=\"lazy\" class=\" wp-image-3232 alignright\" src=\"https:\/\/www.realschule-altenwalde.de\/wordpress\/wp-content\/uploads\/2024\/04\/13-225x300.jpeg\" alt=\"\" width=\"170\" height=\"227\" srcset=\"https:\/\/www.realschule-altenwalde.de\/wordpress\/wp-content\/uploads\/2024\/04\/13-225x300.jpeg 225w, https:\/\/www.realschule-altenwalde.de\/wordpress\/wp-content\/uploads\/2024\/04\/13-768x1024.jpeg 768w, https:\/\/www.realschule-altenwalde.de\/wordpress\/wp-content\/uploads\/2024\/04\/13-1152x1536.jpeg 1152w, https:\/\/www.realschule-altenwalde.de\/wordpress\/wp-content\/uploads\/2024\/04\/13-1536x2048.jpeg 1536w, https:\/\/www.realschule-altenwalde.de\/wordpress\/wp-content\/uploads\/2024\/04\/13-750x1000.jpeg 750w, https:\/\/www.realschule-altenwalde.de\/wordpress\/wp-content\/uploads\/2024\/04\/13-75x100.jpeg 75w, https:\/\/www.realschule-altenwalde.de\/wordpress\/wp-content\/uploads\/2024\/04\/13-scaled.jpeg 1920w\" sizes=\"(max-width: 170px) 100vw, 170px\" \/>Insgesamt ist Vannes ein bezauberndes Reiseziel, das eine harmonische Mischung aus Geschichte, Kultur und nat\u00fcrlicher Sch\u00f6nheit bietet und Besucher jeden Alters anspricht.<\/p>\n<h4 style=\"font-weight: 400;\"><strong>Die Bretagne<\/strong><\/h4>\n<p style=\"font-weight: 400;\"><img loading=\"lazy\" class=\"alignleft size-medium wp-image-3233\" src=\"https:\/\/www.realschule-altenwalde.de\/wordpress\/wp-content\/uploads\/2024\/04\/14-225x300.jpeg\" alt=\"\" width=\"225\" height=\"300\" srcset=\"https:\/\/www.realschule-altenwalde.de\/wordpress\/wp-content\/uploads\/2024\/04\/14-225x300.jpeg 225w, https:\/\/www.realschule-altenwalde.de\/wordpress\/wp-content\/uploads\/2024\/04\/14-768x1024.jpeg 768w, https:\/\/www.realschule-altenwalde.de\/wordpress\/wp-content\/uploads\/2024\/04\/14-1152x1536.jpeg 1152w, https:\/\/www.realschule-altenwalde.de\/wordpress\/wp-content\/uploads\/2024\/04\/14-750x1000.jpeg 750w, https:\/\/www.realschule-altenwalde.de\/wordpress\/wp-content\/uploads\/2024\/04\/14-75x100.jpeg 75w, https:\/\/www.realschule-altenwalde.de\/wordpress\/wp-content\/uploads\/2024\/04\/14.jpeg 1200w\" sizes=\"(max-width: 225px) 100vw, 225px\" \/>Die Bretagne ist eine Halbinsel mit einer Fl\u00e4che von 27 407,75km<sup>2<\/sup> im Westen Frankreichs. In der Bretagne gibt es ein ozeanisches Klima mit relativ milden Temperaturen und sehr kurzfristigen Wetterwechseln. Das ozeanische Klima ist damit zu erkl\u00e4ren, dass die Bretagne von 2700km K\u00fcste umgeben ist. Im S\u00fcden der Bretagne gibt es den Golf von Morbihan, ein mit dem Atlantik verbundenes Binnenmeer mit 42 gr\u00fcnen Inseln. Au\u00dferdem hat die sch\u00f6ne Landschaft viele Bl\u00fctenmeere aus Rhododendren, Rosen, Ginster und vielen Wiesenblumen zu bieten. Herausragend ist die K\u00fcste im Bereich der \u201ec\u00f4te d\u2018\u00c9meraude\u201c, der Smaragdk\u00fcste und weiter westlich die \u201ec\u00f4te de Granit\u201c(Rosagranitk\u00fcste). Urv\u00f6lker errichteten in diesem westlichen Zipfel Frankreichs schon vor \u00fcber 8000 Jahren ihre Kulturpl\u00e4tze.&nbsp; Menhire, Steinkreise und Ganggr\u00e4ber aus der vorchristlichen Zeit, sehr sch\u00f6ne Kirchen, Kalvarienberge und Schl\u00f6sser aus der nachchristlichen Zeit lassen jedem Interessierten das Herz h\u00f6herschlagen. Traditionell werden in der bretonischen K\u00fcche Produkte von regionalen Viehz\u00fcchtern oder aus der Bauernkultur verzehrt. Dazu geh\u00f6ren Cr\u00eapes, Gallettes, Far Breton und Karamell mit gesalzener Butter. Die meisten Menschen sind katholisch und viele sprechen noch die Regionalsprachen Bretonisch oder Gallo. Das sind nur ein paar sch\u00f6ne Einblicke, die die Bretagne zu bieten hat.<\/p>\n","protected":false},"excerpt":{"rendered":"<p>Le coll\u00e8ge le Sacr\u00e9 C\u0153ur &#8211; Unsere Partnerschule Schon seit 1987 haben wir mit dem Coll\u00e8ge le Sacr\u00e9 C\u0153ur einen Sch\u00fcleraustausch. &nbsp; &nbsp; &nbsp; &nbsp; &nbsp; &nbsp; Die Partnerschule ist eine private katholische Schule und umfasst ca.1100 Sch\u00fcler und Sch\u00fclerinnen. Sie werden von ca. siebzig Lehrern unterrichtet. Sie k\u00f6nnen die Sprachen Englisch, Deutsch, Spanisch, Chinesisch, &hellip; <\/p>\n<p><a class=\"more-link btn\" href=\"https:\/\/www.realschule-altenwalde.de\/wordpress\/unsere-schule\/partnerschule-vannes\/\">Weiterlesen<\/a><\/p>\n","protected":false},"author":1,"featured_media":0,"parent":4,"menu_order":3,"comment_status":"closed","ping_status":"closed","template":"","meta":{"ngg_post_thumbnail":0},"_links":{"self":[{"href":"https:\/\/www.realschule-altenwalde.de\/wordpress\/wp-json\/wp\/v2\/pages\/456"}],"collection":[{"href":"https:\/\/www.realschule-altenwalde.de\/wordpress\/wp-json\/wp\/v2\/pages"}],"about":[{"href":"https:\/\/www.realschule-altenwalde.de\/wordpress\/wp-json\/wp\/v2\/types\/page"}],"author":[{"embeddable":true,"href":"https:\/\/www.realschule-altenwalde.de\/wordpress\/wp-json\/wp\/v2\/users\/1"}],"replies":[{"embeddable":true,"href":"https:\/\/www.realschule-altenwalde.de\/wordpress\/wp-json\/wp\/v2\/comments?post=456"}],"version-history":[{"count":34,"href":"https:\/\/www.realschule-altenwalde.de\/wordpress\/wp-json\/wp\/v2\/pages\/456\/revisions"}],"predecessor-version":[{"id":3257,"href":"https:\/\/www.realschule-altenwalde.de\/wordpress\/wp-json\/wp\/v2\/pages\/456\/revisions\/3257"}],"up":[{"embeddable":true,"href":"https:\/\/www.realschule-altenwalde.de\/wordpress\/wp-json\/wp\/v2\/pages\/4"}],"wp:attachment":[{"href":"https:\/\/www.realschule-altenwalde.de\/wordpress\/wp-json\/wp\/v2\/media?parent=456"}],"curies":[{"name":"wp","href":"https:\/\/api.w.org\/{rel}","templated":true}]}}