{"id":4,"date":"2018-04-23T19:58:33","date_gmt":"2018-04-23T17:58:33","guid":{"rendered":"http:\/\/www.realschule-altenwalde.de\/wordpress\/?page_id=4"},"modified":"2018-05-01T21:13:29","modified_gmt":"2018-05-01T19:13:29","slug":"unsere-schule","status":"publish","type":"page","link":"https:\/\/www.realschule-altenwalde.de\/wordpress\/unsere-schule\/","title":{"rendered":"\ud83c\udf93 Unsere Schule"},"content":{"rendered":"<p style=\"padding-left: 30px;\">Bitte gew\u00fcnschtes Untermen\u00fc w\u00e4hlen.<\/p>\n","protected":false},"excerpt":{"rendered":"<p>Bitte gew\u00fcnschtes Untermen\u00fc w\u00e4hlen.<\/p>\n","protected":false},"author":1,"featured_media":0,"parent":0,"menu_order":1,"comment_status":"closed","ping_status":"closed","template":"","meta":{"ngg_post_thumbnail":0},"_links":{"self":[{"href":"https:\/\/www.realschule-altenwalde.de\/wordpress\/wp-json\/wp\/v2\/pages\/4"}],"collection":[{"href":"https:\/\/www.realschule-altenwalde.de\/wordpress\/wp-json\/wp\/v2\/pages"}],"about":[{"href":"https:\/\/www.realschule-altenwalde.de\/wordpress\/wp-json\/wp\/v2\/types\/page"}],"author":[{"embeddable":true,"href":"https:\/\/www.realschule-altenwalde.de\/wordpress\/wp-json\/wp\/v2\/users\/1"}],"replies":[{"embeddable":true,"href":"https:\/\/www.realschule-altenwalde.de\/wordpress\/wp-json\/wp\/v2\/comments?post=4"}],"version-history":[{"count":12,"href":"https:\/\/www.realschule-altenwalde.de\/wordpress\/wp-json\/wp\/v2\/pages\/4\/revisions"}],"predecessor-version":[{"id":698,"href":"https:\/\/www.realschule-altenwalde.de\/wordpress\/wp-json\/wp\/v2\/pages\/4\/revisions\/698"}],"wp:attachment":[{"href":"https:\/\/www.realschule-altenwalde.de\/wordpress\/wp-json\/wp\/v2\/media?parent=4"}],"curies":[{"name":"wp","href":"https:\/\/api.w.org\/{rel}","templated":true}]}}