{"id":3422,"date":"2025-02-25T11:52:26","date_gmt":"2025-02-25T10:52:26","guid":{"rendered":"https:\/\/www.realschule-altenwalde.de\/wordpress\/?page_id=3422"},"modified":"2025-02-25T12:15:35","modified_gmt":"2025-02-25T11:15:35","slug":"leitbild-schulentwicklungsziele","status":"publish","type":"page","link":"https:\/\/www.realschule-altenwalde.de\/wordpress\/unsere-schule\/leitbild-schulentwicklungsziele\/","title":{"rendered":"Leitbild &#038; Schulentwicklungsziele"},"content":{"rendered":"<p><strong>Leitbild der Geschwister-Scholl-Schule Altenwalde<\/strong><\/p>\n<p>Wir begreifen uns als Gemeinschaft, die gepr\u00e4gt ist von Freundlichkeit, Hilfsbereitschaft, Offenheit, Toleranz und Respekt.<\/p>\n<p>Wir sind eine inklusive Schule und f\u00f6rdern die vorhandenen St\u00e4rken <strong>aller <\/strong>unserer Sch\u00fcler und Sch\u00fclerinnen und begleiten sie auf ihrem Weg zu selbstbewussten und kritikf\u00e4higen Pers\u00f6nlichkeiten.<\/p>\n<p>Im Sinne unserer Namensgeber, der Geschwister Scholl, leben wir eine Kultur des Hinsehens und setzen uns kritisch mit der Vergangenheit auseinander, um die Zukunft lebendig und verantwortungsbewusst gestalten zu k\u00f6nnen.<\/p>\n<p>Als ProBeruf zertifizierte Schule haben wir ein besonderes Interesse daran die Sch\u00fcler und Sch\u00fclerinnen bestm\u00f6glich auf ihren Lebensweg vorzubereiten. Aus diesem Grund bieten wir vielf\u00e4ltige Erfahrungsm\u00f6glichkeiten an, um Einblicke ins Berufsleben zu erhalten.<\/p>\n<p>Auf dem Weg zur MINT freundlichen Schule st\u00e4rken wir den naturwissenschaftlichen Bereich und f\u00f6rdern durch praxisnahe Inhalte die Begeisterung f\u00fcr MINT-F\u00e4cher.<\/p>\n<p>In Verantwortung f\u00fcr unsere Zukunft m\u00f6chten wir ein Bewusstsein f\u00fcr nachhaltiges Handeln schaffen. Aus diesem Grund sind Natur und Umwelt als Themen fest im Schulalltag verankert.<\/p>\n<p>Sport und Gesundheit spielen eine entscheidende Rolle f\u00fcr ein vitales Leben. Wir sind uns als sportfreundliche Schule dieser Verantwortung bewusst und f\u00f6rdern die Freude an Bewegung.<\/p>\n<p>Lesen soll als f\u00e4cher\u00fcbergreifende Schl\u00fcsselkompetenz weiterentwickelt werden. In Zukunft wird Lesemotivation und damit die Freude an der Sprache gest\u00e4rkt. Auch die Freude an der Fremdsprache wird im Rahmen unseres Frankreichaustauschs mit der Partnerstadt Vannes seit Jahrzehnten gef\u00f6rdert.<\/p>\n<p>Wir tragen gemeinsame die Verantwortung daf\u00fcr, dass dieses Leitbild gelebt und umgesetzt wird.<\/p>\n<p><strong>&nbsp;<\/strong><\/p>\n<p><strong>Verantwortungsbewusstes Handeln und Kultur des Hinsehens<\/strong><\/p>\n<p>Verantwortungsbewusstes Handeln, Hilfsbereitschaft und der freundliche Umgang miteinander stehen an der Geschwister-Scholl-Schule im Vordergrund. Aus diesem Grund beginnen wir bereits im Jahrgang 5, mit Unterst\u00fctzung unserer Schulsozialarbeit, mit gemeinsamen Teamtagen und Sozialtraining. Darauf aufbauend werden Sch\u00fclerInnen aus dem Jahrgang 7 zu StreitschlichterInnen ausgebildet und geschult. Die M\u00f6glichkeit, sich f\u00fcr andere einzusetzen und Mitsch\u00fclerInnen zu helfen, kann in den Jahrg\u00e4ngen 9 und 10 im Rahmen des Schulsanit\u00e4tsdienstes vertieft werden. In Krisensituationen hilft unser Trostkoffer, so werden Klassen und LehrerInnen in traurigen Lebenssituationen aufgefangen und begleitet, Sch\u00fclerInnen lernen f\u00fcreinander da zu sein und Empathie zu entwickeln.<\/p>\n<p>Den Herausforderungen, die die modernen Medien an Sch\u00fclerInnen, LehrerInnen und Eltern stellen, begegnen wir mit unserem neu ins Leben gerufenen Fach \u201eMebi\u201c (Medienbildung). Hier lernen die Sch\u00fclerInnen in Klasse 5 den sicheren Umgang mit den Medien, aber auch verantwortungsbewusstes Handeln im Umgang mit den digitalen Medien. Durch eine Pr\u00e4ventionsveranstaltung zum Thema Cybermobbing in Klasse 7 soll das bewusste Handeln in diesem Bereich weiter vertieft werden.<\/p>\n<p>Im Sinne unserer Namensgeber, der Geschwister Scholl, leben wir eine Kultur des Hinsehens und setzen uns kritisch mit der Vergangenheit auseinander. In diesem Rahmen arbeiten die Sch\u00fclerInnen des 9. Jahrgangs die Themen Nationalsozialismus, Rassismus und Antisemitismus auf, besuchen au\u00dferschulische Lernorte und gestalten einen \u201eGeschwister-Scholl-Tag\u201c. Auf diese Weise wird die Kultur des Erinnerns am Leben erhalten und die Grundlage f\u00fcr einen respektvollen Umgang miteinander geschaffen. Die Sch\u00fclerInnen lernen nicht nur die Staatsform Demokratie kennen und sch\u00e4tzen, sondern auch Demokratie zu leben und in einer Juniorwahl in Jahrgang 9 sogar zu gestalten.<\/p>\n<p>&nbsp;<\/p>\n<p><strong>Entwicklungsziele zum Schulprogramm 2024\/2025<\/strong><\/p>\n<p><strong>&nbsp;<\/strong><\/p>\n<p><strong>KEZ 1<\/strong><\/p>\n<p>Im Schuljahr 2023\/2024 wird Lesekompetenz als ein f\u00e4cher\u00fcbergreifendes Ziel in die schuleigenen Stoffverteilungspl\u00e4ne integriert. Dies geschieht in einer schulinternen Lehrerfortbildung am 3. und 4. November 2023. Die Sch\u00fclerinnen und Sch\u00fcler werden im sinnentnehmenden Lesen, in der Lesefl\u00fcssigkeit, der Lesemotivation und in der Anwendung von Lesestrategien gef\u00f6rdert.&nbsp; Somit wird Lesen zu einem \u00fcbergeordneten, curricularen Ziel auf dem Weg zu einer lesenden Schule. Die aktuellen Ma\u00dfnahmen werden zum Schuljahresende von den Fachkonferenzen evaluiert.<\/p>\n<p><strong>&nbsp;<\/strong><\/p>\n<p>&nbsp;<\/p>\n<p><strong>MEZ 1<\/strong><\/p>\n<p>Im Schuljahr 2024\/2025 werden vom MINT-Beauftragten in Zusammenarbeit mit den Fachkonferenzen Mathematik, Naturwissenschaften, Technik und Informatik an den Rahmenbedingungen zur MINT-freundlichen Schule gearbeitet, vor allem au\u00dferschulische Lernorte werden in die schulinternen Arbeitspl\u00e4ne integriert. Am n\u00e4chstm\u00f6glichen Bewerbungsverfahren zur MINT-freundlichen Schule wird teilgenommen.<\/p>\n<p>&nbsp;<\/p>\n<p>&nbsp;<\/p>\n<p><strong>LEZ 1<\/strong><\/p>\n<p>Ab dem laufenden Schuljahr wird das BO-Konzept der Schule in Kooperation mit dem BO-Beauftragten, Herrn Heuer, mit allen an Berufsorientierung beteiligten Lehrkr\u00e4ften fortlaufend evaluiert, gegebenenfalls ver\u00e4ndert und erweitert, um Rahmenbedingungen f\u00fcr die n\u00e4chstm\u00f6gliche Rezertifizierung proBerufsorientierung Schule \u2013 Wirtschaft im Jahr 2026 zu schaffen.<\/p>\n","protected":false},"excerpt":{"rendered":"<p>Leitbild der Geschwister-Scholl-Schule Altenwalde Wir begreifen uns als Gemeinschaft, die gepr\u00e4gt ist von Freundlichkeit, Hilfsbereitschaft, Offenheit, Toleranz und Respekt. Wir sind eine inklusive Schule und f\u00f6rdern die vorhandenen St\u00e4rken aller unserer Sch\u00fcler und Sch\u00fclerinnen und begleiten sie auf ihrem Weg zu selbstbewussten und kritikf\u00e4higen Pers\u00f6nlichkeiten. Im Sinne unserer Namensgeber, der Geschwister Scholl, leben wir eine &hellip; <\/p>\n<p><a class=\"more-link btn\" href=\"https:\/\/www.realschule-altenwalde.de\/wordpress\/unsere-schule\/leitbild-schulentwicklungsziele\/\">Weiterlesen<\/a><\/p>\n","protected":false},"author":2,"featured_media":0,"parent":4,"menu_order":0,"comment_status":"closed","ping_status":"closed","template":"","meta":{"ngg_post_thumbnail":0},"_links":{"self":[{"href":"https:\/\/www.realschule-altenwalde.de\/wordpress\/wp-json\/wp\/v2\/pages\/3422"}],"collection":[{"href":"https:\/\/www.realschule-altenwalde.de\/wordpress\/wp-json\/wp\/v2\/pages"}],"about":[{"href":"https:\/\/www.realschule-altenwalde.de\/wordpress\/wp-json\/wp\/v2\/types\/page"}],"author":[{"embeddable":true,"href":"https:\/\/www.realschule-altenwalde.de\/wordpress\/wp-json\/wp\/v2\/users\/2"}],"replies":[{"embeddable":true,"href":"https:\/\/www.realschule-altenwalde.de\/wordpress\/wp-json\/wp\/v2\/comments?post=3422"}],"version-history":[{"count":2,"href":"https:\/\/www.realschule-altenwalde.de\/wordpress\/wp-json\/wp\/v2\/pages\/3422\/revisions"}],"predecessor-version":[{"id":3425,"href":"https:\/\/www.realschule-altenwalde.de\/wordpress\/wp-json\/wp\/v2\/pages\/3422\/revisions\/3425"}],"up":[{"embeddable":true,"href":"https:\/\/www.realschule-altenwalde.de\/wordpress\/wp-json\/wp\/v2\/pages\/4"}],"wp:attachment":[{"href":"https:\/\/www.realschule-altenwalde.de\/wordpress\/wp-json\/wp\/v2\/media?parent=3422"}],"curies":[{"name":"wp","href":"https:\/\/api.w.org\/{rel}","templated":true}]}}