{"id":33,"date":"2018-04-23T21:08:05","date_gmt":"2018-04-23T19:08:05","guid":{"rendered":"http:\/\/www.realschule-altenwalde.de\/wordpress\/?page_id=33"},"modified":"2025-01-08T19:09:00","modified_gmt":"2025-01-08T18:09:00","slug":"schulsozialarbeiterin","status":"publish","type":"page","link":"https:\/\/www.realschule-altenwalde.de\/wordpress\/kollegium\/schulsozialarbeiterin\/","title":{"rendered":"\ud83c\udfad Schulsozialarbeiterin"},"content":{"rendered":"<p style=\"padding-left: 30px;\"><img loading=\"lazy\" class=\"alignleft size-medium wp-image-2673\" src=\"https:\/\/www.realschule-altenwalde.de\/wordpress\/wp-content\/uploads\/2022\/10\/Polish_20220420_110010994-216x300.jpg\" alt=\"\" width=\"216\" height=\"300\" srcset=\"https:\/\/www.realschule-altenwalde.de\/wordpress\/wp-content\/uploads\/2022\/10\/Polish_20220420_110010994-216x300.jpg 216w, https:\/\/www.realschule-altenwalde.de\/wordpress\/wp-content\/uploads\/2022\/10\/Polish_20220420_110010994-738x1024.jpg 738w, https:\/\/www.realschule-altenwalde.de\/wordpress\/wp-content\/uploads\/2022\/10\/Polish_20220420_110010994-768x1066.jpg 768w, https:\/\/www.realschule-altenwalde.de\/wordpress\/wp-content\/uploads\/2022\/10\/Polish_20220420_110010994-1106x1536.jpg 1106w, https:\/\/www.realschule-altenwalde.de\/wordpress\/wp-content\/uploads\/2022\/10\/Polish_20220420_110010994-1475x2048.jpg 1475w, https:\/\/www.realschule-altenwalde.de\/wordpress\/wp-content\/uploads\/2022\/10\/Polish_20220420_110010994-750x1041.jpg 750w, https:\/\/www.realschule-altenwalde.de\/wordpress\/wp-content\/uploads\/2022\/10\/Polish_20220420_110010994-72x100.jpg 72w, https:\/\/www.realschule-altenwalde.de\/wordpress\/wp-content\/uploads\/2022\/10\/Polish_20220420_110010994-scaled.jpg 1844w\" sizes=\"(max-width: 216px) 100vw, 216px\" \/>Frau Meyer ist unsere Schulsozialarbeiterin und hat immer ein offenes Ohr, wenn Eltern oder Sch\u00fcler Probleme oder einfach nur Gespr\u00e4chsbedarf haben.&nbsp;<\/p>\n<p style=\"padding-left: 30px;\">Sie ist jeden <strong>Montag in der 6. Stunde von 12:20 bis 13:05 Uhr<\/strong> sowie am <strong>Mittwoch in der ersten gro\u00dfen Pause von 9:20 bis 9:40 Uhr<\/strong> in ihrem B\u00fcro anzutreffen. Aber auch au\u00dferhalb dieser Sprechzeiten findet man sie in ihrem B\u00fcro oder im Schulgeb\u00e4ude und kann sie jederzeit ansprechen. Alles bleibt vertraulich!<\/p>\n<h4 style=\"padding-left: 30px; text-align: left;\">Die Aufgaben und Angebote der Schulsozialarbeit:<\/h4>\n<p style=\"padding-left: 30px; text-align: left;\">&#8211; Beratung von Sch\u00fclern, Eltern und Lehrern<br \/>\n&#8211; Vermittlung von au\u00dferschulischen Hilfsangeboten<br \/>\n&#8211; Hospitation im Unterricht<br \/>\n&#8211; Soziales Lernen im 5. Jahrgang<br \/>\n&#8211; Gruppenarbeit in Klassen (z.B. Teamtage)<br \/>\n&#8211; Ausbildung der Streitschlichter<br \/>\n&#8211; Kontakte zu Institutionen\/Netzwerkarbeit<\/p>\n<p style=\"padding-left: 30px;\">\u260e\ufe0f Telefon: 04723 \/ 505 8411<br \/>\n\u2709\ufe0f Email: <a href=\"mailto:janet.meyer@altenwalder-schule.de\">janet.meyer@altenwalder-schule.de<\/a><\/p>\n<p>&nbsp;<\/p>\n","protected":false},"excerpt":{"rendered":"<p>Frau Meyer ist unsere Schulsozialarbeiterin und hat immer ein offenes Ohr, wenn Eltern oder Sch\u00fcler Probleme oder einfach nur Gespr\u00e4chsbedarf haben.&nbsp; Sie ist jeden Montag in der 6. Stunde von 12:20 bis 13:05 Uhr sowie am Mittwoch in der ersten gro\u00dfen Pause von 9:20 bis 9:40 Uhr in ihrem B\u00fcro anzutreffen. Aber auch au\u00dferhalb dieser &hellip; <\/p>\n<p><a class=\"more-link btn\" href=\"https:\/\/www.realschule-altenwalde.de\/wordpress\/kollegium\/schulsozialarbeiterin\/\">Weiterlesen<\/a><\/p>\n","protected":false},"author":1,"featured_media":2673,"parent":589,"menu_order":2,"comment_status":"closed","ping_status":"closed","template":"","meta":{"ngg_post_thumbnail":0},"_links":{"self":[{"href":"https:\/\/www.realschule-altenwalde.de\/wordpress\/wp-json\/wp\/v2\/pages\/33"}],"collection":[{"href":"https:\/\/www.realschule-altenwalde.de\/wordpress\/wp-json\/wp\/v2\/pages"}],"about":[{"href":"https:\/\/www.realschule-altenwalde.de\/wordpress\/wp-json\/wp\/v2\/types\/page"}],"author":[{"embeddable":true,"href":"https:\/\/www.realschule-altenwalde.de\/wordpress\/wp-json\/wp\/v2\/users\/1"}],"replies":[{"embeddable":true,"href":"https:\/\/www.realschule-altenwalde.de\/wordpress\/wp-json\/wp\/v2\/comments?post=33"}],"version-history":[{"count":19,"href":"https:\/\/www.realschule-altenwalde.de\/wordpress\/wp-json\/wp\/v2\/pages\/33\/revisions"}],"predecessor-version":[{"id":3371,"href":"https:\/\/www.realschule-altenwalde.de\/wordpress\/wp-json\/wp\/v2\/pages\/33\/revisions\/3371"}],"up":[{"embeddable":true,"href":"https:\/\/www.realschule-altenwalde.de\/wordpress\/wp-json\/wp\/v2\/pages\/589"}],"wp:featuredmedia":[{"embeddable":true,"href":"https:\/\/www.realschule-altenwalde.de\/wordpress\/wp-json\/wp\/v2\/media\/2673"}],"wp:attachment":[{"href":"https:\/\/www.realschule-altenwalde.de\/wordpress\/wp-json\/wp\/v2\/media?parent=33"}],"curies":[{"name":"wp","href":"https:\/\/api.w.org\/{rel}","templated":true}]}}