{"id":31,"date":"2018-04-23T21:07:41","date_gmt":"2018-04-23T19:07:41","guid":{"rendered":"http:\/\/www.realschule-altenwalde.de\/wordpress\/?page_id=31"},"modified":"2022-10-23T17:44:32","modified_gmt":"2022-10-23T15:44:32","slug":"leitung-und-verwaltung","status":"publish","type":"page","link":"https:\/\/www.realschule-altenwalde.de\/wordpress\/kollegium\/leitung-und-verwaltung\/","title":{"rendered":"\u270f\ufe0f Leitung und Verwaltung"},"content":{"rendered":"<h4 style=\"padding-left: 30px;\">Schulleitung<\/h4>\n<p style=\"padding-left: 30px;\"><img loading=\"lazy\" class=\"alignleft wp-image-1190 size-thumbnail\" src=\"http:\/\/www.realschule-altenwalde.de\/wordpress\/wp-content\/uploads\/2018\/06\/ohland-150x150.jpg\" alt=\"\" width=\"150\" height=\"150\" srcset=\"https:\/\/www.realschule-altenwalde.de\/wordpress\/wp-content\/uploads\/2018\/06\/ohland-150x150.jpg 150w, https:\/\/www.realschule-altenwalde.de\/wordpress\/wp-content\/uploads\/2018\/06\/ohland-300x300.jpg 300w, https:\/\/www.realschule-altenwalde.de\/wordpress\/wp-content\/uploads\/2018\/06\/ohland-768x768.jpg 768w, https:\/\/www.realschule-altenwalde.de\/wordpress\/wp-content\/uploads\/2018\/06\/ohland-100x100.jpg 100w, https:\/\/www.realschule-altenwalde.de\/wordpress\/wp-content\/uploads\/2018\/06\/ohland.jpg 1000w\" sizes=\"(max-width: 150px) 100vw, 150px\" \/>Herr Arne Ohland-Schumacher ist seit dem 01.02.2018 Schulleiter der Geschwister-Scholl-Schule Altenwalde. Neben seiner T\u00e4tigkeit als Schulleiter unterrichtet er die F\u00e4cher Deutsch und Sport.<\/p>\n<p>&nbsp;<\/p>\n<p>&nbsp;<br \/>\n<a name=\"konrektor\"><\/a><br \/>\n&nbsp;<\/p>\n<p style=\"padding-left: 30px;\"><img loading=\"lazy\" class=\"alignleft wp-image-1585 size-thumbnail\" src=\"http:\/\/www.realschule-altenwalde.de\/wordpress\/wp-content\/uploads\/2019\/03\/P1010399-1-e1551795745116-150x150.jpg\" alt=\"\" width=\"150\" height=\"150\">Frau Alja Sommer ist seit dem 20.09.2018 unsere Konrektorin. Sie vertritt Herrn Ohland-Schumacher in seiner Abwesenheit und k\u00fcmmert sich um die Vertretungspl\u00e4ne. Au\u00dferdem unterrichtet sie die F\u00e4cher Deutsch und Wirtschaft sowie das Profil &#8222;Gesundheit und Soziales&#8220;. \u00dcberdies leitet sie den Wahlpflichtkurs mit der Online-Redaktion &#8222;<a href=\"http:\/\/www.realschule-altenwalde.de\/wordpress\/redaktion\/\">Scholli-News&#8220;.<\/a><\/p>\n<p>&nbsp;<\/p>\n<p>&nbsp;<\/p>\n<hr>\n<h4 style=\"padding-left: 30px;\">Verwaltung<\/h4>\n<p style=\"padding-left: 30px;\"><img loading=\"lazy\" class=\"alignleft wp-image-1186 size-thumbnail\" src=\"http:\/\/www.realschule-altenwalde.de\/wordpress\/wp-content\/uploads\/2018\/06\/behrens3-150x150.jpg\" alt=\"\" width=\"150\" height=\"150\" srcset=\"https:\/\/www.realschule-altenwalde.de\/wordpress\/wp-content\/uploads\/2018\/06\/behrens3-150x150.jpg 150w, https:\/\/www.realschule-altenwalde.de\/wordpress\/wp-content\/uploads\/2018\/06\/behrens3-300x300.jpg 300w, https:\/\/www.realschule-altenwalde.de\/wordpress\/wp-content\/uploads\/2018\/06\/behrens3-768x768.jpg 768w, https:\/\/www.realschule-altenwalde.de\/wordpress\/wp-content\/uploads\/2018\/06\/behrens3-1024x1024.jpg 1024w, https:\/\/www.realschule-altenwalde.de\/wordpress\/wp-content\/uploads\/2018\/06\/behrens3-100x100.jpg 100w\" sizes=\"(max-width: 150px) 100vw, 150px\" \/>Unsere liebe Sekret\u00e4rin Frau Behrens steht f\u00fcr fast alle Belange von Kollegen, Sch\u00fclern und Eltern zur Verf\u00fcgung. Sie ist von 7:45 bis 13:00 Uhr erreichbar.<\/p>\n<p>\u260e&nbsp;Tel: 0 47 23 \/ 31 40<br \/>\n\ud83d\udda8&nbsp;Fax: 0 47 23 \/ 71 32 92&nbsp;<br \/>\n\u2709&nbsp;<a href=\"mailto:info@altenwalder-schule.de\">info@altenwalder-schule.de<\/a><\/p>\n<p>&nbsp;<\/p>\n<p>&nbsp;<\/p>\n<hr>\n<h4 style=\"padding-left: 30px;\">Hausmeister<\/h4>\n<p style=\"padding-left: 30px;\"><img loading=\"lazy\" class=\"alignleft size-thumbnail wp-image-2680\" src=\"https:\/\/www.realschule-altenwalde.de\/wordpress\/wp-content\/uploads\/2022\/10\/Einnolf-1-150x150.jpg\" alt=\"\" width=\"150\" height=\"150\" srcset=\"https:\/\/www.realschule-altenwalde.de\/wordpress\/wp-content\/uploads\/2022\/10\/Einnolf-1-150x150.jpg 150w, https:\/\/www.realschule-altenwalde.de\/wordpress\/wp-content\/uploads\/2022\/10\/Einnolf-1-300x300.jpg 300w, https:\/\/www.realschule-altenwalde.de\/wordpress\/wp-content\/uploads\/2022\/10\/Einnolf-1-100x100.jpg 100w, https:\/\/www.realschule-altenwalde.de\/wordpress\/wp-content\/uploads\/2022\/10\/Einnolf-1.jpg 378w\" sizes=\"(max-width: 150px) 100vw, 150px\" \/>Herr Einnolf ist unser Hausmeister und sofort zur Stelle, wenn irgendwo etwas hakt oder klemmt oder eine Schraube locker ist.<\/p>\n<p style=\"padding-left: 30px;\">&nbsp;<\/p>\n","protected":false},"excerpt":{"rendered":"<p>Schulleitung Herr Arne Ohland-Schumacher ist seit dem 01.02.2018 Schulleiter der Geschwister-Scholl-Schule Altenwalde. Neben seiner T\u00e4tigkeit als Schulleiter unterrichtet er die F\u00e4cher Deutsch und Sport. &nbsp; &nbsp; &nbsp; Frau Alja Sommer ist seit dem 20.09.2018 unsere Konrektorin. Sie vertritt Herrn Ohland-Schumacher in seiner Abwesenheit und k\u00fcmmert sich um die Vertretungspl\u00e4ne. Au\u00dferdem unterrichtet sie die F\u00e4cher Deutsch &hellip; <\/p>\n<p><a class=\"more-link btn\" href=\"https:\/\/www.realschule-altenwalde.de\/wordpress\/kollegium\/leitung-und-verwaltung\/\">Weiterlesen<\/a><\/p>\n","protected":false},"author":1,"featured_media":1190,"parent":589,"menu_order":1,"comment_status":"closed","ping_status":"closed","template":"","meta":{"ngg_post_thumbnail":0},"_links":{"self":[{"href":"https:\/\/www.realschule-altenwalde.de\/wordpress\/wp-json\/wp\/v2\/pages\/31"}],"collection":[{"href":"https:\/\/www.realschule-altenwalde.de\/wordpress\/wp-json\/wp\/v2\/pages"}],"about":[{"href":"https:\/\/www.realschule-altenwalde.de\/wordpress\/wp-json\/wp\/v2\/types\/page"}],"author":[{"embeddable":true,"href":"https:\/\/www.realschule-altenwalde.de\/wordpress\/wp-json\/wp\/v2\/users\/1"}],"replies":[{"embeddable":true,"href":"https:\/\/www.realschule-altenwalde.de\/wordpress\/wp-json\/wp\/v2\/comments?post=31"}],"version-history":[{"count":36,"href":"https:\/\/www.realschule-altenwalde.de\/wordpress\/wp-json\/wp\/v2\/pages\/31\/revisions"}],"predecessor-version":[{"id":3373,"href":"https:\/\/www.realschule-altenwalde.de\/wordpress\/wp-json\/wp\/v2\/pages\/31\/revisions\/3373"}],"up":[{"embeddable":true,"href":"https:\/\/www.realschule-altenwalde.de\/wordpress\/wp-json\/wp\/v2\/pages\/589"}],"wp:featuredmedia":[{"embeddable":true,"href":"https:\/\/www.realschule-altenwalde.de\/wordpress\/wp-json\/wp\/v2\/media\/1190"}],"wp:attachment":[{"href":"https:\/\/www.realschule-altenwalde.de\/wordpress\/wp-json\/wp\/v2\/media?parent=31"}],"curies":[{"name":"wp","href":"https:\/\/api.w.org\/{rel}","templated":true}]}}