{"id":2165,"date":"2021-02-04T16:47:14","date_gmt":"2021-02-04T15:47:14","guid":{"rendered":"https:\/\/www.realschule-altenwalde.de\/wordpress\/?page_id=2165"},"modified":"2025-08-16T17:36:43","modified_gmt":"2025-08-16T15:36:43","slug":"probleme-mit-iserv","status":"publish","type":"page","link":"https:\/\/www.realschule-altenwalde.de\/wordpress\/probleme-mit-iserv\/","title":{"rendered":"Probleme mit IServ"},"content":{"rendered":"<div><span style=\"-webkit-text-size-adjust: 100%; color: #ff0000;\">Die Zug\u00e4nge f\u00fcr die neuen F\u00fcnftkl\u00e4ssler sind noch nicht freigeschaltet. Die Zugangsdaten erhalten Ihre Kinder in den n\u00e4chsten Tagen.<\/span><\/div>\n<div>&nbsp;<\/div>\n<p style=\"padding-left: 40px;\"><strong>Ich habe mein Passwort vergessen. Es ist in meinem Smartphone oder PC abgespeichert.<\/strong><br \/>\nWenn Sie das Passwort vergessen haben, es aber in einem Ihrer Ger\u00e4te abgespeichert ist, k\u00f6nnen Sie es anzeigen lassen, um sich z.B. an einem neuen Ger\u00e4t wieder anzumelden.<\/p>\n<p style=\"padding-left: 80px;\"><strong>Smartphone\/Tablet:<\/strong><br \/>\n<a href=\"https:\/\/de.ccm.net\/faq\/9178-android-passwoerter-sichtbar-machen\" target=\"_blank\" rel=\"noopener noreferrer\">Passw\u00f6rter aus <strong>Android-Smartphones<\/strong><\/a> (externer Link)<br \/>\n<a href=\"https:\/\/support.apple.com\/de-de\/HT211146\" target=\"_blank\" rel=\"noopener noreferrer\">Passw\u00f6rter aus <strong>Apple iPhones<\/strong><\/a> (externer Link)<\/p>\n<p style=\"padding-left: 80px;\"><strong>Computer\/Laptop:<\/strong><br \/>\n<a href=\"https:\/\/praxistipps.chip.de\/passwoerter-aus-dem-browser-auslesen_16762\" target=\"_blank\" rel=\"noopener noreferrer\">Passw\u00f6rter aus <strong>Google Chrome, Microsoft Edge und Mozilla Firefox<\/strong><\/a> (externer Link)<br \/>\n<a href=\"https:\/\/support.apple.com\/de-de\/HT211145\" target=\"_blank\" rel=\"noopener noreferrer\">Passw\u00f6rter aus <strong>Apple Safari<\/strong><\/a> (externer Link)<\/p>\n<hr>\n<p style=\"padding-left: 40px;\"><strong>Ich habe mein Passwort vergessen und habe es auch nirgendwo abgespeichert.<\/strong><br \/>\nBitte senden Sie eine E-Mail an merkel(at)altenwalder-schule.de&nbsp;<\/p>\n<hr>\n<p style=\"padding-left: 40px;\"><strong>Ich habe ein anderes Problem mit IServ<\/strong><br \/>\nBitte machen Sie ein Bildschirmfoto (Screenshot) und schicken es mit einer kleinen Fehlerbeschreibung per Mail an merkel(at)altenwalder-schule.de&nbsp;<\/p>\n<p><a href=\"https:\/\/www.realschule-altenwalde.de\/wordpress\/iserv\/\">Zur\u00fcck zu IServ<\/a><\/p>\n","protected":false},"excerpt":{"rendered":"<p>Die Zug\u00e4nge f\u00fcr die neuen F\u00fcnftkl\u00e4ssler sind noch nicht freigeschaltet. Die Zugangsdaten erhalten Ihre Kinder in den n\u00e4chsten Tagen. &nbsp; Ich habe mein Passwort vergessen. Es ist in meinem Smartphone oder PC abgespeichert. Wenn Sie das Passwort vergessen haben, es aber in einem Ihrer Ger\u00e4te abgespeichert ist, k\u00f6nnen Sie es anzeigen lassen, um sich z.B. &hellip; <\/p>\n<p><a class=\"more-link btn\" href=\"https:\/\/www.realschule-altenwalde.de\/wordpress\/probleme-mit-iserv\/\">Weiterlesen<\/a><\/p>\n","protected":false},"author":1,"featured_media":0,"parent":0,"menu_order":1,"comment_status":"closed","ping_status":"closed","template":"","meta":{"ngg_post_thumbnail":0},"_links":{"self":[{"href":"https:\/\/www.realschule-altenwalde.de\/wordpress\/wp-json\/wp\/v2\/pages\/2165"}],"collection":[{"href":"https:\/\/www.realschule-altenwalde.de\/wordpress\/wp-json\/wp\/v2\/pages"}],"about":[{"href":"https:\/\/www.realschule-altenwalde.de\/wordpress\/wp-json\/wp\/v2\/types\/page"}],"author":[{"embeddable":true,"href":"https:\/\/www.realschule-altenwalde.de\/wordpress\/wp-json\/wp\/v2\/users\/1"}],"replies":[{"embeddable":true,"href":"https:\/\/www.realschule-altenwalde.de\/wordpress\/wp-json\/wp\/v2\/comments?post=2165"}],"version-history":[{"count":7,"href":"https:\/\/www.realschule-altenwalde.de\/wordpress\/wp-json\/wp\/v2\/pages\/2165\/revisions"}],"predecessor-version":[{"id":3517,"href":"https:\/\/www.realschule-altenwalde.de\/wordpress\/wp-json\/wp\/v2\/pages\/2165\/revisions\/3517"}],"wp:attachment":[{"href":"https:\/\/www.realschule-altenwalde.de\/wordpress\/wp-json\/wp\/v2\/media?parent=2165"}],"curies":[{"name":"wp","href":"https:\/\/api.w.org\/{rel}","templated":true}]}}