{"id":2146,"date":"2020-12-18T16:46:09","date_gmt":"2020-12-18T15:46:09","guid":{"rendered":"https:\/\/www.realschule-altenwalde.de\/wordpress\/?page_id=2146"},"modified":"2020-12-18T17:03:03","modified_gmt":"2020-12-18T16:03:03","slug":"jahrgang-10-bewerben-sich-entscheiden","status":"publish","type":"page","link":"https:\/\/www.realschule-altenwalde.de\/wordpress\/berufsorientierung\/jahrgang-10-bewerben-sich-entscheiden\/","title":{"rendered":"\ud83c\udf93 Jahrgang 10 &#8211; bewerben \/ sich entscheiden"},"content":{"rendered":"<p style=\"padding-left: 40px;\"><strong>Informationsabend BBS<br \/>\n<\/strong>Traditionell f\u00fchren wir diesen Informationsabend schon seit mehreren Jahren an unserer Schule durch. Herr Studiendirektor Kirf von der BBS Cuxhaven kommt daf\u00fcr in unsere Schule, um Eltern und Sch\u00fcler*innen des Abgangsjahrgangs \u00fcber s\u00e4mtliche schulische M\u00f6glichkeiten und Laufbahnen bis hin zum Erwerb des Abiturs zu informieren. Der Informationsabend findet grunds\u00e4tzlich immer im November statt. Eltern und Sch\u00fcler*innen erhalten rechtzeitig eine Einladung.<\/p>\n<p style=\"padding-left: 40px;\"><strong>Markt der M\u00f6glichkeiten<br \/>\n<\/strong>Die Fachoberschule mit den Schwerpunkten Gestaltung, Sozialp\u00e4dagogik und Wirtschaft an der BBS Cuxhaven organisiert j\u00e4hrlich im Forum der BBS eine Vorstellung von Praktikumspl\u00e4tzen. F\u00fcr den Besuch der Fachoberschule ist die Absolvierung eines einj\u00e4hrigen Praktikums Pflicht. Die Informationen auf diesem so genannten Markt der M\u00f6glichkeiten k\u00f6nnen helfen, einen geeigneten Praktikumsplatz zu finden.<\/p>\n<p style=\"padding-left: 40px;\">Interessierte Sch\u00fcler*innen unserer Schule, die den Abschluss Fachhochschulreife anstreben, haben die M\u00f6glichkeit, diese Veranstaltung zu besuchen.<\/p>\n<p style=\"padding-left: 40px;\"><strong>Woche der Schulen in Wilhelmshaven<br \/>\n<\/strong>Die Marine begeht j\u00e4hrlich auf dem Marinest\u00fctzpunkt in Wilhelmshaven die \u201eWoche der Schulen\u201c. Ziel dieser Veranstaltung ist es, jungen Frauen und M\u00e4nnern berufliche Perspektiven innerhalb der Bundeswehr aufzuzeigen. Die Veranstaltung stellt dann auch andere Bet\u00e4tigungsfelder der Marine als der uns bekannte \u201eTag der Schulen\u201c in Nordholz vor. Ihre Kinder k\u00f6nnen zum Beispiel Schiffe der Marine besichtigen, eine Rundfahrt durch das Hafenbecken unternehmen oder die Marineflieger besuchen.<\/p>\n","protected":false},"excerpt":{"rendered":"<p>Informationsabend BBS Traditionell f\u00fchren wir diesen Informationsabend schon seit mehreren Jahren an unserer Schule durch. Herr Studiendirektor Kirf von der BBS Cuxhaven kommt daf\u00fcr in unsere Schule, um Eltern und Sch\u00fcler*innen des Abgangsjahrgangs \u00fcber s\u00e4mtliche schulische M\u00f6glichkeiten und Laufbahnen bis hin zum Erwerb des Abiturs zu informieren. Der Informationsabend findet grunds\u00e4tzlich immer im November statt. &hellip; <\/p>\n<p><a class=\"more-link btn\" href=\"https:\/\/www.realschule-altenwalde.de\/wordpress\/berufsorientierung\/jahrgang-10-bewerben-sich-entscheiden\/\">Weiterlesen<\/a><\/p>\n","protected":false},"author":1,"featured_media":0,"parent":1062,"menu_order":5,"comment_status":"closed","ping_status":"closed","template":"","meta":{"ngg_post_thumbnail":0},"_links":{"self":[{"href":"https:\/\/www.realschule-altenwalde.de\/wordpress\/wp-json\/wp\/v2\/pages\/2146"}],"collection":[{"href":"https:\/\/www.realschule-altenwalde.de\/wordpress\/wp-json\/wp\/v2\/pages"}],"about":[{"href":"https:\/\/www.realschule-altenwalde.de\/wordpress\/wp-json\/wp\/v2\/types\/page"}],"author":[{"embeddable":true,"href":"https:\/\/www.realschule-altenwalde.de\/wordpress\/wp-json\/wp\/v2\/users\/1"}],"replies":[{"embeddable":true,"href":"https:\/\/www.realschule-altenwalde.de\/wordpress\/wp-json\/wp\/v2\/comments?post=2146"}],"version-history":[{"count":1,"href":"https:\/\/www.realschule-altenwalde.de\/wordpress\/wp-json\/wp\/v2\/pages\/2146\/revisions"}],"predecessor-version":[{"id":2150,"href":"https:\/\/www.realschule-altenwalde.de\/wordpress\/wp-json\/wp\/v2\/pages\/2146\/revisions\/2150"}],"up":[{"embeddable":true,"href":"https:\/\/www.realschule-altenwalde.de\/wordpress\/wp-json\/wp\/v2\/pages\/1062"}],"wp:attachment":[{"href":"https:\/\/www.realschule-altenwalde.de\/wordpress\/wp-json\/wp\/v2\/media?parent=2146"}],"curies":[{"name":"wp","href":"https:\/\/api.w.org\/{rel}","templated":true}]}}