{"id":2139,"date":"2020-12-18T16:42:31","date_gmt":"2020-12-18T15:42:31","guid":{"rendered":"https:\/\/www.realschule-altenwalde.de\/wordpress\/?page_id=2139"},"modified":"2020-12-18T17:02:43","modified_gmt":"2020-12-18T16:02:43","slug":"jahrgang-7-staerken-entdecken","status":"publish","type":"page","link":"https:\/\/www.realschule-altenwalde.de\/wordpress\/berufsorientierung\/jahrgang-7-staerken-entdecken\/","title":{"rendered":"\ud83d\udcca Jahrgang 7 &#8211; St\u00e4rken entdecken"},"content":{"rendered":"<p style=\"padding-left: 40px;\"><strong>Kompetenzanalyse Profil AC Niedersachsen<\/strong><\/p>\n<p style=\"padding-left: 40px;\">Wir m\u00f6chten Ihr Kind dabei unterst\u00fctzen, sich fr\u00fchzeitig seiner St\u00e4rken und Talente bewusst zu werden. Deshalb wurden spezielle Aufgaben und Tests, die sowohl in der Gruppe wie auch in der Einzelarbeit oder am Computer erarbeitet werden, f\u00fcr die Sch\u00fcler*innen der Klasse 7 \/ 8 entwickelt. Diese Aufgaben und Tests werden mit Hilfe eines Kompetenzanalyseverfahrens durchgef\u00fchrt und finden immer an drei Nachmittagen nach der 6. Stunde statt.<\/p>\n<p style=\"padding-left: 40px;\">Ihre Kinder sollen hiermit so gut wie m\u00f6glich auf ihrem pers\u00f6nlichen und beruflichen Weg unterst\u00fctzt werden<\/p>\n<ul>\n<li style=\"list-style-type: none;\">\n<ul>\n<li>bei der Entfaltung ihrer St\u00e4rken,<\/li>\n<li>auf dem Weg in eine selbstst\u00e4ndige Zukunft,<\/li>\n<li>beim Erlernen der notwendigen Fertigkeiten, damit sie in einer Ausbildung bestehen k\u00f6nnen,<\/li>\n<li>sp\u00e4ter als Orientierungshilfe bei der Berufswahl.<\/li>\n<\/ul>\n<\/li>\n<\/ul>\n<p style=\"padding-left: 40px;\">&nbsp;<\/p>\n<p style=\"padding-left: 40px;\">Die Ergebnisse dieses Verfahrens flie\u00dfen nicht in eine Zeugnisnote ein. Sie werden mit Ihnen und Ihrem Kind in einem ausf\u00fchrlichen Auswertungsgespr\u00e4ch erl\u00e4utert.<\/p>\n","protected":false},"excerpt":{"rendered":"<p>Kompetenzanalyse Profil AC Niedersachsen Wir m\u00f6chten Ihr Kind dabei unterst\u00fctzen, sich fr\u00fchzeitig seiner St\u00e4rken und Talente bewusst zu werden. Deshalb wurden spezielle Aufgaben und Tests, die sowohl in der Gruppe wie auch in der Einzelarbeit oder am Computer erarbeitet werden, f\u00fcr die Sch\u00fcler*innen der Klasse 7 \/ 8 entwickelt. Diese Aufgaben und Tests werden mit &hellip; <\/p>\n<p><a class=\"more-link btn\" href=\"https:\/\/www.realschule-altenwalde.de\/wordpress\/berufsorientierung\/jahrgang-7-staerken-entdecken\/\">Weiterlesen<\/a><\/p>\n","protected":false},"author":1,"featured_media":0,"parent":1062,"menu_order":2,"comment_status":"closed","ping_status":"closed","template":"","meta":{"ngg_post_thumbnail":0},"_links":{"self":[{"href":"https:\/\/www.realschule-altenwalde.de\/wordpress\/wp-json\/wp\/v2\/pages\/2139"}],"collection":[{"href":"https:\/\/www.realschule-altenwalde.de\/wordpress\/wp-json\/wp\/v2\/pages"}],"about":[{"href":"https:\/\/www.realschule-altenwalde.de\/wordpress\/wp-json\/wp\/v2\/types\/page"}],"author":[{"embeddable":true,"href":"https:\/\/www.realschule-altenwalde.de\/wordpress\/wp-json\/wp\/v2\/users\/1"}],"replies":[{"embeddable":true,"href":"https:\/\/www.realschule-altenwalde.de\/wordpress\/wp-json\/wp\/v2\/comments?post=2139"}],"version-history":[{"count":2,"href":"https:\/\/www.realschule-altenwalde.de\/wordpress\/wp-json\/wp\/v2\/pages\/2139\/revisions"}],"predecessor-version":[{"id":2153,"href":"https:\/\/www.realschule-altenwalde.de\/wordpress\/wp-json\/wp\/v2\/pages\/2139\/revisions\/2153"}],"up":[{"embeddable":true,"href":"https:\/\/www.realschule-altenwalde.de\/wordpress\/wp-json\/wp\/v2\/pages\/1062"}],"wp:attachment":[{"href":"https:\/\/www.realschule-altenwalde.de\/wordpress\/wp-json\/wp\/v2\/media?parent=2139"}],"curies":[{"name":"wp","href":"https:\/\/api.w.org\/{rel}","templated":true}]}}