{"id":2137,"date":"2020-12-18T16:41:23","date_gmt":"2020-12-18T15:41:23","guid":{"rendered":"https:\/\/www.realschule-altenwalde.de\/wordpress\/?page_id=2137"},"modified":"2020-12-18T17:06:54","modified_gmt":"2020-12-18T16:06:54","slug":"jahrgang-5-6-sensibilisieren","status":"publish","type":"page","link":"https:\/\/www.realschule-altenwalde.de\/wordpress\/berufsorientierung\/jahrgang-5-6-sensibilisieren\/","title":{"rendered":"\ud83d\udee0 Jahrgang 5\/6 &#8211; sensibilisieren"},"content":{"rendered":"<p style=\"padding-left: 40px;\"><strong>Zukunftstag f\u00fcr Jungen und M\u00e4dchen<br \/>\n<\/strong>Bereits seit 2001 gibt es in Deutschland den j\u00e4hrlich stattfindenden Zukunftstag. Anfangs noch als <em>Girlsday <\/em>bezeichnet, soll dieser Tag den M\u00e4dchen und Jungen die M\u00f6glichkeit bieten, ihnen Zukunftsperspektiven aufzuzeigen, die sie bisher in ihrer Planung eher nicht in Betracht gezogen haben. Viele Unternehmen bieten zu diesem Tag entsprechende Projekte und Aktionen an. Die Klassenlehrer*innen sowie die Wirtschaftslehrer*innen informieren Ihre Kinder gerne \u00fcber den Zukunftstag. Der n\u00e4chste Girls\u2018 und Boys\u2018 Day findet voraussichtlich zwischen M\u00e4rz und April statt.<\/p>\n<p style=\"padding-left: 40px;\"><strong>Berufe im Geschichtsunterricht<br \/>\n<\/strong>Im Fach Geschichte kommen die Sch\u00fcler*innen mit der Welt der Berufe in Ber\u00fchrung. Sie lernen hier, dass Berufe einem geschichtlichen Wandel unterliegen. So wird in der Unterrichtseinheit <em>Vorgeschichte <\/em>die Entstehung jungsteinzeitlicher Berufe betrachtet, au\u00dferdem lernen die Kinder typische Berufe der alten \u00c4gypter und R\u00f6mer kennen und setzten sich mit der Zunftordnung des Mittelalters auseinander.<\/p>\n<p style=\"padding-left: 40px;\"><strong>Werkunterricht im WPK-Bereich<br \/>\n<\/strong>In unserem WPK-Bereich haben die Sch\u00fcler*innen die M\u00f6glichkeit, den Kurs Werken zu w\u00e4hlen. Hier werden verschiedene Produkte aus Holz, Ton und Papier hergestellt. W\u00e4hrend des Unterrichts erlernen die Kinder den richtigen und sorgf\u00e4ltigen Umgang mit Werkzeug, planen ihren Arbeitsablauf, erproben individuelle Gestaltungsm\u00f6glichkeiten und \u00fcben Werktechniken. Das Gestalten und Reflektieren nimmt dabei einen hohen Stellenwert ein. Die Sch\u00fcler*innen erfahren dabei Wertsch\u00e4tzung f\u00fcr eigene und fremde handwerkliche Produkte.<\/p>\n","protected":false},"excerpt":{"rendered":"<p>Zukunftstag f\u00fcr Jungen und M\u00e4dchen Bereits seit 2001 gibt es in Deutschland den j\u00e4hrlich stattfindenden Zukunftstag. Anfangs noch als Girlsday bezeichnet, soll dieser Tag den M\u00e4dchen und Jungen die M\u00f6glichkeit bieten, ihnen Zukunftsperspektiven aufzuzeigen, die sie bisher in ihrer Planung eher nicht in Betracht gezogen haben. Viele Unternehmen bieten zu diesem Tag entsprechende Projekte und &hellip; <\/p>\n<p><a class=\"more-link btn\" href=\"https:\/\/www.realschule-altenwalde.de\/wordpress\/berufsorientierung\/jahrgang-5-6-sensibilisieren\/\">Weiterlesen<\/a><\/p>\n","protected":false},"author":1,"featured_media":0,"parent":1062,"menu_order":1,"comment_status":"closed","ping_status":"closed","template":"","meta":{"ngg_post_thumbnail":0},"_links":{"self":[{"href":"https:\/\/www.realschule-altenwalde.de\/wordpress\/wp-json\/wp\/v2\/pages\/2137"}],"collection":[{"href":"https:\/\/www.realschule-altenwalde.de\/wordpress\/wp-json\/wp\/v2\/pages"}],"about":[{"href":"https:\/\/www.realschule-altenwalde.de\/wordpress\/wp-json\/wp\/v2\/types\/page"}],"author":[{"embeddable":true,"href":"https:\/\/www.realschule-altenwalde.de\/wordpress\/wp-json\/wp\/v2\/users\/1"}],"replies":[{"embeddable":true,"href":"https:\/\/www.realschule-altenwalde.de\/wordpress\/wp-json\/wp\/v2\/comments?post=2137"}],"version-history":[{"count":3,"href":"https:\/\/www.realschule-altenwalde.de\/wordpress\/wp-json\/wp\/v2\/pages\/2137\/revisions"}],"predecessor-version":[{"id":2162,"href":"https:\/\/www.realschule-altenwalde.de\/wordpress\/wp-json\/wp\/v2\/pages\/2137\/revisions\/2162"}],"up":[{"embeddable":true,"href":"https:\/\/www.realschule-altenwalde.de\/wordpress\/wp-json\/wp\/v2\/pages\/1062"}],"wp:attachment":[{"href":"https:\/\/www.realschule-altenwalde.de\/wordpress\/wp-json\/wp\/v2\/media?parent=2137"}],"curies":[{"name":"wp","href":"https:\/\/api.w.org\/{rel}","templated":true}]}}