{"id":199,"date":"2018-04-24T20:09:19","date_gmt":"2018-04-24T18:09:19","guid":{"rendered":"http:\/\/www.realschule-altenwalde.de\/wordpress\/?page_id=199"},"modified":"2018-05-09T18:52:03","modified_gmt":"2018-05-09T16:52:03","slug":"schulordnung","status":"publish","type":"page","link":"https:\/\/www.realschule-altenwalde.de\/wordpress\/unsere-schule\/schulordnung\/","title":{"rendered":"\u2696\ufe0f Schulordnung"},"content":{"rendered":"<h3 style=\"padding-left: 30px;\"><strong>Geschwister-Scholl-Schule&nbsp; Realschule Altenwalde<\/strong><\/h3>\n<h4 style=\"padding-left: 30px;\"><strong>Schul- und Pausenordnung<\/strong><\/h4>\n<p style=\"padding-left: 30px;\">Es wird erwartet, h\u00f6flich, friedfertig und respektvoll miteinander umzugehen. Gewalt und Vandalismus wird an dieser Schule nicht geduldet.<\/p>\n<p style=\"padding-left: 30px;\">Mit dem 1. Klingeln (7:40 Uhr) begibst du dich in deinen Klassenraum. Wenn du Chemie, Biologie, Physik oder Sport hast, wartest du in der Pausenhalle und gehst mit dem jeweiligen Fachlehrer in den Unterricht.<\/p>\n<h5 style=\"padding-left: 30px;\">Pausenverhalten:<\/h5>\n<ul>\n<li style=\"padding-left: 30px;\">In den kleinen Pausen darfst du in den Klassenraum nur verlassen, wenn ein Raumwechsel stattfindet oder wenn du zur Toilette musst.<\/li>\n<li style=\"padding-left: 30px;\">Toiletten sind keine Spiel- und Aufenthaltr\u00e4ume. Sie sind sauber zu halten!<\/li>\n<li style=\"padding-left: 30px;\">Das Toben und Rennen in den Fluren ist verboten!<\/li>\n<li style=\"padding-left: 30px;\">Auch in den Klassenr\u00e4umen darf nicht getobt werden. Fremde Klassenr\u00e4ume sind tabu. Die T\u00fcren bleiben offen.<\/li>\n<li style=\"padding-left: 30px;\">Die T\u00fcren d\u00fcrfen nicht zugehalten oder absichtlich versperrt werden.<\/li>\n<li style=\"padding-left: 30px;\">Die gro\u00dfe Pause sollte drau\u00dfen an der frischen Luft verbracht werden.<\/li>\n<li style=\"padding-left: 30px;\">Jeder hat das Recht, ungest\u00f6rt auf dem Schulhof zu spielen. Das Ballspielen ist in bestimmten Bereichen erlaubt. Im Schulgeb\u00e4ude m\u00fcssen die B\u00e4lle getragen werden.<\/li>\n<li style=\"padding-left: 30px;\">Das Werfen mit Schneeb\u00e4llen, Zapfen und anderen Gegenst\u00e4nden kann zu Verletzungen f\u00fchren und ist deshalb nicht erlaubt.<\/li>\n<li style=\"padding-left: 30px;\">Der Verwaltungstrakt darf nur in Ausnahmef\u00e4llen betreten werden.<\/li>\n<\/ul>\n<p style=\"padding-left: 30px;\">Nach dem Unterricht stellst du deinen Stuhl hoch und hebst den M\u00fcll auf, der sich eventuell unter deinem Sitzplatz angesammelt hat.<\/p>\n<p style=\"padding-left: 30px;\">Aus Sicherheitsgr\u00fcnden darfst du die Mauer auf den unteren Schulhof, Treppen, Fensterb\u00e4nke und Gel\u00e4nder nicht als Sitzgelegenheit benutzen.<\/p>\n<p style=\"padding-left: 30px;\">Es ist ausdr\u00fccklich verboten, Waffen, gef\u00e4hrliche Gegenst\u00e4nde (wie z.B. Messer jeglicher Art) und Feuerwerksk\u00f6rper mit in die Schule zu nehmen. Siehe hierzu auch den Waffenerlass das nieders\u00e4chsischen Kultusministers vom 01.04.2008.<\/p>\n<p style=\"padding-left: 30px;\">Folgende Dinge sind auf dem Schulgel\u00e4nde und im Bereich der Bushaltestelle f\u00fcr alle verboten, also auch f\u00fcr dich: Rauchen, alkoholische Getr\u00e4nke, Drogen und Bet\u00e4ubungsmittel aller Art, Spucken und Kaugummikauen. Ebenso darfst du im Geb\u00e4ude keine Kopfbedeckung tragen.<\/p>\n<p style=\"padding-left: 30px;\">Falls du einmal krank wirst und deine Eltern dich nicht sofort telefonisch morgens im Sekretariat krank gemeldet haben, muss sp\u00e4testens am dritten Tage deiner Krankheit eine schriftliche Krankmeldung erfolgen, aus der die genaue Fehlzeit hervorgeht. Machst du das nicht, so gilt dein Fehlen als unentschuldigt!<\/p>\n<p style=\"padding-left: 30px;\">Wirst du w\u00e4hrend des Unterrichts krank, musst du deinen Klassen- oder Fachlehrer um Beurlaubung bitten. Du gehst dann sofort ins Sekretariat, von wo aus deine Eltern benachrichtigt werden. Du wirst dann dort abgeholt und verl\u00e4sst nicht alleine das Schulgeb\u00e4ude.<\/p>\n<p style=\"padding-left: 30px;\">Unf\u00e4lle auf dem Schulweg oder auf dem Schulgel\u00e4nde meldest du deinem Klassenlehrer oder dem aufsichtsf\u00fchrenden Lehrer. Falls ein Unfallbericht geschrieben werden muss, gibst du der Sekret\u00e4rin allen notwendigen Informationen.<\/p>\n<p style=\"padding-left: 30px;\">Das Schulgeb\u00e4ude darfst du w\u00e4hrend der Unterrichtszeit nicht verlassen. (Ausnahmen nur in Notf\u00e4llen mit Genehmigung eines Lehrers.)<\/p>\n<p style=\"padding-left: 30px;\">Der Gebrauch von elektronischen Ger\u00e4ten (Handys, Smartphones, MP3-Player, etc.) ist auf dem Schulgel\u00e4nde f\u00fcr alle Sch\u00fclerinnen und Sch\u00fcler grunds\u00e4tzlich untersagt. Dies gilt insbesondere auch w\u00e4hrend der Pausen. Die Ger\u00e4te d\u00fcrfen nicht sichtbar und nicht h\u00f6rbar sein. In Ausnahmef\u00e4llen darf nach vorheriger Absprache mit der gerade unterrichtenden Lehrkraft das Ger\u00e4t f\u00fcr unterrichtliche Zwecke f\u00fcr einen begrenzten Zeitraum verwendet werden. Sp\u00e4testens zum Ende der Unterrichtsstunde ist das Ger\u00e4t wieder zu entfernen. Bei Versto\u00df gegen diese Regelung wird das Ger\u00e4t von einer Lehrkraft in Gewahrsam genommen und ist fr\u00fchestens am Ende des n\u00e4chsten Schultages von einem Erziehungsberechtigten im Sekretariat abzuholen. Diese Regelung ist f\u00fcr alle Lehrkr\u00e4fte verbindlich zu handhaben.<\/p>\n<p style=\"padding-left: 30px;\">Mit meiner Unterschrift verpflichte ich mich, die Schulordnung der Geschwister-Scholl-Schule Realschule Altenwalde einzuhalten. Bei groben Verst\u00f6\u00dfen gegen die angef\u00fchrten Verhaltensregeln muss ich mit folgenden Ma\u00dfnahmen rechnen:<\/p>\n<p style=\"padding-left: 30px;\">1. Versto\u00df: Eintrag in die Sch\u00fclerakte, Ermahnung durch den Klassenlehrer<\/p>\n<p style=\"padding-left: 30px;\">2. Versto\u00df: Eintrag in die Sch\u00fclerakte, Erziehungsmittel, z.B.: schriftliche Er\u00f6rterung in einer Freistunde oder nachmittags, Eltern werden schriftlich informiert<\/p>\n<p style=\"padding-left: 30px;\">3. Versto\u00df: Eintrag in die Sch\u00fclerakte, Klassenlehrer bittet Eltern zum Gespr\u00e4ch, Androhung einer Klassenkonferenz<\/p>\n<p style=\"padding-left: 30px;\">4. Versto\u00df: Klassenlehrer entscheidet nach Beurteilung der Gesamtsituation, ob die Einberufung einer Klassenkonferenz erfolgen soll, um entsprechende Ma\u00dfnahmen anzusprechen.<\/p>\n<p>&nbsp;<\/p>\n<p style=\"padding-left: 30px;\">G\u00e4ste melden sich bitte beim Hausmeister oder im Sekretariat.<\/p>\n","protected":false},"excerpt":{"rendered":"<p>Geschwister-Scholl-Schule&nbsp; Realschule Altenwalde Schul- und Pausenordnung Es wird erwartet, h\u00f6flich, friedfertig und respektvoll miteinander umzugehen. Gewalt und Vandalismus wird an dieser Schule nicht geduldet. Mit dem 1. Klingeln (7:40 Uhr) begibst du dich in deinen Klassenraum. Wenn du Chemie, Biologie, Physik oder Sport hast, wartest du in der Pausenhalle und gehst mit dem jeweiligen Fachlehrer &hellip; <\/p>\n<p><a class=\"more-link btn\" href=\"https:\/\/www.realschule-altenwalde.de\/wordpress\/unsere-schule\/schulordnung\/\">Weiterlesen<\/a><\/p>\n","protected":false},"author":1,"featured_media":1056,"parent":4,"menu_order":12,"comment_status":"closed","ping_status":"closed","template":"","meta":{"ngg_post_thumbnail":0},"_links":{"self":[{"href":"https:\/\/www.realschule-altenwalde.de\/wordpress\/wp-json\/wp\/v2\/pages\/199"}],"collection":[{"href":"https:\/\/www.realschule-altenwalde.de\/wordpress\/wp-json\/wp\/v2\/pages"}],"about":[{"href":"https:\/\/www.realschule-altenwalde.de\/wordpress\/wp-json\/wp\/v2\/types\/page"}],"author":[{"embeddable":true,"href":"https:\/\/www.realschule-altenwalde.de\/wordpress\/wp-json\/wp\/v2\/users\/1"}],"replies":[{"embeddable":true,"href":"https:\/\/www.realschule-altenwalde.de\/wordpress\/wp-json\/wp\/v2\/comments?post=199"}],"version-history":[{"count":7,"href":"https:\/\/www.realschule-altenwalde.de\/wordpress\/wp-json\/wp\/v2\/pages\/199\/revisions"}],"predecessor-version":[{"id":736,"href":"https:\/\/www.realschule-altenwalde.de\/wordpress\/wp-json\/wp\/v2\/pages\/199\/revisions\/736"}],"up":[{"embeddable":true,"href":"https:\/\/www.realschule-altenwalde.de\/wordpress\/wp-json\/wp\/v2\/pages\/4"}],"wp:featuredmedia":[{"embeddable":true,"href":"https:\/\/www.realschule-altenwalde.de\/wordpress\/wp-json\/wp\/v2\/media\/1056"}],"wp:attachment":[{"href":"https:\/\/www.realschule-altenwalde.de\/wordpress\/wp-json\/wp\/v2\/media?parent=199"}],"curies":[{"name":"wp","href":"https:\/\/api.w.org\/{rel}","templated":true}]}}