{"id":1969,"date":"2020-04-23T19:31:51","date_gmt":"2020-04-23T17:31:51","guid":{"rendered":"http:\/\/www.realschule-altenwalde.de\/wordpress\/?page_id=1969"},"modified":"2023-01-14T15:11:49","modified_gmt":"2023-01-14T14:11:49","slug":"iserv","status":"publish","type":"page","link":"https:\/\/www.realschule-altenwalde.de\/wordpress\/iserv\/","title":{"rendered":"\ud83d\udcbb IServ"},"content":{"rendered":"<p><a href=\"https:\/\/rs-altenwalde.de\" target=\"_blank\" rel=\"noopener noreferrer\"><img loading=\"lazy\" class=\"size-full wp-image-1970 aligncenter\" src=\"http:\/\/www.realschule-altenwalde.de\/wordpress\/wp-content\/uploads\/2020\/04\/iserv.png\" alt=\"\" width=\"276\" height=\"87\" srcset=\"https:\/\/www.realschule-altenwalde.de\/wordpress\/wp-content\/uploads\/2020\/04\/iserv.png 276w, https:\/\/www.realschule-altenwalde.de\/wordpress\/wp-content\/uploads\/2020\/04\/iserv-100x32.png 100w\" sizes=\"(max-width: 276px) 100vw, 276px\" \/><\/a><\/p>\n<p style=\"padding-left: 40px;\">Hier gelangen Sie zu unserer digitalen Plattform &#8222;IServ&#8220;. Jedes Kind hat ein eigenes Konto mit Benutzernamen und Passwort. Stellen Sie bitte sicher, dass Sie jederzeit \u00fcber das Konto verf\u00fcgen k\u00f6nnen, um Informationen und Briefe, die Sie als Eltern und Erziehungsberechtigte betreffen, einsehen zu k\u00f6nnen.<\/p>\n<p style=\"padding-left: 40px;\">Der Accountname setzt sich in der Regel aus vorname.nachname zusammen (Ausnahmen best\u00e4tigen bekanntlich diese Regel). Bei Neueinrichtung wird ein vorl\u00e4ufiges Passwort zugeteilt, das beim ersten Login ge\u00e4ndert werden muss. Dabei gilt: je komplizierter das Passwort gestaltet wird (Mischung aus Gro\u00df- und Kleinbuchstaben, Zahlen und Sonderzeichen), umso weniger Zeichen werden ben\u00f6tigt.<\/p>\n<p style=\"padding-left: 40px;\">Bei Verwendung der <strong>IServ-App<\/strong> (die grunds\u00e4tzlich nicht ben\u00f6tigt wird und nicht immer zuverl\u00e4ssig Benachrichtigungen &#8222;pusht&#8220;) muss als <strong>Servername<\/strong> <strong>rs-altenwalde.de<\/strong> eingetragen werden&nbsp;<\/p>\n<h4 style=\"padding-left: 40px;\"><strong>Bei Problemen mit dem Zugang oder vergessenem Passwort, klicken Sie bitte <a href=\"https:\/\/www.realschule-altenwalde.de\/wordpress\/iserv\/probleme-mit-iserv\/\">hier<\/a><\/strong><\/h4>\n<h3 style=\"text-align: center;\"><a href=\"https:\/\/rs-altenwalde.de\" target=\"_blank\" rel=\"noopener noreferrer\">Hier geht es weiter&nbsp;zu IServ<\/a><\/h3>\n<p>&nbsp;<\/p>\n<p>&nbsp;<\/p>\n","protected":false},"excerpt":{"rendered":"<p>Hier gelangen Sie zu unserer digitalen Plattform &#8222;IServ&#8220;. Jedes Kind hat ein eigenes Konto mit Benutzernamen und Passwort. Stellen Sie bitte sicher, dass Sie jederzeit \u00fcber das Konto verf\u00fcgen k\u00f6nnen, um Informationen und Briefe, die Sie als Eltern und Erziehungsberechtigte betreffen, einsehen zu k\u00f6nnen. Der Accountname setzt sich in der Regel aus vorname.nachname zusammen (Ausnahmen &hellip; <\/p>\n<p><a class=\"more-link btn\" href=\"https:\/\/www.realschule-altenwalde.de\/wordpress\/iserv\/\">Weiterlesen<\/a><\/p>\n","protected":false},"author":1,"featured_media":1970,"parent":0,"menu_order":0,"comment_status":"closed","ping_status":"closed","template":"","meta":{"ngg_post_thumbnail":0},"_links":{"self":[{"href":"https:\/\/www.realschule-altenwalde.de\/wordpress\/wp-json\/wp\/v2\/pages\/1969"}],"collection":[{"href":"https:\/\/www.realschule-altenwalde.de\/wordpress\/wp-json\/wp\/v2\/pages"}],"about":[{"href":"https:\/\/www.realschule-altenwalde.de\/wordpress\/wp-json\/wp\/v2\/types\/page"}],"author":[{"embeddable":true,"href":"https:\/\/www.realschule-altenwalde.de\/wordpress\/wp-json\/wp\/v2\/users\/1"}],"replies":[{"embeddable":true,"href":"https:\/\/www.realschule-altenwalde.de\/wordpress\/wp-json\/wp\/v2\/comments?post=1969"}],"version-history":[{"count":11,"href":"https:\/\/www.realschule-altenwalde.de\/wordpress\/wp-json\/wp\/v2\/pages\/1969\/revisions"}],"predecessor-version":[{"id":2750,"href":"https:\/\/www.realschule-altenwalde.de\/wordpress\/wp-json\/wp\/v2\/pages\/1969\/revisions\/2750"}],"wp:featuredmedia":[{"embeddable":true,"href":"https:\/\/www.realschule-altenwalde.de\/wordpress\/wp-json\/wp\/v2\/media\/1970"}],"wp:attachment":[{"href":"https:\/\/www.realschule-altenwalde.de\/wordpress\/wp-json\/wp\/v2\/media?parent=1969"}],"curies":[{"name":"wp","href":"https:\/\/api.w.org\/{rel}","templated":true}]}}