{"id":1418,"date":"2018-11-27T15:24:28","date_gmt":"2018-11-27T14:24:28","guid":{"rendered":"http:\/\/www.realschule-altenwalde.de\/wordpress\/?page_id=1418"},"modified":"2023-01-14T14:50:11","modified_gmt":"2023-01-14T13:50:11","slug":"redaktion","status":"publish","type":"page","link":"https:\/\/www.realschule-altenwalde.de\/wordpress\/unsere-schule\/redaktion\/","title":{"rendered":"\ud83d\udcf0 Sch\u00fclerredaktion"},"content":{"rendered":"<h3>Wir sind die Sch\u00fclerredaktion<\/h3>\n<h5 style=\"padding-left: 30px;\">Hallo liebe Eltern, Lehrer, Sch\u00fcler und Co.<\/h5>\n<p style=\"padding-left: 30px;\">Wir sind die Sch\u00fclerredaktion des WPKs der Klasse 10.<\/p>\n<p style=\"padding-left: 30px;\">Im Rahmen der neuen Homepage wurde dieser WPK ins Leben gerufen. Hier berichten wir \u00fcber aktuelle Ereignisse der Schule, z.B. Veranstaltungen wie Sportfeste, bauliche Ver\u00e4nderungen wie die Entstehung neuer NW-R\u00e4ume, Renovierungsma\u00dfnahmen oder aktuelle Projekte.<\/p>\n<p style=\"padding-left: 30px;\">Eine \u00dcbersicht \u00fcber alle unsere Berichte findet ihr \/ finden Sie \u00fcber <a href=\"http:\/\/www.realschule-altenwalde.de\/wordpress\/category\/scholli-news\/\">diesen Link<\/a> oder rechts im Men\u00fc.<\/p>\n<p style=\"padding-left: 30px;\">Viel Spa\u00df beim Lesen w\u00fcnscht<\/p>\n<p style=\"padding-left: 30px;\">Die Sch\u00fclerredaktion &#8222;Scholli News&#8220;!<\/p>\n<p>&nbsp;<\/p>\n","protected":false},"excerpt":{"rendered":"<p>Wir sind die Sch\u00fclerredaktion Hallo liebe Eltern, Lehrer, Sch\u00fcler und Co. Wir sind die Sch\u00fclerredaktion des WPKs der Klasse 10. Im Rahmen der neuen Homepage wurde dieser WPK ins Leben gerufen. Hier berichten wir \u00fcber aktuelle Ereignisse der Schule, z.B. Veranstaltungen wie Sportfeste, bauliche Ver\u00e4nderungen wie die Entstehung neuer NW-R\u00e4ume, Renovierungsma\u00dfnahmen oder aktuelle Projekte. Eine &hellip; <\/p>\n<p><a class=\"more-link btn\" href=\"https:\/\/www.realschule-altenwalde.de\/wordpress\/unsere-schule\/redaktion\/\">Weiterlesen<\/a><\/p>\n","protected":false},"author":6,"featured_media":1672,"parent":4,"menu_order":9,"comment_status":"closed","ping_status":"closed","template":"","meta":{"ngg_post_thumbnail":0},"_links":{"self":[{"href":"https:\/\/www.realschule-altenwalde.de\/wordpress\/wp-json\/wp\/v2\/pages\/1418"}],"collection":[{"href":"https:\/\/www.realschule-altenwalde.de\/wordpress\/wp-json\/wp\/v2\/pages"}],"about":[{"href":"https:\/\/www.realschule-altenwalde.de\/wordpress\/wp-json\/wp\/v2\/types\/page"}],"author":[{"embeddable":true,"href":"https:\/\/www.realschule-altenwalde.de\/wordpress\/wp-json\/wp\/v2\/users\/6"}],"replies":[{"embeddable":true,"href":"https:\/\/www.realschule-altenwalde.de\/wordpress\/wp-json\/wp\/v2\/comments?post=1418"}],"version-history":[{"count":36,"href":"https:\/\/www.realschule-altenwalde.de\/wordpress\/wp-json\/wp\/v2\/pages\/1418\/revisions"}],"predecessor-version":[{"id":2749,"href":"https:\/\/www.realschule-altenwalde.de\/wordpress\/wp-json\/wp\/v2\/pages\/1418\/revisions\/2749"}],"up":[{"embeddable":true,"href":"https:\/\/www.realschule-altenwalde.de\/wordpress\/wp-json\/wp\/v2\/pages\/4"}],"wp:featuredmedia":[{"embeddable":true,"href":"https:\/\/www.realschule-altenwalde.de\/wordpress\/wp-json\/wp\/v2\/media\/1672"}],"wp:attachment":[{"href":"https:\/\/www.realschule-altenwalde.de\/wordpress\/wp-json\/wp\/v2\/media?parent=1418"}],"curies":[{"name":"wp","href":"https:\/\/api.w.org\/{rel}","templated":true}]}}