{"id":13,"date":"2018-04-23T20:04:30","date_gmt":"2018-04-23T18:04:30","guid":{"rendered":"http:\/\/www.realschule-altenwalde.de\/wordpress\/?page_id=13"},"modified":"2025-08-20T21:47:57","modified_gmt":"2025-08-20T19:47:57","slug":"lehrkraefte","status":"publish","type":"page","link":"https:\/\/www.realschule-altenwalde.de\/wordpress\/kollegium\/lehrkraefte\/","title":{"rendered":"\ud83d\udc65 Lehrkr\u00e4fte"},"content":{"rendered":"<p><img loading=\"lazy\" class=\"aligncenter size-large wp-image-3535\" src=\"https:\/\/www.realschule-altenwalde.de\/wordpress\/wp-content\/uploads\/2025\/08\/Kollegium25-1024x597.jpeg\" alt=\"\" width=\"750\" height=\"437\" srcset=\"https:\/\/www.realschule-altenwalde.de\/wordpress\/wp-content\/uploads\/2025\/08\/Kollegium25-1024x597.jpeg 1024w, https:\/\/www.realschule-altenwalde.de\/wordpress\/wp-content\/uploads\/2025\/08\/Kollegium25-300x175.jpeg 300w, https:\/\/www.realschule-altenwalde.de\/wordpress\/wp-content\/uploads\/2025\/08\/Kollegium25-768x448.jpeg 768w, https:\/\/www.realschule-altenwalde.de\/wordpress\/wp-content\/uploads\/2025\/08\/Kollegium25-1536x895.jpeg 1536w, https:\/\/www.realschule-altenwalde.de\/wordpress\/wp-content\/uploads\/2025\/08\/Kollegium25-2048x1194.jpeg 2048w, https:\/\/www.realschule-altenwalde.de\/wordpress\/wp-content\/uploads\/2025\/08\/Kollegium25-750x437.jpeg 750w, https:\/\/www.realschule-altenwalde.de\/wordpress\/wp-content\/uploads\/2025\/08\/Kollegium25-100x58.jpeg 100w\" sizes=\"(max-width: 750px) 100vw, 750px\" \/><\/p>\n<p style=\"padding-left: 30px;\">An unserer Schule unterrichten derzeit rund 30 Lehrkr\u00e4fte. Wenn Sie einen Gespr\u00e4chswunsch haben, k\u00f6nnen Sie \u00fcber das Sekretariat um einen R\u00fcckruf bitten oder Kontakt per Mail \u00fcber <a href=\"https:\/\/www.realschule-altenwalde.de\/wordpress\/iserv\/\">IServ<\/a> aufnehmen.&nbsp;<\/p>\n<p style=\"text-align: center;\">\n<table id=\"tablepress-1\" class=\"tablepress tablepress-id-1\">\n<thead>\n<tr class=\"row-1\">\n\t<th class=\"column-1\">&nbsp;<\/th><th class=\"column-2\">&nbsp;<\/th><th class=\"column-3\">Name<\/th><th class=\"column-4\">F\u00e4cher \/ Funktion<\/th><th class=\"column-5\">K\u00fcrzel<\/th>\n<\/tr>\n<\/thead>\n<tbody class=\"row-hover\">\n<tr class=\"row-2\">\n\t<td class=\"column-1\">Frau<\/td><td class=\"column-2\"><\/td><td class=\"column-3\">Andres<\/td><td class=\"column-4\">Deutsch, Politik<\/td><td class=\"column-5\">An<\/td>\n<\/tr>\n<tr class=\"row-3\">\n\t<td class=\"column-1\">Frau<\/td><td class=\"column-2\"><\/td><td class=\"column-3\">B\u00e4tzig<\/td><td class=\"column-4\">Englisch, Werte und Normen<\/td><td class=\"column-5\">B\u00e4<\/td>\n<\/tr>\n<tr class=\"row-4\">\n\t<td class=\"column-1\">Herr Dr.<\/td><td class=\"column-2\"><\/td><td class=\"column-3\">Behrens<\/td><td class=\"column-4\">Geschichte, Politik, Wirtschaft, ev. Religion<\/td><td class=\"column-5\">Be<\/td>\n<\/tr>\n<tr class=\"row-5\">\n\t<td class=\"column-1\">Frau<\/td><td class=\"column-2\"><\/td><td class=\"column-3\">Blaurock<\/td><td class=\"column-4\">Englisch, Biologie, ev. Religion<\/td><td class=\"column-5\">Bl<\/td>\n<\/tr>\n<tr class=\"row-6\">\n\t<td class=\"column-1\">Herr<\/td><td class=\"column-2\"><\/td><td class=\"column-3\">Bohlen<\/td><td class=\"column-4\">Deutsch, Sport<\/td><td class=\"column-5\">Bo<\/td>\n<\/tr>\n<tr class=\"row-7\">\n\t<td class=\"column-1\">Frau<\/td><td class=\"column-2\"><\/td><td class=\"column-3\">B\u00f6hme<\/td><td class=\"column-4\">Deutsch, Biologie, Sport<\/td><td class=\"column-5\">Bm<\/td>\n<\/tr>\n<tr class=\"row-8\">\n\t<td class=\"column-1\">Herr<\/td><td class=\"column-2\"><\/td><td class=\"column-3\">Christiansen<\/td><td class=\"column-4\">Englisch, Erdkunde, Sport<\/td><td class=\"column-5\">Cr<\/td>\n<\/tr>\n<tr class=\"row-9\">\n\t<td class=\"column-1\">Frau<\/td><td class=\"column-2\"><\/td><td class=\"column-3\">Espeja<\/td><td class=\"column-4\">P\u00e4d. Mitarbeiterin<\/td><td class=\"column-5\">Es<\/td>\n<\/tr>\n<tr class=\"row-10\">\n\t<td class=\"column-1\">Frau<\/td><td class=\"column-2\"><\/td><td class=\"column-3\">Fischer<\/td><td class=\"column-4\">Mathematik, Deutsch, Werken, Geschichte, Politik, Erdkunde<\/td><td class=\"column-5\">Fi<\/td>\n<\/tr>\n<tr class=\"row-11\">\n\t<td class=\"column-1\">Frau<\/td><td class=\"column-2\"><\/td><td class=\"column-3\">Giellert<\/td><td class=\"column-4\">Deutsch, Englisch<\/td><td class=\"column-5\">Gi<\/td>\n<\/tr>\n<tr class=\"row-12\">\n\t<td class=\"column-1\">Herr<\/td><td class=\"column-2\"><\/td><td class=\"column-3\">Gleisberg<\/td><td class=\"column-4\">Mathematik, Englisch, Erdkunde, Geschichte<\/td><td class=\"column-5\">Gb<\/td>\n<\/tr>\n<tr class=\"row-13\">\n\t<td class=\"column-1\">Herr<\/td><td class=\"column-2\"><\/td><td class=\"column-3\">Gro\u00dfmann<\/td><td class=\"column-4\">Mathematik, Erdkunde, Geschichte, Technik, Werken<\/td><td class=\"column-5\">Gr<\/td>\n<\/tr>\n<tr class=\"row-14\">\n\t<td class=\"column-1\">Herr<\/td><td class=\"column-2\"><\/td><td class=\"column-3\">Heuer<\/td><td class=\"column-4\">Geschichte, Politik, Erdkunde, Wirtschaft<\/td><td class=\"column-5\">He<\/td>\n<\/tr>\n<tr class=\"row-15\">\n\t<td class=\"column-1\">Herr<\/td><td class=\"column-2\"><\/td><td class=\"column-3\">Jung<\/td><td class=\"column-4\">Mathematik, Physik, Chemie, Wirtschaft<\/td><td class=\"column-5\">Jg<\/td>\n<\/tr>\n<tr class=\"row-16\">\n\t<td class=\"column-1\">Frau<\/td><td class=\"column-2\"><\/td><td class=\"column-3\">Kipp<\/td><td class=\"column-4\">Mathematik, Franz\u00f6sisch<\/td><td class=\"column-5\">Ki<\/td>\n<\/tr>\n<tr class=\"row-17\">\n\t<td class=\"column-1\">Herr<\/td><td class=\"column-2\"><\/td><td class=\"column-3\">Kobelt<\/td><td class=\"column-4\">Englisch, Sport<\/td><td class=\"column-5\">Kt<\/td>\n<\/tr>\n<tr class=\"row-18\">\n\t<td class=\"column-1\">Frau<\/td><td class=\"column-2\"><\/td><td class=\"column-3\">Kozlik<\/td><td class=\"column-4\">Englisch, Biologie, Gesundheit und Soziales<\/td><td class=\"column-5\">Ko<\/td>\n<\/tr>\n<tr class=\"row-19\">\n\t<td class=\"column-1\">Frau<\/td><td class=\"column-2\"><\/td><td class=\"column-3\">Lorenz<\/td><td class=\"column-4\">Deutsch, Kunst, Werte und Normen<\/td><td class=\"column-5\">Lo<\/td>\n<\/tr>\n<tr class=\"row-20\">\n\t<td class=\"column-1\">Frau<\/td><td class=\"column-2\"><\/td><td class=\"column-3\">Marx<\/td><td class=\"column-4\">Geschichte, Politik, Wirtschaft, Erdkunde, Mathematik<\/td><td class=\"column-5\">Mx<\/td>\n<\/tr>\n<tr class=\"row-21\">\n\t<td class=\"column-1\">Herr<\/td><td class=\"column-2\"><\/td><td class=\"column-3\">Merkel<\/td><td class=\"column-4\">Mathematik, Physik, Chemie, Informatik, <br \/>\nHomepage- und IServ-Verwaltung<\/td><td class=\"column-5\">Me<\/td>\n<\/tr>\n<tr class=\"row-22\">\n\t<td class=\"column-1\">Frau<\/td><td class=\"column-2\"><\/td><td class=\"column-3\">Meyer<\/td><td class=\"column-4\"><a href=\"http:\/\/www.realschule-altenwalde.de\/wordpress\/kollegium\/schulsozialarbeiterin\/\">Schulsozialarbeiterin<\/a><\/td><td class=\"column-5\">My<\/td>\n<\/tr>\n<tr class=\"row-23\">\n\t<td class=\"column-1\">Herr<\/td><td class=\"column-2\"><\/td><td class=\"column-3\">M\u00fcller<\/td><td class=\"column-4\">Werte und Normen, Spanisch, Gesundheit und Soziales<\/td><td class=\"column-5\">MM<\/td>\n<\/tr>\n<tr class=\"row-24\">\n\t<td class=\"column-1\">Frau<\/td><td class=\"column-2\"><\/td><td class=\"column-3\">M\u00fcller<\/td><td class=\"column-4\">Deutsch, Englisch, Geschichte<\/td><td class=\"column-5\">LM<\/td>\n<\/tr>\n<tr class=\"row-25\">\n\t<td class=\"column-1\">Herr<\/td><td class=\"column-2\"><\/td><td class=\"column-3\">Ohland-Schumacher<\/td><td class=\"column-4\">Deutsch, Sport, <br \/>\n<a href=\"http:\/\/www.realschule-altenwalde.de\/wordpress\/kollegium\/leitung-und-verwaltung\/\">Schulleitung<\/a><\/td><td class=\"column-5\">Oh<\/td>\n<\/tr>\n<tr class=\"row-26\">\n\t<td class=\"column-1\">Frau<\/td><td class=\"column-2\"><\/td><td class=\"column-3\">Rehr<\/td><td class=\"column-4\">Englisch, Biologie<\/td><td class=\"column-5\">Re<\/td>\n<\/tr>\n<tr class=\"row-27\">\n\t<td class=\"column-1\">Frau<\/td><td class=\"column-2\"><\/td><td class=\"column-3\">Rose<\/td><td class=\"column-4\">Deutsch, Englisch, Franz\u00f6sisch<\/td><td class=\"column-5\">Ro<\/td>\n<\/tr>\n<tr class=\"row-28\">\n\t<td class=\"column-1\">Frau<\/td><td class=\"column-2\"><\/td><td class=\"column-3\">Sommer<\/td><td class=\"column-4\">Deutsch, Wirtschaft, Gesundheit und Soziales, <br \/>\n<a href=\"http:\/\/www.realschule-altenwalde.de\/wordpress\/redaktion\/\">Sch\u00fclerredaktion \"Scholli-News\"<\/a>, <a href=\"http:\/\/www.realschule-altenwalde.de\/wordpress\/kollegium\/leitung-und-verwaltung\/#konrektor\">stellv. Schulleitung<\/a><\/td><td class=\"column-5\">Sr<\/td>\n<\/tr>\n<tr class=\"row-29\">\n\t<td class=\"column-1\">Frau<\/td><td class=\"column-2\"><\/td><td class=\"column-3\">Stache<\/td><td class=\"column-4\">Deutsch, Englisch, ev. Religion, Werte und Normen, <br \/>\n<a href=\"http:\/\/www.realschule-altenwalde.de\/wordpress\/unsere-schule\/schulsanitaetsdienst\/\">Schulsanit\u00e4tsdienst<\/a><\/td><td class=\"column-5\">St<\/td>\n<\/tr>\n<tr class=\"row-30\">\n\t<td class=\"column-1\">Herr<\/td><td class=\"column-2\"><\/td><td class=\"column-3\">von Geisau<\/td><td class=\"column-4\">Physik, Chemie, Sport<\/td><td class=\"column-5\">vG<\/td>\n<\/tr>\n<tr class=\"row-31\">\n\t<td class=\"column-1\">Frau<\/td><td class=\"column-2\"><\/td><td class=\"column-3\">Wittkopf<\/td><td class=\"column-4\">Mathematik, ev. Religion, Musik<\/td><td class=\"column-5\">Wi<\/td>\n<\/tr>\n<tr class=\"row-32\">\n\t<td class=\"column-1\">Herr<\/td><td class=\"column-2\"><\/td><td class=\"column-3\">Zarbel<\/td><td class=\"column-4\">Mathematik, Sport, Werte und Normen<\/td><td class=\"column-5\">Zb<\/td>\n<\/tr>\n<tr class=\"row-33\">\n\t<td class=\"column-1\">Frau<\/td><td class=\"column-2\"><\/td><td class=\"column-3\">Zurek<\/td><td class=\"column-4\">P\u00e4d. Mitarbeiterin<\/td><td class=\"column-5\">Zu<\/td>\n<\/tr>\n<\/tbody>\n<\/table>\n<!-- #tablepress-1 from cache --><\/p>\n","protected":false},"excerpt":{"rendered":"<p>An unserer Schule unterrichten derzeit rund 30 Lehrkr\u00e4fte. Wenn Sie einen Gespr\u00e4chswunsch haben, k\u00f6nnen Sie \u00fcber das Sekretariat um einen R\u00fcckruf bitten oder Kontakt per Mail \u00fcber IServ aufnehmen.&nbsp;<\/p>\n","protected":false},"author":1,"featured_media":2323,"parent":589,"menu_order":4,"comment_status":"closed","ping_status":"closed","template":"","meta":{"ngg_post_thumbnail":0},"_links":{"self":[{"href":"https:\/\/www.realschule-altenwalde.de\/wordpress\/wp-json\/wp\/v2\/pages\/13"}],"collection":[{"href":"https:\/\/www.realschule-altenwalde.de\/wordpress\/wp-json\/wp\/v2\/pages"}],"about":[{"href":"https:\/\/www.realschule-altenwalde.de\/wordpress\/wp-json\/wp\/v2\/types\/page"}],"author":[{"embeddable":true,"href":"https:\/\/www.realschule-altenwalde.de\/wordpress\/wp-json\/wp\/v2\/users\/1"}],"replies":[{"embeddable":true,"href":"https:\/\/www.realschule-altenwalde.de\/wordpress\/wp-json\/wp\/v2\/comments?post=13"}],"version-history":[{"count":70,"href":"https:\/\/www.realschule-altenwalde.de\/wordpress\/wp-json\/wp\/v2\/pages\/13\/revisions"}],"predecessor-version":[{"id":3536,"href":"https:\/\/www.realschule-altenwalde.de\/wordpress\/wp-json\/wp\/v2\/pages\/13\/revisions\/3536"}],"up":[{"embeddable":true,"href":"https:\/\/www.realschule-altenwalde.de\/wordpress\/wp-json\/wp\/v2\/pages\/589"}],"wp:featuredmedia":[{"embeddable":true,"href":"https:\/\/www.realschule-altenwalde.de\/wordpress\/wp-json\/wp\/v2\/media\/2323"}],"wp:attachment":[{"href":"https:\/\/www.realschule-altenwalde.de\/wordpress\/wp-json\/wp\/v2\/media?parent=13"}],"curies":[{"name":"wp","href":"https:\/\/api.w.org\/{rel}","templated":true}]}}