{"id":1069,"date":"2018-05-13T18:24:35","date_gmt":"2018-05-13T16:24:35","guid":{"rendered":"http:\/\/www.realschule-altenwalde.de\/wordpress\/?page_id=1069"},"modified":"2020-12-18T17:00:39","modified_gmt":"2020-12-18T16:00:39","slug":"betriebspraktikum","status":"publish","type":"page","link":"https:\/\/www.realschule-altenwalde.de\/wordpress\/berufsorientierung\/betriebspraktikum\/","title":{"rendered":"\ud83c\udfed Betriebspraktikum"},"content":{"rendered":"<p style=\"padding-left: 30px;\">Das Praktikum soll den Sch\u00fclerinnen und Sch\u00fclern einen ersten Einblick in die Berufs- und Arbeitswelt erm\u00f6glichen. An unserer Schule absolvieren die Jugendlichen zwei Praktika. Das erste Praktikum dauert zwei Wochen und findet in Klasse 8 statt. Das zweite Praktikum wird in Klasse 9 absolviert und dauert drei Wochen. W\u00e4hrend der Praktika finden Besuche in den Betrieben durch die Wirtschaftslehrer statt. Hier haben die Praktikanten die M\u00f6glichkeit ihren Betrieb und ihre Aufgaben vorzustellen. Auch offene Fragen k\u00f6nnen in den Gespr\u00e4chen gekl\u00e4rt werden.<\/p>\n<p style=\"padding-left: 30px;\">Um das Praktikum zu dokumentieren, m\u00fcssen die Sch\u00fclerinnen und Sch\u00fcler Tagesberichte schreiben sowie ein Praktikumsheft f\u00fchren. Dieses wird im Vorfeld durch die Lehrer ausgegeben und besprochen. Nach dem Praktikum werden Heft und Tagesberichte bewertet. Au\u00dferdem m\u00fcssen die Sch\u00fclerinnen und Sch\u00fcler ihr Praktikum in der Klasse vorstellen. Die Bewertung flie\u00dft in die Wirtschaftsnote ein.<\/p>\n<p style=\"padding-left: 30px;\">Der genaue Ablauf des Praktikums wird j\u00e4hrlich im Herbst auf einem Berufsorientierungs-Elternabend vorgestellt. Hier haben Sie als Eltern die M\u00f6glichkeit, rechtliche Fragestellungen oder Fragen bez\u00fcglich der Praktikumsorganisation zu kl\u00e4ren.&nbsp; Eltern des 8. Jahrgangs erhalten eine gesonderte Einladung.<\/p>\n","protected":false},"excerpt":{"rendered":"<p>Das Praktikum soll den Sch\u00fclerinnen und Sch\u00fclern einen ersten Einblick in die Berufs- und Arbeitswelt erm\u00f6glichen. An unserer Schule absolvieren die Jugendlichen zwei Praktika. Das erste Praktikum dauert zwei Wochen und findet in Klasse 8 statt. Das zweite Praktikum wird in Klasse 9 absolviert und dauert drei Wochen. W\u00e4hrend der Praktika finden Besuche in den &hellip; <\/p>\n<p><a class=\"more-link btn\" href=\"https:\/\/www.realschule-altenwalde.de\/wordpress\/berufsorientierung\/betriebspraktikum\/\">Weiterlesen<\/a><\/p>\n","protected":false},"author":1,"featured_media":1081,"parent":1062,"menu_order":0,"comment_status":"closed","ping_status":"closed","template":"","meta":{"ngg_post_thumbnail":0},"_links":{"self":[{"href":"https:\/\/www.realschule-altenwalde.de\/wordpress\/wp-json\/wp\/v2\/pages\/1069"}],"collection":[{"href":"https:\/\/www.realschule-altenwalde.de\/wordpress\/wp-json\/wp\/v2\/pages"}],"about":[{"href":"https:\/\/www.realschule-altenwalde.de\/wordpress\/wp-json\/wp\/v2\/types\/page"}],"author":[{"embeddable":true,"href":"https:\/\/www.realschule-altenwalde.de\/wordpress\/wp-json\/wp\/v2\/users\/1"}],"replies":[{"embeddable":true,"href":"https:\/\/www.realschule-altenwalde.de\/wordpress\/wp-json\/wp\/v2\/comments?post=1069"}],"version-history":[{"count":4,"href":"https:\/\/www.realschule-altenwalde.de\/wordpress\/wp-json\/wp\/v2\/pages\/1069\/revisions"}],"predecessor-version":[{"id":1519,"href":"https:\/\/www.realschule-altenwalde.de\/wordpress\/wp-json\/wp\/v2\/pages\/1069\/revisions\/1519"}],"up":[{"embeddable":true,"href":"https:\/\/www.realschule-altenwalde.de\/wordpress\/wp-json\/wp\/v2\/pages\/1062"}],"wp:featuredmedia":[{"embeddable":true,"href":"https:\/\/www.realschule-altenwalde.de\/wordpress\/wp-json\/wp\/v2\/media\/1081"}],"wp:attachment":[{"href":"https:\/\/www.realschule-altenwalde.de\/wordpress\/wp-json\/wp\/v2\/media?parent=1069"}],"curies":[{"name":"wp","href":"https:\/\/api.w.org\/{rel}","templated":true}]}}