{"id":1062,"date":"2018-05-13T18:16:01","date_gmt":"2018-05-13T16:16:01","guid":{"rendered":"http:\/\/www.realschule-altenwalde.de\/wordpress\/?page_id=1062"},"modified":"2025-02-20T08:23:32","modified_gmt":"2025-02-20T07:23:32","slug":"berufsorientierung","status":"publish","type":"page","link":"https:\/\/www.realschule-altenwalde.de\/wordpress\/berufsorientierung\/","title":{"rendered":"\ud83d\udee0 Berufsorientierung"},"content":{"rendered":"<p style=\"padding-left: 30px;\"><img loading=\"lazy\" class=\"alignleft wp-image-623 size-full\" src=\"http:\/\/www.realschule-altenwalde.de\/wordpress\/wp-content\/uploads\/2018\/05\/048979b6-2c5a-4614-abd5-df78a6888e20.jpeg\" alt=\"\" width=\"150\" height=\"84\" srcset=\"https:\/\/www.realschule-altenwalde.de\/wordpress\/wp-content\/uploads\/2018\/05\/048979b6-2c5a-4614-abd5-df78a6888e20.jpeg 150w, https:\/\/www.realschule-altenwalde.de\/wordpress\/wp-content\/uploads\/2018\/05\/048979b6-2c5a-4614-abd5-df78a6888e20-100x56.jpeg 100w\" sizes=\"(max-width: 150px) 100vw, 150px\" \/>In den vergangenen Jahren ist die Berufsorientierung ein wichtiger Pfeiler unserer Schule geworden.<\/p>\n<p style=\"padding-left: 30px;\">Verschiedene Ma\u00dfnahmen wie eine <a href=\"http:\/\/www.realschule-altenwalde.de\/wordpress\/berufsorientierung\/ac-kompetenzanalyse\/\">Kompetenzanalyse<\/a>, <a href=\"http:\/\/www.realschule-altenwalde.de\/wordpress\/berufsorientierung\/betriebspraktikum\/\">Betriebspraktika<\/a>, Lernen an au\u00dferschulischen Lernorten unter Mithilfe von Kooperationspartnern, sollen die Sch\u00fclerinnen und Sch\u00fcler ab Klasse 7 auf das berufliche Leben nach der Schule vorbereiten.&nbsp;<\/p>\n<p style=\"padding-left: 30px;\">Berufsorientierung kann an unserer Schule nur gelingen, weil alle Kolleginnen und Kollegen entsprechend ihrer F\u00e4cher in diese Aufgabe eingebunden sind. Ob es sich nun um ein Vorstellungsgespr\u00e4ch auf Englisch handelt oder um eine Pr\u00e4sentation im Fach Geschichte, ein Experiment in den Naturwissenschaften oder Fairplay und das Ein\u00fcben von Teamf\u00e4higkeit im Sportunterricht &#8211; jedes Fach tr\u00e4gt seinen Anteil am Berufsorientierungsprozess.&nbsp;<\/p>\n<p style=\"padding-left: 30px;\">Das \u201eAnkerfach\u201c der Berufsorientierung ist bei uns der Wirtschaftsunterricht. Hier werden zum Beispiel die Praktika betreut oder Bewerbungen und Vorstellungsgespr\u00e4che ge\u00fcbt.<br \/>\nBesonders erfreulich ist, dass wir in den Jahren 2015, 2018 und 2021 mit unserem Berufsorientierungskonzept zertifiziert wurden und daher das Zertifikat \u201e<a href=\"https:\/\/www.landesschulbehoerde-niedersachsen.de\/themen\/projekte\/schule-wirtschaft\" target=\"_blank\" rel=\"noopener\">proBerufsOrientierung! Schule-Wirtschaft<\/a>\u201c des Regionalen Landesamtes f\u00fcr Schule und Bildung (RLSB) f\u00fchren d\u00fcrfen.<\/p>\n<p>&nbsp;<\/p>\n","protected":false},"excerpt":{"rendered":"<p>In den vergangenen Jahren ist die Berufsorientierung ein wichtiger Pfeiler unserer Schule geworden. Verschiedene Ma\u00dfnahmen wie eine Kompetenzanalyse, Betriebspraktika, Lernen an au\u00dferschulischen Lernorten unter Mithilfe von Kooperationspartnern, sollen die Sch\u00fclerinnen und Sch\u00fcler ab Klasse 7 auf das berufliche Leben nach der Schule vorbereiten.&nbsp; Berufsorientierung kann an unserer Schule nur gelingen, weil alle Kolleginnen und Kollegen &hellip; <\/p>\n<p><a class=\"more-link btn\" href=\"https:\/\/www.realschule-altenwalde.de\/wordpress\/berufsorientierung\/\">Weiterlesen<\/a><\/p>\n","protected":false},"author":1,"featured_media":0,"parent":0,"menu_order":3,"comment_status":"closed","ping_status":"closed","template":"","meta":{"ngg_post_thumbnail":0},"_links":{"self":[{"href":"https:\/\/www.realschule-altenwalde.de\/wordpress\/wp-json\/wp\/v2\/pages\/1062"}],"collection":[{"href":"https:\/\/www.realschule-altenwalde.de\/wordpress\/wp-json\/wp\/v2\/pages"}],"about":[{"href":"https:\/\/www.realschule-altenwalde.de\/wordpress\/wp-json\/wp\/v2\/types\/page"}],"author":[{"embeddable":true,"href":"https:\/\/www.realschule-altenwalde.de\/wordpress\/wp-json\/wp\/v2\/users\/1"}],"replies":[{"embeddable":true,"href":"https:\/\/www.realschule-altenwalde.de\/wordpress\/wp-json\/wp\/v2\/comments?post=1062"}],"version-history":[{"count":7,"href":"https:\/\/www.realschule-altenwalde.de\/wordpress\/wp-json\/wp\/v2\/pages\/1062\/revisions"}],"predecessor-version":[{"id":3419,"href":"https:\/\/www.realschule-altenwalde.de\/wordpress\/wp-json\/wp\/v2\/pages\/1062\/revisions\/3419"}],"wp:attachment":[{"href":"https:\/\/www.realschule-altenwalde.de\/wordpress\/wp-json\/wp\/v2\/media?parent=1062"}],"curies":[{"name":"wp","href":"https:\/\/api.w.org\/{rel}","templated":true}]}}